{"id":65464,"date":"2026-03-27T15:36:15","date_gmt":"2026-03-27T14:36:15","guid":{"rendered":"https:\/\/conex.dk\/?page_id=65464"},"modified":"2026-03-27T15:37:50","modified_gmt":"2026-03-27T14:37:50","slug":"job","status":"publish","type":"page","link":"https:\/\/conex.dk\/en\/om-conex\/job\/","title":{"rendered":"Job: Healthcare Event Manager"},"content":{"rendered":"<p>[et_pb_section fb_built=&#8221;1&#8243; _builder_version=&#8221;4.16&#8243; background_color=&#8221;rgba(28,46,251,0.25)&#8221; background_image=&#8221;https:\/\/conex.dk\/wp-content\/uploads\/2019\/11\/ydelser-udstillingsadministration.jpg&#8221; background_blend=&#8221;overlay&#8221; custom_padding=&#8221;120px||120px||true|false&#8221; bottom_divider_height=&#8221;66px&#8221; global_colors_info=&#8221;{}&#8221;][et_pb_row _builder_version=&#8221;4.16&#8243; global_colors_info=&#8221;{}&#8221;][et_pb_column type=&#8221;4_4&#8243; _builder_version=&#8221;4.16&#8243; custom_padding=&#8221;|||&#8221; global_colors_info=&#8221;{}&#8221; custom_padding__hover=&#8221;|||&#8221;][et_pb_text _builder_version=&#8221;4.27.4&#8243; text_font=&#8221;Nunito||||||||&#8221; text_font_size=&#8221;15px&#8221; header_font=&#8221;Poppins|700||on|||||&#8221; header_text_align=&#8221;left&#8221; header_text_color=&#8221;#ffffff&#8221; header_font_size=&#8221;40px&#8221; header_line_height=&#8221;1.3em&#8221; custom_margin=&#8221;-28px|||&#8221; header_font_size_tablet=&#8221;&#8221; header_font_size_phone=&#8221;25px&#8221; header_font_size_last_edited=&#8221;on|phone&#8221; global_colors_info=&#8221;{}&#8221;]<\/p>\n<h1>Job hos ConEx<\/h1>\n<p>[\/et_pb_text][\/et_pb_column][\/et_pb_row][\/et_pb_section][et_pb_section fb_built=&#8221;1&#8243; _builder_version=&#8221;4.16&#8243; background_enable_color=&#8221;off&#8221; custom_padding=&#8221;40px|0px|40px|0px|true|false&#8221; global_colors_info=&#8221;{}&#8221;][et_pb_row column_structure=&#8221;3_5,2_5&#8243; use_custom_gutter=&#8221;on&#8221; make_equal=&#8221;on&#8221; padding_top_bottom_link_1=&#8221;false&#8221; _builder_version=&#8221;4.16&#8243; global_colors_info=&#8221;{}&#8221;][et_pb_column type=&#8221;3_5&#8243; _builder_version=&#8221;4.16&#8243; custom_padding=&#8221;12px||35px|&#8221; custom_padding_tablet=&#8221;&#8221; custom_padding_phone=&#8221;0px||0px&#8221; custom_padding_last_edited=&#8221;on|desktop&#8221; global_colors_info=&#8221;{}&#8221; custom_padding__hover=&#8221;|||&#8221;][et_pb_text _builder_version=&#8221;4.27.6&#8243; text_font=&#8221;Poppins|&#8211;et_global_body_font_weight|||||||&#8221; text_text_color=&#8221;#000000&#8243; text_font_size=&#8221;18px&#8221; text_line_height=&#8221;1.2em&#8221; header_2_font=&#8221;|700||on|||||&#8221; header_2_font_size=&#8221;30px&#8221; header_2_line_height=&#8221;1.2em&#8221; custom_padding=&#8221;|||&#8221; text_font_size_tablet=&#8221;&#8221; text_font_size_phone=&#8221;25px&#8221; text_font_size_last_edited=&#8221;on|desktop&#8221; text_line_height_phone=&#8221;1.5em&#8221; text_line_height_last_edited=&#8221;off|phone&#8221; global_colors_info=&#8221;{}&#8221;]<\/p>\n<h2><span>Healthcare Event Manager<\/span><\/h2>\n<p>\u2013 udstillerrelationer og sundhedskongresser<\/p>\n<p>[\/et_pb_text][et_pb_text _builder_version=&#8221;4.27.6&#8243; text_font=&#8221;|300|||||||&#8221; text_text_color=&#8221;#000000&#8243; text_line_height=&#8221;1.8em&#8221; custom_margin=&#8221;-19px|||&#8221; global_colors_info=&#8221;{}&#8221;]<\/p>\n<p>ConEx arbejder med planl\u00e6gning og koordinering af udstillinger i forbindelse med sundhedsfaglige m\u00f8der, konferencer og kongresser. Vi hj\u00e6lper arrang\u00f8rer med at planl\u00e6gge udstillingsdelen og sikrer, at virksomheder og udstillere f\u00e5r en professionel og velfungerende platform for dialog med sundhedssektoren.<\/p>\n<p>Vi s\u00f8ger en <strong>Healthcare Event Manager<\/strong> til ca. 20 timer, som kan overtage en r\u00e6kke centrale opgaver og v\u00e6re med til at styrke relationerne til udstillere og samarbejdspartnere i sundhedsbranchen.<\/p>\n<p>ConEx har base i <strong>K\u00f8ge<\/strong>, men vores arrangementer finder sted over hele Danmark, hvorfor k\u00f8rsel m\u00e5 p\u00e5regnes.<\/p>\n<h3>Arbejdsopgaver<\/h3>\n<p><strong>Udstillerkontakt og relationsarbejde<\/strong><\/p>\n<ul>\n<li aria-level=\"1\">Kontakt til eksisterende og potentielle udstillere i sundhedsbranchen<\/li>\n<li aria-level=\"1\">Afd\u00e6kke udstillernes behov i forbindelse med kommende arrangementer<\/li>\n<li aria-level=\"1\">Opbygge og vedligeholde st\u00e6rke relationer til virksomheder i branchen<\/li>\n<li aria-level=\"1\">Sikre god dialog og service overfor udstillere f\u00f8r, under og efter arrangementer<\/li>\n<\/ul>\n<p><strong>Planl\u00e6gning af udstillinger<\/strong><\/p>\n<ul>\n<li aria-level=\"1\">Koordinering af udstillingsomr\u00e5der ved sundhedskongresser og m\u00f8der<\/li>\n<li aria-level=\"1\">Planl\u00e6gning af aktiviteter som fx Innovation Walks<\/li>\n<li aria-level=\"1\">Samarbejde med bestyrelser og faglige planl\u00e6gningsgrupper bag arrangementerne<\/li>\n<\/ul>\n<p><strong>CRM og administration<\/strong><\/p>\n<ul>\n<li aria-level=\"1\">Arbejde i ConEx\u2019 eget udviklede CRM-system, <strong>ExhibitionFlow<\/strong><\/li>\n<li aria-level=\"1\">Registrering og opf\u00f8lgning p\u00e5 udstillere, standbookinger og kontrakter<\/li>\n<li aria-level=\"1\">Strukturering af udstillerinformation og l\u00f8bende opf\u00f8lgning<\/li>\n<\/ul>\n<p><strong>Udvikling<\/strong><\/p>\n<ul>\n<li aria-level=\"1\">Bidrage til udvikling af nye sundhedsrelaterede arrangementer<\/li>\n<li aria-level=\"1\">Arbejde med <strong>konceptudvikling og nudging<\/strong>, der kan styrke deltagelse, samarbejde og udstilleroplevelse<\/li>\n<li aria-level=\"1\">Medvirke til at styrke ConEx\u2019 rolle i planl\u00e6gning og gennemf\u00f8relse af m\u00f8der og konferencer<\/li>\n<\/ul>\n<h3>Vi s\u00f8ger en person som<\/h3>\n<ul>\n<li aria-level=\"1\">har erfaring med <strong>CRM-systemer og struktureret kundeh\u00e5ndtering<\/strong><\/li>\n<li aria-level=\"1\">har interesse for eller erfaring fra <strong>sundhedssektoren<\/strong><\/li>\n<li aria-level=\"1\">er ops\u00f8gende og trives med <strong>relations arbejde og kontakt til virksomheder<\/strong><\/li>\n<li aria-level=\"1\">har forst\u00e5else for <strong>konceptudvikling og nudging<\/strong> i forbindelse med arrangementer<\/li>\n<li aria-level=\"1\">arbejder struktureret og selvst\u00e6ndigt<\/li>\n<li aria-level=\"1\">har lyst til at v\u00e6re en del af en virksomhed i udvikling<\/li>\n<\/ul>\n<h3>Det er en fordel hvis du<\/h3>\n<ul>\n<li aria-level=\"1\">har erfaring med events, kongresser eller messer<\/li>\n<li aria-level=\"1\">har arbejdet med B2B samarbejde eller partnerskaber<\/li>\n<li aria-level=\"1\">har erfaring med planl\u00e6gning eller koordinering af arrangementer<\/li>\n<\/ul>\n<h3>Om arbejdspladsen<\/h3>\n<p>Arbejdspladsen er <strong>jordn\u00e6r og uformel<\/strong>, og vi l\u00e6gger v\u00e6gt p\u00e5 samarbejde, fleksibilitet og en praktisk tilgang til opgaverne. Der er kort vej fra id\u00e9 til handling, og alle bidrager til at f\u00e5 arrangementerne til at fungere i praksis.<\/p>\n<h3>Yderligere information og ans\u00f8gning<\/h3>\n<p>For yderligere information bedes du kontakte Jan Nordkvist p\u00e5 <a href=\"mailto:jnt@conex.dk\">jnt@conex.dk<\/a> eller p\u00e5 30965264.<\/p>\n<p>[\/et_pb_text][\/et_pb_column][et_pb_column type=&#8221;2_5&#8243; _builder_version=&#8221;4.16&#8243; background_enable_image=&#8221;off&#8221; custom_padding=&#8221;|||&#8221; global_colors_info=&#8221;{}&#8221; custom_padding__hover=&#8221;|||&#8221;][et_pb_image src=&#8221;https:\/\/conex.dk\/wp-content\/uploads\/2019\/12\/konference-14-1024&#215;683.jpg&#8221; _builder_version=&#8221;4.16&#8243; global_colors_info=&#8221;{}&#8221;][\/et_pb_image][et_pb_image src=&#8221;https:\/\/conex.dk\/wp-content\/uploads\/2019\/12\/konference-1-1024&#215;683.jpg&#8221; _builder_version=&#8221;4.16&#8243; global_colors_info=&#8221;{}&#8221;][\/et_pb_image][et_pb_image src=&#8221;https:\/\/conex.dk\/wp-content\/uploads\/2019\/12\/konference-12-1024&#215;683.jpg&#8221; _builder_version=&#8221;4.16&#8243; global_colors_info=&#8221;{}&#8221;][\/et_pb_image][et_pb_image src=&#8221;https:\/\/conex.dk\/wp-content\/uploads\/2019\/12\/udstilling-4-683&#215;1024.jpg&#8221; _builder_version=&#8221;4.16&#8243; global_colors_info=&#8221;{}&#8221;][\/et_pb_image][\/et_pb_column][\/et_pb_row][\/et_pb_section]<\/p>\n","protected":false},"excerpt":{"rendered":"<p>Job hos ConExHealthcare Event Manager \u2013 udstillerrelationer og sundhedskongresserConEx arbejder med planl\u00e6gning og koordinering af udstillinger i forbindelse med sundhedsfaglige m\u00f8der, konferencer og kongresser. Vi hj\u00e6lper arrang\u00f8rer med at planl\u00e6gge udstillingsdelen og sikrer, at virksomheder og udstillere f\u00e5r en professionel og velfungerende platform for dialog med sundhedssektoren. Vi s\u00f8ger en Healthcare Event Manager til ca. 20 timer, som kan overtage en r\u00e6kke centrale opgaver og v\u00e6re med til at styrke relationerne til udstillere og samarbejdspartnere i sundhedsbranchen. ConEx har base i K\u00f8ge, men vores arrangementer finder sted over hele Danmark, hvorfor k\u00f8rsel m\u00e5 p\u00e5regnes. Arbejdsopgaver Udstillerkontakt og relationsarbejde Kontakt til eksisterende og potentielle udstillere i sundhedsbranchen Afd\u00e6kke udstillernes behov i forbindelse med kommende arrangementer Opbygge og vedligeholde st\u00e6rke relationer til virksomheder i branchen Sikre god dialog og service overfor udstillere f\u00f8r, under og efter arrangementer Planl\u00e6gning af udstillinger Koordinering af udstillingsomr\u00e5der ved sundhedskongresser og m\u00f8der Planl\u00e6gning af aktiviteter som fx Innovation Walks Samarbejde med bestyrelser og faglige planl\u00e6gningsgrupper bag arrangementerne CRM og administration Arbejde i ConEx\u2019 eget udviklede CRM-system, ExhibitionFlow Registrering og opf\u00f8lgning p\u00e5 udstillere, standbookinger og kontrakter Strukturering af udstillerinformation og l\u00f8bende opf\u00f8lgning Udvikling Bidrage til udvikling af nye sundhedsrelaterede arrangementer Arbejde med konceptudvikling og nudging, der kan styrke [&hellip;]<\/p>\n","protected":false},"author":1,"featured_media":0,"parent":49469,"menu_order":0,"comment_status":"closed","ping_status":"closed","template":"","meta":{"_acf_changed":false,"xn-wppe-expiration":[],"xn-wppe-expiration-action":[],"xn-wppe-expiration-prefix":[],"_et_pb_use_builder":"on","_et_pb_old_content":"","_et_gb_content_width":"","footnotes":""},"class_list":["post-65464","page","type-page","status-publish","hentry"],"acf":[],"_links":{"self":[{"href":"https:\/\/conex.dk\/en\/wp-json\/wp\/v2\/pages\/65464","targetHints":{"allow":["GET"]}}],"collection":[{"href":"https:\/\/conex.dk\/en\/wp-json\/wp\/v2\/pages"}],"about":[{"href":"https:\/\/conex.dk\/en\/wp-json\/wp\/v2\/types\/page"}],"author":[{"embeddable":true,"href":"https:\/\/conex.dk\/en\/wp-json\/wp\/v2\/users\/1"}],"replies":[{"embeddable":true,"href":"https:\/\/conex.dk\/en\/wp-json\/wp\/v2\/comments?post=65464"}],"version-history":[{"count":8,"href":"https:\/\/conex.dk\/en\/wp-json\/wp\/v2\/pages\/65464\/revisions"}],"predecessor-version":[{"id":65477,"href":"https:\/\/conex.dk\/en\/wp-json\/wp\/v2\/pages\/65464\/revisions\/65477"}],"up":[{"embeddable":true,"href":"https:\/\/conex.dk\/en\/wp-json\/wp\/v2\/pages\/49469"}],"wp:attachment":[{"href":"https:\/\/conex.dk\/en\/wp-json\/wp\/v2\/media?parent=65464"}],"curies":[{"name":"wp","href":"https:\/\/api.w.org\/{rel}","templated":true}]}}