{"id":64742,"date":"2025-10-09T09:31:45","date_gmt":"2025-10-09T07:31:45","guid":{"rendered":"https:\/\/conex.dk\/?page_id=64742"},"modified":"2025-10-09T09:31:48","modified_gmt":"2025-10-09T07:31:48","slug":"kommende-arrangementer","status":"publish","type":"page","link":"https:\/\/conex.dk\/en\/kommende-arrangementer\/","title":{"rendered":"Coming Exhibitions"},"content":{"rendered":"<p>[et_pb_section fb_built=&#8221;1&#8243; _builder_version=&#8221;4.16&#8243; background_color=&#8221;rgba(28,46,251,0.25)&#8221; background_image=&#8221;https:\/\/conex.dk\/wp-content\/uploads\/2019\/12\/udstilling-13.jpg&#8221; background_blend=&#8221;overlay&#8221; custom_padding=&#8221;0px||0px||true|false&#8221; bottom_divider_height=&#8221;66px&#8221; global_colors_info=&#8221;{}&#8221;][et_pb_row _builder_version=&#8221;4.16&#8243; global_colors_info=&#8221;{}&#8221;][et_pb_column type=&#8221;4_4&#8243; _builder_version=&#8221;4.16&#8243; custom_padding=&#8221;|||&#8221; global_colors_info=&#8221;{}&#8221; custom_padding__hover=&#8221;|||&#8221;][et_pb_text _builder_version=&#8221;4.16&#8243; text_font=&#8221;Nunito||||||||&#8221; text_font_size=&#8221;15px&#8221; header_font=&#8221;Poppins|700||on|||||&#8221; header_text_align=&#8221;left&#8221; header_text_color=&#8221;#ffffff&#8221; header_font_size=&#8221;40px&#8221; header_line_height=&#8221;1.3em&#8221; custom_margin=&#8221;-28px|||&#8221; header_font_size_tablet=&#8221;&#8221; header_font_size_phone=&#8221;25px&#8221; header_font_size_last_edited=&#8221;on|phone&#8221; global_colors_info=&#8221;{}&#8221;]<\/p>\n<h1>Kommende arrangementer<\/h1>\n<p>[\/et_pb_text][\/et_pb_column][\/et_pb_row][\/et_pb_section][et_pb_section fb_built=&#8221;1&#8243; _builder_version=&#8221;4.27.4&#8243; global_colors_info=&#8221;{}&#8221;][et_pb_row _builder_version=&#8221;4.17.4&#8243; _module_preset=&#8221;default&#8221; global_colors_info=&#8221;{}&#8221;][et_pb_column type=&#8221;4_4&#8243; _builder_version=&#8221;4.17.4&#8243; _module_preset=&#8221;default&#8221; global_colors_info=&#8221;{}&#8221;][et_pb_text _builder_version=&#8221;4.27.4&#8243; _module_preset=&#8221;default&#8221; text_font_size=&#8221;59px&#8221; global_colors_info=&#8221;{}&#8221;]<\/p>\n<h1 style=\"text-align: center;\">Kommende arrangementer<\/h1>\n<p>[\/et_pb_text][\/et_pb_column][\/et_pb_row][et_pb_row _builder_version=&#8221;4.27.4&#8243; _module_preset=&#8221;default&#8221; global_colors_info=&#8221;{}&#8221;][et_pb_column type=&#8221;4_4&#8243; _builder_version=&#8221;4.27.4&#8243; _module_preset=&#8221;default&#8221; global_colors_info=&#8221;{}&#8221;][et_pb_code _builder_version=&#8221;4.27.4&#8243; _module_preset=&#8221;default&#8221; global_colors_info=&#8221;{}&#8221;]    <div class=\"arrangementer-archive\">\n\n        <div class=\"arrangementer-grid\">\n                            <div class=\"arrangement-card\">\n                    <a href=\"https:\/\/conex.dk\/en\/arrangementer\/lederforeningen-i-dansk-sygeplejeraad-dsr\/\">\n                                                    <div class=\"arrangement-logo\">\n                                <img loading=\"lazy\" decoding=\"async\" width=\"300\" height=\"300\" src=\"https:\/\/conex.dk\/wp-content\/uploads\/2025\/10\/Lederforening.jpg-300x300.webp\" class=\"attachment-medium size-medium wp-post-image\" alt=\"\" title=\"\">                            <\/div>\n                        \n                        <h3 class=\"arrangement-title\">DSR &#8211; Lederforeningen i Dansk Sygeplejer\u00e5d 2026<\/h3>\n\n                                                <p class=\"arrangement-date\">\n                                                            Dato: 14 -14 april 2026                                                    <\/p>\n                                                    <p class=\"arrangement-place\">Sted: Hotel Nyborg Strand \u00d8ster\u00f8vej<\/p>\n                        \n                        <button class=\"arrangement-button\">Se mere<\/button>\n                    <\/a>\n                <\/div>\n                            <div class=\"arrangement-card\">\n                    <a href=\"https:\/\/conex.dk\/en\/arrangementer\/dansk-selskab-for-otorhinolaryngologihoved-halskirurgi-aarsmoede-dsohh\/\">\n                                                    <div class=\"arrangement-logo\">\n                                <img loading=\"lazy\" decoding=\"async\" width=\"300\" height=\"280\" src=\"https:\/\/conex.dk\/wp-content\/uploads\/2025\/10\/Logo-hjemmeside-DSOHH.png-300x280.webp\" class=\"attachment-medium size-medium wp-post-image\" alt=\"\" srcset=\"https:\/\/conex.dk\/wp-content\/uploads\/2025\/10\/Logo-hjemmeside-DSOHH.png-300x280.webp 300w, https:\/\/conex.dk\/wp-content\/uploads\/2025\/10\/Logo-hjemmeside-DSOHH.png-13x12.webp 13w, https:\/\/conex.dk\/wp-content\/uploads\/2025\/10\/Logo-hjemmeside-DSOHH.png.webp 431w\" sizes=\"(max-width: 300px) 100vw, 300px\" title=\"\">                            <\/div>\n                        \n                        <h3 class=\"arrangement-title\">DSOHH &#8211; Dansk Selskab for Otorhinolaryngologi,Hoved- &amp; Halskirurgi \u00c5rsm\u00f8de<\/h3>\n\n                                                <p class=\"arrangement-date\">\n                                                            Dato: 16 -17 april 2026                                                    <\/p>\n                                                    <p class=\"arrangement-place\">Sted: Hotel Nyborg Strand \u00d8ster\u00f8vej<\/p>\n                        \n                        <button class=\"arrangement-button\">Se mere<\/button>\n                    <\/a>\n                <\/div>\n                            <div class=\"arrangement-card\">\n                    <a href=\"https:\/\/conex.dk\/en\/arrangementer\/danish-society-of-nephrology-dns-3\/\">\n                                                    <div class=\"arrangement-logo\">\n                                <img loading=\"lazy\" decoding=\"async\" width=\"192\" height=\"184\" src=\"https:\/\/conex.dk\/wp-content\/uploads\/2025\/10\/DNS.jpg\" class=\"attachment-medium size-medium wp-post-image\" alt=\"\" srcset=\"https:\/\/conex.dk\/wp-content\/uploads\/2025\/10\/DNS.jpg 192w, https:\/\/conex.dk\/wp-content\/uploads\/2025\/10\/DNS-13x12.jpg 13w\" sizes=\"(max-width: 192px) 100vw, 192px\" title=\"\">                            <\/div>\n                        \n                        <h3 class=\"arrangement-title\">DNS &#8211; Dansk Nefrologisk Selskabs \u00e5rsm\u00f8de 2026<\/h3>\n\n                                                <p class=\"arrangement-date\">\n                                                            Dato: 8 -9 may 2026                                                    <\/p>\n                                                    <p class=\"arrangement-place\">Sted: Aarhus universitet<\/p>\n                        \n                        <button class=\"arrangement-button\">Se mere<\/button>\n                    <\/a>\n                <\/div>\n                            <div class=\"arrangement-card\">\n                    <a href=\"https:\/\/conex.dk\/en\/arrangementer\/dansk-selskab-for-gastroenterologi-og-hepatologi-y-dsgh-sommermoede-25\/\">\n                                                    <div class=\"arrangement-logo\">\n                                <img loading=\"lazy\" decoding=\"async\" width=\"300\" height=\"265\" src=\"https:\/\/conex.dk\/wp-content\/uploads\/2025\/10\/DSGH-hjemmeside.png-300x265.webp\" class=\"attachment-medium size-medium wp-post-image\" alt=\"\" srcset=\"https:\/\/conex.dk\/wp-content\/uploads\/2025\/10\/DSGH-hjemmeside.png-300x265.webp 300w, https:\/\/conex.dk\/wp-content\/uploads\/2025\/10\/DSGH-hjemmeside.png-14x12.webp 14w, https:\/\/conex.dk\/wp-content\/uploads\/2025\/10\/DSGH-hjemmeside.png.webp 372w\" sizes=\"(max-width: 300px) 100vw, 300px\" title=\"\">                            <\/div>\n                        \n                        <h3 class=\"arrangement-title\">Y-DSGH &#8211; Dansk Selskab for Gastroenterologi og Hepatologi Sommerm\u00f8de<\/h3>\n\n                                                <p class=\"arrangement-date\">\n                                                            Dato: 12 june 2026                                                    <\/p>\n                                                    <p class=\"arrangement-place\">Sted: Severin Skovsvinget<\/p>\n                        \n                        <button class=\"arrangement-button\">Se mere<\/button>\n                    <\/a>\n                <\/div>\n                            <div class=\"arrangement-card\">\n                    <a href=\"https:\/\/conex.dk\/en\/arrangementer\/liv-i-lyngby-2026\/\">\n                                                    <div class=\"arrangement-logo\">\n                                <img loading=\"lazy\" decoding=\"async\" width=\"300\" height=\"300\" src=\"https:\/\/conex.dk\/wp-content\/uploads\/2025\/10\/02d9a98f-1c6d-4932-8f28-17f8f24f1ce2-300x300.png\" class=\"attachment-medium size-medium wp-post-image\" alt=\"\" title=\"\">                            <\/div>\n                        \n                        <h3 class=\"arrangement-title\">Liv i Lyngby 2026<\/h3>\n\n                                                <p class=\"arrangement-date\">\n                                                            Dato: 4 -5 september 2026                                                    <\/p>\n                                                    <p class=\"arrangement-place\">Sted: Lyngby Hovedgade og bycentrum samt Ulrikkenborg Plads<\/p>\n                        \n                        <button class=\"arrangement-button\">Se mere<\/button>\n                    <\/a>\n                <\/div>\n                            <div class=\"arrangement-card\">\n                    <a href=\"https:\/\/conex.dk\/en\/arrangementer\/dsgh-aarsmoede-2025-2\/\">\n                                                    <div class=\"arrangement-logo\">\n                                <img loading=\"lazy\" decoding=\"async\" width=\"300\" height=\"102\" src=\"https:\/\/conex.dk\/wp-content\/uploads\/2025\/11\/dsghfrontlogo-1-300x102.png\" class=\"attachment-medium size-medium wp-post-image\" alt=\"\" title=\"\">                            <\/div>\n                        \n                        <h3 class=\"arrangement-title\">DSGH \u00e5rsm\u00f8de 2026<\/h3>\n\n                                                <p class=\"arrangement-date\">\n                                                            Dato: 4 -5 september 2026                                                    <\/p>\n                                                    <p class=\"arrangement-place\">Sted: Comwell Kolding<\/p>\n                        \n                        <button class=\"arrangement-button\">Se mere<\/button>\n                    <\/a>\n                <\/div>\n                            <div class=\"arrangement-card\">\n                    <a href=\"https:\/\/conex.dk\/en\/arrangementer\/deks-dansk-institut-for-ekstern-kvalitetssikring-for-laboratorier-i-sundhedssektoren\/\">\n                                                    <div class=\"arrangement-logo\">\n                                <img loading=\"lazy\" decoding=\"async\" width=\"300\" height=\"300\" src=\"https:\/\/conex.dk\/wp-content\/uploads\/2025\/10\/Billede-til-hjemmesiden-deks.png\" class=\"attachment-medium size-medium wp-post-image\" alt=\"\" srcset=\"https:\/\/conex.dk\/wp-content\/uploads\/2025\/10\/Billede-til-hjemmesiden-deks.png 300w, https:\/\/conex.dk\/wp-content\/uploads\/2025\/10\/Billede-til-hjemmesiden-deks-150x150.png 150w, https:\/\/conex.dk\/wp-content\/uploads\/2025\/10\/Billede-til-hjemmesiden-deks-12x12.png 12w\" sizes=\"(max-width: 300px) 100vw, 300px\" title=\"\">                            <\/div>\n                        \n                        <h3 class=\"arrangement-title\">DEKS Brugerm\u00f8de 2026- Dansk Institut for Ekstern Kvalitetssikring for Laboratorier i Sundhedssektoren<\/h3>\n\n                                                <p class=\"arrangement-date\">\n                                                            Dato: 29 -30 september 2026                                                    <\/p>\n                                                    <p class=\"arrangement-place\">Sted: Comwell K\u00f8ge<\/p>\n                        \n                        <button class=\"arrangement-button\">Se mere<\/button>\n                    <\/a>\n                <\/div>\n                            <div class=\"arrangement-card\">\n                    <a href=\"https:\/\/conex.dk\/en\/arrangementer\/fs-kt-2026-landskursus-for-fagligt-selskab-for-kardiovaskulaere-og-thoraxkirugiske-sygeplejersker\/\">\n                                                    <div class=\"arrangement-logo\">\n                                <img loading=\"lazy\" decoding=\"async\" width=\"84\" height=\"80\" src=\"https:\/\/conex.dk\/wp-content\/uploads\/2025\/10\/fskt_rundt_rgb_72dpi_0.png\" class=\"attachment-medium size-medium wp-post-image\" alt=\"\" srcset=\"https:\/\/conex.dk\/wp-content\/uploads\/2025\/10\/fskt_rundt_rgb_72dpi_0.png 84w, https:\/\/conex.dk\/wp-content\/uploads\/2025\/10\/fskt_rundt_rgb_72dpi_0-13x12.png 13w\" sizes=\"(max-width: 84px) 100vw, 84px\" title=\"\">                            <\/div>\n                        \n                        <h3 class=\"arrangement-title\">FS K&amp;T 2026 &#8211; Landskursus for Fagligt Selskab for Kardiovaskul\u00e6re og thoraxkirugiske sygeplejersker<\/h3>\n\n                                                <p class=\"arrangement-date\">\n                                                            Dato: 18 -19 november 2026                                                    <\/p>\n                                                    <p class=\"arrangement-place\">Sted: Hotel Milling Park<\/p>\n                        \n                        <button class=\"arrangement-button\">Se mere<\/button>\n                    <\/a>\n                <\/div>\n                            <div class=\"arrangement-card\">\n                    <a href=\"https:\/\/conex.dk\/en\/arrangementer\/demc11-2026\/\">\n                                                    <div class=\"arrangement-logo\">\n                                <img loading=\"lazy\" decoding=\"async\" width=\"300\" height=\"110\" src=\"https:\/\/conex.dk\/wp-content\/uploads\/2026\/02\/demc1612lille-300x110.jpg\" class=\"attachment-medium size-medium wp-post-image\" alt=\"\" title=\"\">                            <\/div>\n                        \n                        <h3 class=\"arrangement-title\">DEMC11 &#8211; 2026<\/h3>\n\n                                                <p class=\"arrangement-date\">\n                                                            Dato: 18 -19 november 2026                                                    <\/p>\n                                                    <p class=\"arrangement-place\">Sted: Comfort Hotel Copenhagen Airport<\/p>\n                        \n                        <button class=\"arrangement-button\">Se mere<\/button>\n                    <\/a>\n                <\/div>\n                    <\/div>\n    <\/div>\n    [\/et_pb_code][\/et_pb_column][\/et_pb_row][\/et_pb_section][et_pb_section fb_built=&#8221;1&#8243; _builder_version=&#8221;3.22.3&#8243; background_color=&#8221;#ffffff&#8221; custom_padding=&#8221;0px||0px||true&#8221; global_module=&#8221;50220&#8243; global_colors_info=&#8221;{}&#8221;][et_pb_row column_structure=&#8221;1_2,1_2&#8243; use_custom_gutter=&#8221;on&#8221; gutter_width=&#8221;1&#8243; make_equal=&#8221;on&#8221; padding_top_bottom_link_1=&#8221;true&#8221; padding_top_bottom_link_2=&#8221;true&#8221; padding_left_right_link_1=&#8221;true&#8221; padding_left_right_link_2=&#8221;true&#8221; module_class=&#8221; et_pb_row_fullwidth&#8221; _builder_version=&#8221;4.16&#8243; width=&#8221;100%&#8221; width_tablet=&#8221;100%&#8221; width_phone=&#8221;&#8221; width_last_edited=&#8221;on|desktop&#8221; max_width=&#8221;100%&#8221; max_width_tablet=&#8221;100%&#8221; max_width_phone=&#8221;&#8221; max_width_last_edited=&#8221;on|desktop&#8221; custom_padding=&#8221;0px||0px|&#8221; make_fullwidth=&#8221;on&#8221; global_colors_info=&#8221;{}&#8221;][et_pb_column type=&#8221;1_2&#8243; _builder_version=&#8221;4.16&#8243; background_color=&#8221;rgba(28,46,251,0.25)&#8221; background_image=&#8221;https:\/\/conex.dk\/wp-content\/uploads\/2019\/11\/kontakt-os.jpg&#8221; background_blend=&#8221;overlay&#8221; custom_padding=&#8221;|||&#8221; global_colors_info=&#8221;{}&#8221; custom_padding__hover=&#8221;|||&#8221;][et_pb_divider show_divider=&#8221;off&#8221; disabled_on=&#8221;off|off|on&#8221; _builder_version=&#8221;4.16&#8243; custom_padding=&#8221;22%||22%||true&#8221; global_colors_info=&#8221;{}&#8221;][\/et_pb_divider][\/et_pb_column][et_pb_column type=&#8221;1_2&#8243; _builder_version=&#8221;4.16&#8243; background_color=&#8221;#ededed&#8221; custom_padding=&#8221;7%|7%|7%|7%&#8221; global_colors_info=&#8221;{}&#8221; custom_padding__hover=&#8221;|||&#8221;][et_pb_text _builder_version=&#8221;4.16&#8243; header_font=&#8221;||||||||&#8221; header_2_font=&#8221;Poppins|600||on|||||&#8221; header_2_text_color=&#8221;#000000&#8243; header_2_font_size=&#8221;14px&#8221; header_2_letter_spacing=&#8221;2px&#8221; header_2_line_height=&#8221;1.3em&#8221; header_3_font=&#8221;Poppins|600||on|||||&#8221; header_3_text_color=&#8221;#000000&#8243; header_3_font_size=&#8221;14px&#8221; header_3_letter_spacing=&#8221;2px&#8221; header_3_line_height=&#8221;1.3em&#8221; custom_padding=&#8221;|||&#8221; global_colors_info=&#8221;{}&#8221;]<\/p>\n<h3>Vil du h\u00f8re mere?<\/h3>\n<p>[\/et_pb_text][et_pb_text _builder_version=&#8221;4.16&#8243; header_font=&#8221;Poppins|700||on|||||&#8221; header_text_color=&#8221;#000000&#8243; header_line_height=&#8221;1.4em&#8221; header_2_font=&#8221;Poppins|700||on|||||&#8221; header_2_text_color=&#8221;#000000&#8243; header_2_line_height=&#8221;1.4em&#8221; custom_margin=&#8221;|||&#8221; custom_padding=&#8221;|||&#8221; header_font_size_tablet=&#8221;&#8221; header_font_size_phone=&#8221;25px&#8221; header_font_size_last_edited=&#8221;on|tablet&#8221; header_2_font_size_tablet=&#8221;&#8221; header_2_font_size_phone=&#8221;25px&#8221; header_2_font_size_last_edited=&#8221;on|tablet&#8221; global_colors_info=&#8221;{}&#8221;]<\/p>\n<h2>Kontakt os<\/h2>\n<p>[\/et_pb_text][et_pb_divider color=&#8221;#000000&#8243; divider_weight=&#8221;3px&#8221; _builder_version=&#8221;4.16&#8243; max_width=&#8221;100px&#8221; module_alignment=&#8221;left&#8221; custom_margin=&#8221;|||&#8221; custom_padding=&#8221;7px||0px&#8221; global_colors_info=&#8221;{}&#8221;][\/et_pb_divider][et_pb_text _builder_version=&#8221;4.16&#8243; text_font=&#8221;Roboto|300|||||||&#8221; text_text_color=&#8221;#000000&#8243; text_line_height=&#8221;1.8em&#8221; header_font=&#8221;Merriweather|700|||||||&#8221; header_text_color=&#8221;#443846&#8243; header_font_size=&#8221;43px&#8221; header_2_font=&#8221;||||||||&#8221; header_2_font_size=&#8221;15px&#8221; custom_margin=&#8221;|||&#8221; custom_padding=&#8221;||34px|&#8221; global_colors_info=&#8221;{}&#8221;]<\/p>\n<p>Vi st\u00e5r klar til at planl\u00e6gge og eksekvere udstillingsadministrationen til din n\u00e6ste konference. Tag kontakt til os i dag for at h\u00f8re mere om hvad vi kan g\u00f8re for dig og din organisation.<\/p>\n<p>[\/et_pb_text][et_pb_button button_url=&#8221;\/kontakt\/&#8221; button_text=&#8221;Kontakt os i dag&#8221; button_alignment=&#8221;left&#8221; _builder_version=&#8221;4.16&#8243; custom_button=&#8221;on&#8221; button_text_size=&#8221;14px&#8221; button_text_color=&#8221;#ffffff&#8221; button_bg_color=&#8221;#383838&#8243; button_border_width=&#8221;1px&#8221; button_border_color=&#8221;#383838&#8243; button_border_radius=&#8221;0px&#8221; button_letter_spacing=&#8221;1px&#8221; button_font=&#8221;Poppins|||on|||||&#8221; button_use_icon=&#8221;off&#8221; custom_margin=&#8221;-7px||&#8221; custom_padding=&#8221;17px|30px|17px|30px|true|true&#8221; global_colors_info=&#8221;{}&#8221; button_bg_color__hover_enabled=&#8221;on&#8221; button_bg_color__hover=&#8221;#bfbfbf&#8221; button_letter_spacing__hover_enabled=&#8221;on&#8221; button_letter_spacing__hover=&#8221;2px&#8221; button_border_color__hover_enabled=&#8221;on&#8221; button_border_color__hover=&#8221;#bfbfbf&#8221; button_text_color__hover_enabled=&#8221;on&#8221; button_text_color__hover=&#8221;#000000&#8243;][\/et_pb_button][\/et_pb_column][\/et_pb_row][\/et_pb_section]<\/p>\n","protected":false},"excerpt":{"rendered":"<p>[et_pb_section fb_built=&#8221;1&#8243; _builder_version=&#8221;4.16&#8243; background_color=&#8221;rgba(28,46,251,0.25)&#8221; background_image=&#8221;https:\/\/conex.dk\/wp-content\/uploads\/2019\/12\/udstilling-13.jpg&#8221; background_blend=&#8221;overlay&#8221; custom_padding=&#8221;0px||0px||true|false&#8221; bottom_divider_height=&#8221;66px&#8221; global_colors_info=&#8221;{}&#8221;][et_pb_row _builder_version=&#8221;4.16&#8243; global_colors_info=&#8221;{}&#8221;][et_pb_column type=&#8221;4_4&#8243; _builder_version=&#8221;4.16&#8243; custom_padding=&#8221;|||&#8221; global_colors_info=&#8221;{}&#8221; custom_padding__hover=&#8221;|||&#8221;][et_pb_text _builder_version=&#8221;4.16&#8243; text_font=&#8221;Nunito||||||||&#8221; text_font_size=&#8221;15px&#8221; header_font=&#8221;Poppins|700||on|||||&#8221; header_text_align=&#8221;left&#8221; header_text_color=&#8221;#ffffff&#8221; header_font_size=&#8221;40px&#8221; header_line_height=&#8221;1.3em&#8221; custom_margin=&#8221;-28px|||&#8221; header_font_size_tablet=&#8221;&#8221; header_font_size_phone=&#8221;25px&#8221; header_font_size_last_edited=&#8221;on|phone&#8221; global_colors_info=&#8221;{}&#8221;] Kommende arrangementer [\/et_pb_text][\/et_pb_column][\/et_pb_row][\/et_pb_section][et_pb_section fb_built=&#8221;1&#8243; _builder_version=&#8221;4.27.4&#8243; global_colors_info=&#8221;{}&#8221;][et_pb_row _builder_version=&#8221;4.17.4&#8243; _module_preset=&#8221;default&#8221; global_colors_info=&#8221;{}&#8221;][et_pb_column type=&#8221;4_4&#8243; _builder_version=&#8221;4.17.4&#8243; _module_preset=&#8221;default&#8221; global_colors_info=&#8221;{}&#8221;][et_pb_text _builder_version=&#8221;4.27.4&#8243; _module_preset=&#8221;default&#8221; text_font_size=&#8221;59px&#8221; global_colors_info=&#8221;{}&#8221;] Kommende arrangementer [\/et_pb_text][\/et_pb_column][\/et_pb_row][et_pb_row _builder_version=&#8221;4.27.4&#8243; _module_preset=&#8221;default&#8221; global_colors_info=&#8221;{}&#8221;][et_pb_column type=&#8221;4_4&#8243; _builder_version=&#8221;4.27.4&#8243; _module_preset=&#8221;default&#8221; [&hellip;]<\/p>\n","protected":false},"author":8,"featured_media":0,"parent":0,"menu_order":0,"comment_status":"closed","ping_status":"closed","template":"","meta":{"_acf_changed":false,"xn-wppe-expiration":[],"xn-wppe-expiration-action":[],"xn-wppe-expiration-prefix":[],"_et_pb_use_builder":"on","_et_pb_old_content":"","_et_gb_content_width":"","footnotes":""},"class_list":["post-64742","page","type-page","status-publish","hentry"],"acf":[],"_links":{"self":[{"href":"https:\/\/conex.dk\/en\/wp-json\/wp\/v2\/pages\/64742","targetHints":{"allow":["GET"]}}],"collection":[{"href":"https:\/\/conex.dk\/en\/wp-json\/wp\/v2\/pages"}],"about":[{"href":"https:\/\/conex.dk\/en\/wp-json\/wp\/v2\/types\/page"}],"author":[{"embeddable":true,"href":"https:\/\/conex.dk\/en\/wp-json\/wp\/v2\/users\/8"}],"replies":[{"embeddable":true,"href":"https:\/\/conex.dk\/en\/wp-json\/wp\/v2\/comments?post=64742"}],"version-history":[{"count":4,"href":"https:\/\/conex.dk\/en\/wp-json\/wp\/v2\/pages\/64742\/revisions"}],"predecessor-version":[{"id":64758,"href":"https:\/\/conex.dk\/en\/wp-json\/wp\/v2\/pages\/64742\/revisions\/64758"}],"wp:attachment":[{"href":"https:\/\/conex.dk\/en\/wp-json\/wp\/v2\/media?parent=64742"}],"curies":[{"name":"wp","href":"https:\/\/api.w.org\/{rel}","templated":true}]}}