{"id":50353,"date":"2019-12-03T22:39:45","date_gmt":"2019-12-03T21:39:45","guid":{"rendered":"https:\/\/www.conex.webgain.dk\/?page_id=50353"},"modified":"2025-02-27T15:19:02","modified_gmt":"2025-02-27T14:19:02","slug":"referencer","status":"publish","type":"page","link":"https:\/\/conex.dk\/en\/referencer\/","title":{"rendered":"References"},"content":{"rendered":"<p>[et_pb_section fb_built=&#8221;1&#8243; _builder_version=&#8221;4.16&#8243; background_color=&#8221;rgba(28,46,251,0.25)&#8221; background_image=&#8221;https:\/\/conex.dk\/wp-content\/uploads\/2019\/11\/ydelser-udstillingsadministration.jpg&#8221; background_blend=&#8221;overlay&#8221; custom_padding=&#8221;120px||120px||true|false&#8221; bottom_divider_height=&#8221;66px&#8221; global_colors_info=&#8221;{}&#8221;][et_pb_row _builder_version=&#8221;4.16&#8243; global_colors_info=&#8221;{}&#8221;][et_pb_column type=&#8221;4_4&#8243; _builder_version=&#8221;4.16&#8243; custom_padding=&#8221;|||&#8221; global_colors_info=&#8221;{}&#8221; custom_padding__hover=&#8221;|||&#8221;][et_pb_text _builder_version=&#8221;4.16&#8243; text_font=&#8221;Nunito||||||||&#8221; text_font_size=&#8221;15px&#8221; header_font=&#8221;Poppins|700||on|||||&#8221; header_text_align=&#8221;left&#8221; header_text_color=&#8221;#ffffff&#8221; header_font_size=&#8221;40px&#8221; header_line_height=&#8221;1.3em&#8221; custom_margin=&#8221;-28px|||&#8221; header_font_size_tablet=&#8221;&#8221; header_font_size_phone=&#8221;25px&#8221; header_font_size_last_edited=&#8221;on|phone&#8221; global_colors_info=&#8221;{}&#8221;]<\/p>\n<h1>Referencer og samarbejdspartnere<\/h1>\n<p>[\/et_pb_text][\/et_pb_column][\/et_pb_row][\/et_pb_section][et_pb_section fb_built=&#8221;1&#8243; _builder_version=&#8221;4.16&#8243; background_enable_color=&#8221;off&#8221; custom_padding=&#8221;40px|0px|40px|0px|true|false&#8221; global_colors_info=&#8221;{}&#8221;][et_pb_row column_structure=&#8221;1_4,3_4&#8243; use_custom_gutter=&#8221;on&#8221; make_equal=&#8221;on&#8221; padding_top_bottom_link_1=&#8221;false&#8221; _builder_version=&#8221;4.16&#8243; global_colors_info=&#8221;{}&#8221;][et_pb_column type=&#8221;1_4&#8243; _builder_version=&#8221;4.16&#8243; custom_padding=&#8221;12px||35px|&#8221; custom_padding_tablet=&#8221;&#8221; custom_padding_phone=&#8221;0px||0px&#8221; custom_padding_last_edited=&#8221;on|desktop&#8221; global_colors_info=&#8221;{}&#8221; custom_padding__hover=&#8221;|||&#8221;][et_pb_image src=&#8221;https:\/\/conex.dk\/wp-content\/uploads\/2019\/12\/DNS.gif&#8221; _builder_version=&#8221;4.16&#8243; global_colors_info=&#8221;{}&#8221;][\/et_pb_image][\/et_pb_column][et_pb_column type=&#8221;3_4&#8243; _builder_version=&#8221;4.16&#8243; background_enable_image=&#8221;off&#8221; custom_padding=&#8221;|||&#8221; global_colors_info=&#8221;{}&#8221; custom_padding__hover=&#8221;|||&#8221;][et_pb_text _builder_version=&#8221;4.16&#8243; text_font=&#8221;Poppins|700||on|||||&#8221; text_text_color=&#8221;#000000&#8243; text_font_size=&#8221;30px&#8221; text_line_height=&#8221;1.2em&#8221; header_2_font=&#8221;|700||on|||||&#8221; header_2_font_size=&#8221;30px&#8221; header_2_line_height=&#8221;1.2em&#8221; custom_padding=&#8221;|||&#8221; text_font_size_tablet=&#8221;&#8221; text_font_size_phone=&#8221;25px&#8221; text_font_size_last_edited=&#8221;on|desktop&#8221; text_line_height_phone=&#8221;1.5em&#8221; text_line_height_last_edited=&#8221;off|phone&#8221; global_colors_info=&#8221;{}&#8221;]<\/p>\n<h2>Dansk Nefrologisk Selskab<\/h2>\n<p>[\/et_pb_text][et_pb_text _builder_version=&#8221;4.16&#8243; text_font=&#8221;|300|||||||&#8221; text_text_color=&#8221;#000000&#8243; text_line_height=&#8221;1.8em&#8221; custom_margin=&#8221;-19px|||&#8221; global_colors_info=&#8221;{}&#8221;]<\/p>\n<p>Dansk Nefrologisk Selskab valgte ved vores sidste \u00e5rsm\u00f8de, at benytte ConEx til vores udstillingsadministration.<\/p>\n<p>Vi kender Jans fremgangsm\u00e5der og professionelle tilgang til vores verden.\u00a0<span style=\"font-size: 16px;\">Den kendskab og respekt han har for os som selskab, for virksomhederne og for vores samarbejde p\u00e5 tv\u00e6rs, skaber en stor ro og tillid til at han g\u00f8r det bedste for alle parter.<\/span><\/p>\n<p><span style=\"font-size: 16px;\">Vi vil forts\u00e6tte med at samarbejde og h\u00e5ber at andre kan drage fordel af hans ekspertise ogs\u00e5.<\/span><\/p>\n<p><span style=\"font-size: 16px;\">Sekret\u00e6r<br \/>Dansk Nefrologisk Selskab<\/span><\/p>\n<p><span><\/span><\/p>\n<p>[\/et_pb_text][\/et_pb_column][\/et_pb_row][et_pb_row column_structure=&#8221;1_4,3_4&#8243; use_custom_gutter=&#8221;on&#8221; make_equal=&#8221;on&#8221; padding_top_bottom_link_1=&#8221;false&#8221; _builder_version=&#8221;4.16&#8243; global_colors_info=&#8221;{}&#8221;][et_pb_column type=&#8221;1_4&#8243; _builder_version=&#8221;4.16&#8243; custom_padding=&#8221;12px||35px|&#8221; custom_padding_tablet=&#8221;&#8221; custom_padding_phone=&#8221;0px||0px&#8221; custom_padding_last_edited=&#8221;on|desktop&#8221; global_colors_info=&#8221;{}&#8221; custom_padding__hover=&#8221;|||&#8221;][et_pb_image src=&#8221;https:\/\/conex.dk\/wp-content\/uploads\/2019\/11\/MEQ.jpg&#8221; _builder_version=&#8221;4.16&#8243; global_colors_info=&#8221;{}&#8221;][\/et_pb_image][\/et_pb_column][et_pb_column type=&#8221;3_4&#8243; _builder_version=&#8221;4.16&#8243; background_enable_image=&#8221;off&#8221; custom_padding=&#8221;|||&#8221; global_colors_info=&#8221;{}&#8221; custom_padding__hover=&#8221;|||&#8221;][et_pb_text _builder_version=&#8221;4.16&#8243; text_font=&#8221;Poppins|700||on|||||&#8221; text_text_color=&#8221;#000000&#8243; text_font_size=&#8221;30px&#8221; text_line_height=&#8221;1.2em&#8221; header_2_font=&#8221;|700||on|||||&#8221; header_2_font_size=&#8221;30px&#8221; header_2_line_height=&#8221;1.2em&#8221; custom_padding=&#8221;|||&#8221; text_font_size_tablet=&#8221;&#8221; text_font_size_phone=&#8221;25px&#8221; text_font_size_last_edited=&#8221;on|desktop&#8221; text_line_height_phone=&#8221;1.5em&#8221; text_line_height_last_edited=&#8221;off|phone&#8221; global_colors_info=&#8221;{}&#8221;]<\/p>\n<h2>MEQnordic A\/S<\/h2>\n<p>[\/et_pb_text][et_pb_text _builder_version=&#8221;4.16&#8243; text_font=&#8221;|300|||||||&#8221; text_text_color=&#8221;#000000&#8243; text_line_height=&#8221;1.8em&#8221; custom_margin=&#8221;-19px|||&#8221; global_colors_info=&#8221;{}&#8221;]<\/p>\n<p>Vi har nu deltaget i adskillige udstillinger arrangeret af dit firma ConEx og vi m\u00e5 udtrykke yderste tilfredshed med arrangementerne, der inkluderer almindelige faglige udstillinger og kongresser.<\/p>\n<p>Alt lige fra ekstra stikd\u00e5ser til ekstra m\u00f8bler, videregivelser af reklamationer ang\u00e5ende tr\u00e6k p\u00e5 udstilleromr\u00e5derne eller videregivelse af bem\u00e6rkninger om at deltagerne skal huske at bes\u00f8ge standene \u2013 alt foreg\u00e5r effektivt, diskret og hurtigt.<\/p>\n<p>Hvad ang\u00e5r Certificate of Attendance s\u00e5 m\u00e5 vi klart sige at det er branchens flotteste. Certifikater er af stor vigtighed for mange fordi de minder om et vellykket arrangement og formodentlig er den bedste reklame for ConEx s\u00e5 man ogs\u00e5 husker de efterf\u00f8lgende arrangementer \u2013 ting g\u00e5r oftest begge veje.<\/p>\n<p>MEQnordic A\/S<br \/>Henrik Skovmand<\/p>\n<p><span><\/span><\/p>\n<p>[\/et_pb_text][\/et_pb_column][\/et_pb_row][et_pb_row column_structure=&#8221;1_4,3_4&#8243; use_custom_gutter=&#8221;on&#8221; make_equal=&#8221;on&#8221; padding_top_bottom_link_1=&#8221;false&#8221; _builder_version=&#8221;4.16&#8243; global_colors_info=&#8221;{}&#8221;][et_pb_column type=&#8221;1_4&#8243; _builder_version=&#8221;4.16&#8243; custom_padding=&#8221;12px||35px|&#8221; custom_padding_tablet=&#8221;&#8221; custom_padding_phone=&#8221;0px||0px&#8221; custom_padding_last_edited=&#8221;on|desktop&#8221; global_colors_info=&#8221;{}&#8221; custom_padding__hover=&#8221;|||&#8221;][et_pb_image src=&#8221;https:\/\/conex.dk\/wp-content\/uploads\/2019\/12\/DSR-Segl.jpg&#8221; _builder_version=&#8221;4.16&#8243; global_colors_info=&#8221;{}&#8221;][\/et_pb_image][\/et_pb_column][et_pb_column type=&#8221;3_4&#8243; _builder_version=&#8221;4.16&#8243; background_enable_image=&#8221;off&#8221; custom_padding=&#8221;|||&#8221; global_colors_info=&#8221;{}&#8221; custom_padding__hover=&#8221;|||&#8221;][et_pb_text _builder_version=&#8221;4.16&#8243; text_font=&#8221;Poppins|700||on|||||&#8221; text_text_color=&#8221;#000000&#8243; text_font_size=&#8221;30px&#8221; text_line_height=&#8221;1.2em&#8221; header_2_font=&#8221;|700||on|||||&#8221; header_2_font_size=&#8221;30px&#8221; header_2_line_height=&#8221;1.2em&#8221; custom_padding=&#8221;|||&#8221; text_font_size_tablet=&#8221;&#8221; text_font_size_phone=&#8221;25px&#8221; text_font_size_last_edited=&#8221;on|desktop&#8221; text_line_height_phone=&#8221;1.5em&#8221; text_line_height_last_edited=&#8221;off|phone&#8221; global_colors_info=&#8221;{}&#8221;]<\/p>\n<h2>Dansk Sygeplejer\u00e5ds Generalforsamling<\/h2>\n<p>[\/et_pb_text][et_pb_text _builder_version=&#8221;4.16&#8243; text_font=&#8221;|300|||||||&#8221; text_text_color=&#8221;#000000&#8243; text_line_height=&#8221;1.8em&#8221; custom_margin=&#8221;-19px|||&#8221; global_colors_info=&#8221;{}&#8221;]<\/p>\n<p>Ved Lederforeningen i Dansk Sygeplejer\u00e5ds Generalforsamling og Temadag, hjalp jeg en udstiller som ikke selv havde mulighed for at v\u00e6re til stede.<\/p>\n<p><a href=\"https:\/\/www.linkedin.com\/company\/silentia-aps\/\" target=\"_blank\" rel=\"noopener\">https:\/\/www.linkedin.com\/company\/silentia-aps\/<\/a><\/p>\n<p><a href=\"https:\/\/www.facebook.com\/Silentia.Danmark\/\" target=\"_blank\" rel=\"noopener\">https:\/\/www.facebook.com\/Silentia.Danmark\/<\/a><\/p>\n<p>[\/et_pb_text][\/et_pb_column][\/et_pb_row][et_pb_row column_structure=&#8221;1_4,3_4&#8243; use_custom_gutter=&#8221;on&#8221; make_equal=&#8221;on&#8221; padding_top_bottom_link_1=&#8221;false&#8221; _builder_version=&#8221;4.16&#8243; global_colors_info=&#8221;{}&#8221;][et_pb_column type=&#8221;1_4&#8243; _builder_version=&#8221;4.16&#8243; custom_padding=&#8221;12px||35px|&#8221; custom_padding_tablet=&#8221;&#8221; custom_padding_phone=&#8221;0px||0px&#8221; custom_padding_last_edited=&#8221;on|desktop&#8221; global_colors_info=&#8221;{}&#8221; custom_padding__hover=&#8221;|||&#8221;][et_pb_image src=&#8221;https:\/\/conex.dk\/wp-content\/uploads\/2019\/11\/FSAIO.jpg&#8221; _builder_version=&#8221;4.16&#8243; global_colors_info=&#8221;{}&#8221;][\/et_pb_image][\/et_pb_column][et_pb_column type=&#8221;3_4&#8243; _builder_version=&#8221;4.16&#8243; background_enable_image=&#8221;off&#8221; custom_padding=&#8221;|||&#8221; global_colors_info=&#8221;{}&#8221; custom_padding__hover=&#8221;|||&#8221;][et_pb_text _builder_version=&#8221;4.16&#8243; text_font=&#8221;Poppins|700||on|||||&#8221; text_text_color=&#8221;#000000&#8243; text_font_size=&#8221;30px&#8221; text_line_height=&#8221;1.2em&#8221; header_2_font=&#8221;|700||on|||||&#8221; header_2_font_size=&#8221;30px&#8221; header_2_line_height=&#8221;1.2em&#8221; custom_padding=&#8221;|||&#8221; text_font_size_tablet=&#8221;&#8221; text_font_size_phone=&#8221;25px&#8221; text_font_size_last_edited=&#8221;on|desktop&#8221; text_line_height_phone=&#8221;1.5em&#8221; text_line_height_last_edited=&#8221;off|phone&#8221; global_colors_info=&#8221;{}&#8221;]<\/p>\n<h2>FSAIO<\/h2>\n<p>[\/et_pb_text][et_pb_text _builder_version=&#8221;4.16&#8243; text_font=&#8221;|300|||||||&#8221; text_text_color=&#8221;#000000&#8243; text_line_height=&#8221;1.8em&#8221; custom_margin=&#8221;-19px|||&#8221; global_colors_info=&#8221;{}&#8221;]<\/p>\n<p><span>FSAIO har \u2013 som det st\u00f8rste faglige selskab under Dansk Sygepleje R\u00e5d \u2013 valgt at benytte ConEx som udstillingskoordinator ved b\u00e5de vores nationale og internationale arrangementer.<\/span><\/p>\n<div class=\"testimonial-content\">\n<p>Vi har tidligere haft gode erfaringer med samarbejdet med Jan Nordkvist. Han arbejder professionelt og punktligt, s\u00e5 for os var det en naturlig beslutning at forts\u00e6tte dette samarbejde, da Jan dannede sit eget firma, ConEx.<\/p>\n<p>Vi kan s\u00e5ledes fortsat nyde godt af hans ekspertise, hans kundevenlighed og hans servicemindede indstilling til opgaverne.<\/p>\n<p>Fagligt Selskab for FSAIO<\/p>\n<\/div>\n<p>[\/et_pb_text][\/et_pb_column][\/et_pb_row][et_pb_row column_structure=&#8221;1_4,3_4&#8243; use_custom_gutter=&#8221;on&#8221; make_equal=&#8221;on&#8221; padding_top_bottom_link_1=&#8221;false&#8221; _builder_version=&#8221;4.16&#8243; global_colors_info=&#8221;{}&#8221;][et_pb_column type=&#8221;1_4&#8243; _builder_version=&#8221;4.16&#8243; custom_padding=&#8221;12px||35px|&#8221; custom_padding_tablet=&#8221;&#8221; custom_padding_phone=&#8221;0px||0px&#8221; custom_padding_last_edited=&#8221;on|desktop&#8221; global_colors_info=&#8221;{}&#8221; custom_padding__hover=&#8221;|||&#8221;][et_pb_image src=&#8221;https:\/\/conex.dk\/wp-content\/uploads\/2021\/02\/Draabe-nyt-weblogo1-300&#215;117-1.png&#8221; title_text=&#8221;Draabe-nyt-weblogo1-300&#215;117&#8243; _builder_version=&#8221;4.16&#8243; global_colors_info=&#8221;{}&#8221;][\/et_pb_image][\/et_pb_column][et_pb_column type=&#8221;3_4&#8243; _builder_version=&#8221;4.16&#8243; background_enable_image=&#8221;off&#8221; custom_padding=&#8221;|||&#8221; global_colors_info=&#8221;{}&#8221; custom_padding__hover=&#8221;|||&#8221;][et_pb_text _builder_version=&#8221;4.16&#8243; text_font=&#8221;Poppins|700||on|||||&#8221; text_text_color=&#8221;#000000&#8243; text_font_size=&#8221;30px&#8221; text_line_height=&#8221;1.2em&#8221; header_2_font=&#8221;|700||on|||||&#8221; header_2_font_size=&#8221;30px&#8221; header_2_line_height=&#8221;1.2em&#8221; custom_padding=&#8221;|||&#8221; text_font_size_tablet=&#8221;&#8221; text_font_size_phone=&#8221;25px&#8221; text_font_size_last_edited=&#8221;on|desktop&#8221; text_line_height_phone=&#8221;1.5em&#8221; text_line_height_last_edited=&#8221;off|phone&#8221; global_colors_info=&#8221;{}&#8221;]<\/p>\n<h2>Dr\u00e5ben Nyt<\/h2>\n<p>[\/et_pb_text][et_pb_text _builder_version=&#8221;4.16&#8243; text_font=&#8221;|300|||||||&#8221; text_text_color=&#8221;#000000&#8243; text_line_height=&#8221;1.8em&#8221; custom_margin=&#8221;-19px|||&#8221; global_colors_info=&#8221;{}&#8221;]<\/p>\n<p><span>Varetager FSAIO-medlemmers faglige, udviklingsm\u00e6ssige og forskningsm\u00e6ssige interesser.\u00a0<\/span><span>Udbreder budskabet om FSAIO\u2019s arrangementer og aktiviteter og u<\/span><span>dbreder kendskabet til FSAIO og foreningens medlemsfordele.<\/span><\/p>\n<p>&nbsp;<\/p>\n<blockquote>\n<p><em>27. januar, 2021: &#8220;L\u00e6nge har vi gerne ville skrive til dig for at sige tak for hj\u00e6lpen i forhold til at skaffe annonc\u00f8rer til hjemmesiden,\u00a0<a href=\"http:\/\/www.draabe-nyt.dk\" target=\"_blank\" rel=\"noopener\">Dr\u00e5be-Nyt<\/a>.\u00a0<\/em><\/p>\n<p><em>Som du kan se, har din kontakt virkelig v\u00e6ret v\u00e6rdifuld &#8211; is\u00e6r i disse tider hvor ingen af os kan komme ud p\u00e5 konferencerne og m\u00f8de industrien, s\u00e5 mange tak for det.&#8221;<\/em><\/p>\n<\/blockquote>\n<p><span>\u00a0<\/span><\/p>\n<p>[\/et_pb_text][\/et_pb_column][\/et_pb_row][et_pb_row column_structure=&#8221;1_4,3_4&#8243; use_custom_gutter=&#8221;on&#8221; make_equal=&#8221;on&#8221; padding_top_bottom_link_1=&#8221;false&#8221; _builder_version=&#8221;4.16&#8243; global_colors_info=&#8221;{}&#8221;][et_pb_column type=&#8221;1_4&#8243; _builder_version=&#8221;4.16&#8243; custom_padding=&#8221;12px||35px|&#8221; custom_padding_tablet=&#8221;&#8221; custom_padding_phone=&#8221;0px||0px&#8221; custom_padding_last_edited=&#8221;on|desktop&#8221; global_colors_info=&#8221;{}&#8221; custom_padding__hover=&#8221;|||&#8221;][et_pb_image src=&#8221;https:\/\/conex.dk\/wp-content\/uploads\/2021\/03\/PHARMACOSMOS_logo_1000pxRGB_transp.png.08.2020.png&#8221; title_text=&#8221;PHARMACOSMOS logo&#8221; _builder_version=&#8221;4.27.4&#8243; hover_enabled=&#8221;0&#8243; global_colors_info=&#8221;{}&#8221; alt=&#8221;PHARMACOSMOS logo&#8221; sticky_enabled=&#8221;0&#8243;][\/et_pb_image][\/et_pb_column][et_pb_column type=&#8221;3_4&#8243; _builder_version=&#8221;4.16&#8243; background_enable_image=&#8221;off&#8221; custom_padding=&#8221;|||&#8221; global_colors_info=&#8221;{}&#8221; custom_padding__hover=&#8221;|||&#8221;][et_pb_text _builder_version=&#8221;4.16&#8243; text_font=&#8221;Poppins|700||on|||||&#8221; text_text_color=&#8221;#000000&#8243; text_font_size=&#8221;30px&#8221; text_line_height=&#8221;1.2em&#8221; header_2_font=&#8221;|700||on|||||&#8221; header_2_font_size=&#8221;30px&#8221; header_2_line_height=&#8221;1.2em&#8221; custom_padding=&#8221;|||&#8221; text_font_size_tablet=&#8221;&#8221; text_font_size_phone=&#8221;25px&#8221; text_font_size_last_edited=&#8221;on|desktop&#8221; text_line_height_phone=&#8221;1.5em&#8221; text_line_height_last_edited=&#8221;off|phone&#8221; global_colors_info=&#8221;{}&#8221;]<\/p>\n<h2>Udstiller ved flere m\u00f8der<\/h2>\n<p>[\/et_pb_text][et_pb_text _builder_version=&#8221;4.16&#8243; text_font=&#8221;|300|||||||&#8221; text_text_color=&#8221;#000000&#8243; text_line_height=&#8221;1.8em&#8221; custom_margin=&#8221;-19px|||&#8221; global_colors_info=&#8221;{}&#8221;]<\/p>\n<blockquote>\n<p><em>Vi er s\u00e5 glade for at arbejde\u00a0sammen med dig, du har altid styr p\u00e5 alting, uds\u00f8gt service med sm\u00e5 p\u00e5mindelser, aldrig sur n\u00e5r man lige sp\u00f8rger til<\/em><br \/><em>noget, man burde have styr p\u00e5 og s\u00f8rger for gode forhold for os udstillere, tak for det.<\/em><\/p>\n<\/blockquote>\n<p>[\/et_pb_text][\/et_pb_column][\/et_pb_row][\/et_pb_section][et_pb_section fb_built=&#8221;1&#8243; _builder_version=&#8221;3.22.3&#8243; background_color=&#8221;#ffffff&#8221; custom_padding=&#8221;0px||0px||true&#8221; global_module=&#8221;50220&#8243; global_colors_info=&#8221;{}&#8221;][et_pb_row column_structure=&#8221;1_2,1_2&#8243; use_custom_gutter=&#8221;on&#8221; gutter_width=&#8221;1&#8243; make_equal=&#8221;on&#8221; padding_top_bottom_link_1=&#8221;true&#8221; padding_top_bottom_link_2=&#8221;true&#8221; padding_left_right_link_1=&#8221;true&#8221; padding_left_right_link_2=&#8221;true&#8221; module_class=&#8221; et_pb_row_fullwidth&#8221; _builder_version=&#8221;4.16&#8243; width=&#8221;100%&#8221; width_tablet=&#8221;100%&#8221; width_phone=&#8221;&#8221; width_last_edited=&#8221;on|desktop&#8221; max_width=&#8221;100%&#8221; max_width_tablet=&#8221;100%&#8221; max_width_phone=&#8221;&#8221; max_width_last_edited=&#8221;on|desktop&#8221; custom_padding=&#8221;0px||0px|&#8221; make_fullwidth=&#8221;on&#8221; global_colors_info=&#8221;{}&#8221;][et_pb_column type=&#8221;1_2&#8243; _builder_version=&#8221;4.16&#8243; background_color=&#8221;rgba(28,46,251,0.25)&#8221; background_image=&#8221;https:\/\/conex.dk\/wp-content\/uploads\/2019\/11\/kontakt-os.jpg&#8221; background_blend=&#8221;overlay&#8221; custom_padding=&#8221;|||&#8221; global_colors_info=&#8221;{}&#8221; custom_padding__hover=&#8221;|||&#8221;][et_pb_divider show_divider=&#8221;off&#8221; disabled_on=&#8221;off|off|on&#8221; _builder_version=&#8221;4.16&#8243; custom_padding=&#8221;22%||22%||true&#8221; global_colors_info=&#8221;{}&#8221;][\/et_pb_divider][\/et_pb_column][et_pb_column type=&#8221;1_2&#8243; _builder_version=&#8221;4.16&#8243; background_color=&#8221;#ededed&#8221; custom_padding=&#8221;7%|7%|7%|7%&#8221; global_colors_info=&#8221;{}&#8221; custom_padding__hover=&#8221;|||&#8221;][et_pb_text _builder_version=&#8221;4.16&#8243; header_font=&#8221;||||||||&#8221; header_2_font=&#8221;Poppins|600||on|||||&#8221; header_2_text_color=&#8221;#000000&#8243; header_2_font_size=&#8221;14px&#8221; header_2_letter_spacing=&#8221;2px&#8221; header_2_line_height=&#8221;1.3em&#8221; header_3_font=&#8221;Poppins|600||on|||||&#8221; header_3_text_color=&#8221;#000000&#8243; header_3_font_size=&#8221;14px&#8221; header_3_letter_spacing=&#8221;2px&#8221; header_3_line_height=&#8221;1.3em&#8221; custom_padding=&#8221;|||&#8221; global_colors_info=&#8221;{}&#8221;]<\/p>\n<h3>Vil du h\u00f8re mere?<\/h3>\n<p>[\/et_pb_text][et_pb_text _builder_version=&#8221;4.16&#8243; header_font=&#8221;Poppins|700||on|||||&#8221; header_text_color=&#8221;#000000&#8243; header_line_height=&#8221;1.4em&#8221; header_2_font=&#8221;Poppins|700||on|||||&#8221; header_2_text_color=&#8221;#000000&#8243; header_2_line_height=&#8221;1.4em&#8221; custom_margin=&#8221;|||&#8221; custom_padding=&#8221;|||&#8221; header_font_size_tablet=&#8221;&#8221; header_font_size_phone=&#8221;25px&#8221; header_font_size_last_edited=&#8221;on|tablet&#8221; header_2_font_size_tablet=&#8221;&#8221; header_2_font_size_phone=&#8221;25px&#8221; header_2_font_size_last_edited=&#8221;on|tablet&#8221; global_colors_info=&#8221;{}&#8221;]<\/p>\n<h2>Kontakt os<\/h2>\n<p>[\/et_pb_text][et_pb_divider color=&#8221;#000000&#8243; divider_weight=&#8221;3px&#8221; _builder_version=&#8221;4.16&#8243; max_width=&#8221;100px&#8221; module_alignment=&#8221;left&#8221; custom_margin=&#8221;|||&#8221; custom_padding=&#8221;7px||0px&#8221; global_colors_info=&#8221;{}&#8221;][\/et_pb_divider][et_pb_text _builder_version=&#8221;4.16&#8243; text_font=&#8221;Roboto|300|||||||&#8221; text_text_color=&#8221;#000000&#8243; text_line_height=&#8221;1.8em&#8221; header_font=&#8221;Merriweather|700|||||||&#8221; header_text_color=&#8221;#443846&#8243; header_font_size=&#8221;43px&#8221; header_2_font=&#8221;||||||||&#8221; header_2_font_size=&#8221;15px&#8221; custom_margin=&#8221;|||&#8221; custom_padding=&#8221;||34px|&#8221; global_colors_info=&#8221;{}&#8221;]<\/p>\n<p>Vi st\u00e5r klar til at planl\u00e6gge og eksekvere udstillingsadministrationen til din n\u00e6ste konference. Tag kontakt til os i dag for at h\u00f8re mere om hvad vi kan g\u00f8re for dig og din organisation.<\/p>\n<p>[\/et_pb_text][et_pb_button button_url=&#8221;\/kontakt\/&#8221; button_text=&#8221;Kontakt os i dag&#8221; button_alignment=&#8221;left&#8221; _builder_version=&#8221;4.16&#8243; custom_button=&#8221;on&#8221; button_text_size=&#8221;14px&#8221; button_text_color=&#8221;#ffffff&#8221; button_bg_color=&#8221;#383838&#8243; button_border_width=&#8221;1px&#8221; button_border_color=&#8221;#383838&#8243; button_border_radius=&#8221;0px&#8221; button_letter_spacing=&#8221;1px&#8221; button_font=&#8221;Poppins|||on|||||&#8221; button_use_icon=&#8221;off&#8221; custom_margin=&#8221;-7px||&#8221; custom_padding=&#8221;17px|30px|17px|30px|true|true&#8221; global_colors_info=&#8221;{}&#8221; button_bg_color__hover_enabled=&#8221;on&#8221; button_bg_color__hover=&#8221;#bfbfbf&#8221; button_letter_spacing__hover_enabled=&#8221;on&#8221; button_letter_spacing__hover=&#8221;2px&#8221; button_border_color__hover_enabled=&#8221;on&#8221; button_border_color__hover=&#8221;#bfbfbf&#8221; button_text_color__hover_enabled=&#8221;on&#8221; button_text_color__hover=&#8221;#000000&#8243;][\/et_pb_button][\/et_pb_column][\/et_pb_row][\/et_pb_section]<\/p>\n","protected":false},"excerpt":{"rendered":"<p>Referencer og samarbejdspartnereDansk Nefrologisk SelskabDansk Nefrologisk Selskab valgte ved vores sidste \u00e5rsm\u00f8de, at benytte ConEx til vores udstillingsadministration. Vi kender Jans fremgangsm\u00e5der og professionelle tilgang til vores verden.\u00a0Den kendskab og respekt han har for os som selskab, for virksomhederne og for vores samarbejde p\u00e5 tv\u00e6rs, skaber en stor ro og tillid til at han g\u00f8r det bedste for alle parter. Vi vil forts\u00e6tte med at samarbejde og h\u00e5ber at andre kan drage fordel af hans ekspertise ogs\u00e5. Sekret\u00e6rDansk Nefrologisk Selskab MEQnordic A\/SVi har nu deltaget i adskillige udstillinger arrangeret af dit firma ConEx og vi m\u00e5 udtrykke yderste tilfredshed med arrangementerne, der inkluderer almindelige faglige udstillinger og kongresser. Alt lige fra ekstra stikd\u00e5ser til ekstra m\u00f8bler, videregivelser af reklamationer ang\u00e5ende tr\u00e6k p\u00e5 udstilleromr\u00e5derne eller videregivelse af bem\u00e6rkninger om at deltagerne skal huske at bes\u00f8ge standene \u2013 alt foreg\u00e5r effektivt, diskret og hurtigt. Hvad ang\u00e5r Certificate of Attendance s\u00e5 m\u00e5 vi klart sige at det er branchens flotteste. Certifikater er af stor vigtighed for mange fordi de minder om et vellykket arrangement og formodentlig er den bedste reklame for ConEx s\u00e5 man ogs\u00e5 husker de efterf\u00f8lgende arrangementer \u2013 ting g\u00e5r oftest begge veje. MEQnordic A\/SHenrik Skovmand Dansk Sygeplejer\u00e5ds GeneralforsamlingVed Lederforeningen i [&hellip;]<\/p>\n","protected":false},"author":1,"featured_media":0,"parent":0,"menu_order":0,"comment_status":"closed","ping_status":"closed","template":"","meta":{"_acf_changed":false,"xn-wppe-expiration":[],"xn-wppe-expiration-action":[],"xn-wppe-expiration-prefix":[],"_et_pb_use_builder":"on","_et_pb_old_content":"<!-- wp:divi\/placeholder \/-->","_et_gb_content_width":"","footnotes":""},"class_list":["post-50353","page","type-page","status-publish","hentry"],"acf":[],"_links":{"self":[{"href":"https:\/\/conex.dk\/en\/wp-json\/wp\/v2\/pages\/50353","targetHints":{"allow":["GET"]}}],"collection":[{"href":"https:\/\/conex.dk\/en\/wp-json\/wp\/v2\/pages"}],"about":[{"href":"https:\/\/conex.dk\/en\/wp-json\/wp\/v2\/types\/page"}],"author":[{"embeddable":true,"href":"https:\/\/conex.dk\/en\/wp-json\/wp\/v2\/users\/1"}],"replies":[{"embeddable":true,"href":"https:\/\/conex.dk\/en\/wp-json\/wp\/v2\/comments?post=50353"}],"version-history":[{"count":6,"href":"https:\/\/conex.dk\/en\/wp-json\/wp\/v2\/pages\/50353\/revisions"}],"predecessor-version":[{"id":63014,"href":"https:\/\/conex.dk\/en\/wp-json\/wp\/v2\/pages\/50353\/revisions\/63014"}],"wp:attachment":[{"href":"https:\/\/conex.dk\/en\/wp-json\/wp\/v2\/media?parent=50353"}],"curies":[{"name":"wp","href":"https:\/\/api.w.org\/{rel}","templated":true}]}}