{"id":50274,"date":"2019-12-03T21:06:58","date_gmt":"2019-12-03T20:06:58","guid":{"rendered":"https:\/\/www.conex.webgain.dk\/?page_id=50274"},"modified":"2025-02-27T15:09:41","modified_gmt":"2025-02-27T14:09:41","slug":"traumekonference-25-26-november-2019","status":"publish","type":"page","link":"https:\/\/conex.dk\/en\/traumekonference-25-26-november-2019\/","title":{"rendered":"Traumekonference 25.-26. November 2019"},"content":{"rendered":"<p>[et_pb_section fb_built=&#8221;1&#8243; _builder_version=&#8221;4.16&#8243; custom_padding=&#8221;40px|0px|40px|0px|true|false&#8221; global_colors_info=&#8221;{}&#8221;][et_pb_row column_structure=&#8221;3_5,2_5&#8243; use_custom_gutter=&#8221;on&#8221; gutter_width=&#8221;4&#8243; make_equal=&#8221;on&#8221; _builder_version=&#8221;4.16&#8243; width_tablet=&#8221;90%&#8221; width_phone=&#8221;90%&#8221; width_last_edited=&#8221;off|phone&#8221; max_width_tablet=&#8221;90%&#8221; max_width_phone=&#8221;90%&#8221; max_width_last_edited=&#8221;off|tablet&#8221; custom_padding=&#8221;|0px||0px|false|false&#8221; global_colors_info=&#8221;{}&#8221;][et_pb_column type=&#8221;3_5&#8243; _builder_version=&#8221;4.16&#8243; custom_padding=&#8221;|||&#8221; global_colors_info=&#8221;{}&#8221; custom_padding__hover=&#8221;|||&#8221;][et_pb_text _builder_version=&#8221;4.16&#8243; header_font=&#8221;Poppins|700|||||||&#8221; header_text_color=&#8221;#000000&#8243; header_line_height=&#8221;1.4em&#8221; max_width=&#8221;500px&#8221; custom_padding=&#8221;|||&#8221; header_font_size_tablet=&#8221;&#8221; header_font_size_phone=&#8221;25px&#8221; header_font_size_last_edited=&#8221;on|phone&#8221; global_colors_info=&#8221;{}&#8221;]<\/p>\n<h1>Traumekonference<br \/>25.-26. November 2019<\/h1>\n<p>[\/et_pb_text][et_pb_text _builder_version=&#8221;4.16&#8243; text_font=&#8221;Roboto|300|||||||&#8221; text_text_color=&#8221;#000000&#8243; text_font_size=&#8221;18px&#8221; text_line_height=&#8221;1.8em&#8221; header_font=&#8221;Yeseva One||||||||&#8221; header_text_color=&#8221;#3c1c20&#8243; header_font_size=&#8221;47px&#8221; header_line_height=&#8221;1.2em&#8221; custom_margin=&#8221;-46px||&#8221; custom_margin_tablet=&#8221;-28px|||&#8221; custom_margin_phone=&#8221;-28px|||&#8221; custom_margin_last_edited=&#8221;on|tablet&#8221; global_colors_info=&#8221;{}&#8221;]<\/p>\n<p>P\u00e5 vegne af\u00a0landets 4 st\u00f8rste Traumecentre fra Rigshospitalet, Odense, Aalborg og \u00c5rhus, udbyder vi nu muligheden for at deltage som udstiller ved efter\u00e5rskurset. Der er tale om 2 dage.<\/p>\n<p><a href=\"http:\/\/traumekonference.dk\/\" target=\"_blank\" rel=\"noopener noreferrer\">L\u00e6s mere om selskabet her<\/a><\/p>\n<p>[\/et_pb_text][et_pb_divider color=&#8221;#e0e0e0&#8243; _builder_version=&#8221;4.16&#8243; max_width=&#8221;620px&#8221; custom_margin=&#8221;-7px||&#8221; custom_padding=&#8221;0px||&#8221; global_colors_info=&#8221;{}&#8221;][\/et_pb_divider][et_pb_divider color=&#8221;#383838&#8243; divider_weight=&#8221;6px&#8221; _builder_version=&#8221;4.16&#8243; max_width=&#8221;80px&#8221; custom_margin=&#8221;-69px||&#8221; custom_margin_tablet=&#8221;-55px||&#8221; custom_margin_phone=&#8221;-55px||&#8221; custom_margin_last_edited=&#8221;on|tablet&#8221; global_colors_info=&#8221;{}&#8221;][\/et_pb_divider][et_pb_accordion open_toggle_text_color=&#8221;#000000&#8243; open_toggle_background_color=&#8221;#ededed&#8221; closed_toggle_background_color=&#8221;#ededed&#8221; icon_color=&#8221;rgba(0,0,0,0)&#8221; _builder_version=&#8221;4.16&#8243; toggle_text_color=&#8221;#000000&#8243; toggle_font=&#8221;Poppins||||||||&#8221; toggle_font_size=&#8221;20px&#8221; body_font=&#8221;|300|||||||&#8221; body_text_color=&#8221;#000000&#8243; body_line_height=&#8221;1.8em&#8221; background_color=&#8221;rgba(0,0,0,0)&#8221; custom_margin=&#8221;40px||||false|false&#8221; custom_padding=&#8221;|||&#8221; toggle_line_height_tablet=&#8221;&#8221; toggle_line_height_phone=&#8221;1.4em&#8221; toggle_line_height_last_edited=&#8221;on|desktop&#8221; border_width_all=&#8221;0px&#8221; global_colors_info=&#8221;{}&#8221;][et_pb_accordion_item title=&#8221;Program og informationer&#8221; open=&#8221;on&#8221; _builder_version=&#8221;4.16&#8243; custom_margin=&#8221;||15px&#8221; custom_padding=&#8221;||&#8221; global_colors_info=&#8221;{}&#8221;]<\/p>\n<p><a href=\"https:\/\/conex.dk\/wp-content\/uploads\/2019\/09\/Program-Traumekonference-2019.pdf\">Program Traumekonference 2019<\/a><\/p>\n<p>Men f\u00f8lgende er p\u00e5 plads:<\/p>\n<ul>\n<li>Herbert Schoechl, an\u00e6stesiolog p\u00e5 traume center i Salzburg. \u201comkring permissiv hypotension\u201d<\/li>\n<li>Trine Lauridsen\u00a0 overl\u00e6ge p\u00e5 Mave-Tarm kirurgisk afdeling, AUH \u201d b\u00e6kken og abdominalpakning\u201d Opl\u00e6g ved OUH, omkring ulykken p\u00e5 Storeb\u00e6lt.<\/li>\n<li>Christian Fenger-Eriksen overl\u00e6ge og speciall\u00e6ge an\u00e6stesi. AUH<\/li>\n<\/ul>\n<p><strong>Antal deltagere<br \/> <\/strong>Der forventes ca. 300 deltagere fra hele Danmark.<\/p>\n<p><strong>Udstillingsomr\u00e5de<br \/> <\/strong>Udstillingen afholdes separat fra det faglige program.<\/p>\n<p><strong><a href=\"\/wp-content\/uploads\/2019\/10\/Skejby-Kantine-1.pdf\">Skejby Kantine v.2<\/a><\/strong><\/p>\n<p><strong>Sponsorat af andet<\/strong><br \/>Det er muligt at sponsorere keyhangers, tasker eller andet. Bare skriv til <a href=\"mailto:jnt@conex.dk\">jnt@conex.dk<\/a> hvis det har interesse.<\/p>\n<p>Bem\u00e6rk at tilmelding efter 1-11-19 ikke garanterer logo i program.<\/p>\n<p>[\/et_pb_accordion_item][et_pb_accordion_item title=&#8221;Find vej&#8221; _builder_version=&#8221;4.16&#8243; custom_margin=&#8221;||15px||false|false&#8221; custom_padding=&#8221;||&#8221; global_colors_info=&#8221;{}&#8221; open=&#8221;off&#8221;]<\/p>\n<h3>Aarhus Universitetshospital<\/h3>\n<p>Palle Juul-Jensens Boulevard 166, Indgang J3<br \/>\n<iframe loading=\"lazy\" src=\"https:\/\/www.google.com\/maps\/embed?pb=!1m18!1m12!1m3!1d2219.9760117941332!2d10.165698251190031!3d56.19209216539818!2m3!1f0!2f0!3f0!3m2!1i1024!2i768!4f13.1!3m3!1m2!1s0x464c3fbee9d8f933%3A0xcf162b38c6db90a4!2sAarhus%20Universitetshospital%2C%20Skadestuen!5e0!3m2!1sda!2sdk!4v1575407293373!5m2!1sda!2sdk\" width=\"600\" height=\"450\" frameborder=\"0\" style=\"border:0;\" allowfullscreen=\"\"><\/iframe>[\/et_pb_accordion_item][et_pb_accordion_item title=&#8221;Kontakt&#8221; _builder_version=&#8221;4.16&#8243; custom_margin=&#8221;||15px||false|false&#8221; custom_padding=&#8221;||&#8221; global_colors_info=&#8221;{}&#8221; open=&#8221;off&#8221;]Kontakt venligst Jan Nordkvist p\u00e5\u00a0<a href=\"mailto:jnt@conex.dk\" target=\"_blank\" rel=\"noopener noreferrer\">jnt@conex.dk<\/a>, hvis I \u00f8nsker at deltage som udstillere.<\/p>\n<p>Vi h\u00e5ber at se jer p\u00e5 Trumekenference 2019.[\/et_pb_accordion_item][et_pb_accordion_item title=&#8221;Udstillere sidste \u00e5r&#8221; _builder_version=&#8221;4.16&#8243; custom_margin=&#8221;||15px||false|false&#8221; custom_padding=&#8221;||&#8221; global_colors_info=&#8221;{}&#8221; open=&#8221;off&#8221;]<\/p>\n<p>Medtronic<br \/> Ulykkespatientforeningen<br \/> Laerdal<br \/> Secma<br \/> J.B. Care<br \/> Physio Control<br \/> Vikarl\u00e6ger.dk<br \/> Sobi<br \/> Medidyne<\/p>\n<p>[\/et_pb_accordion_item][et_pb_accordion_item title=&#8221;Udstillingspris og bestilling&#8221; _builder_version=&#8221;4.16&#8243; custom_margin=&#8221;||||false|false&#8221; custom_padding=&#8221;||&#8221; global_colors_info=&#8221;{}&#8221; open=&#8221;off&#8221;]<\/p>\n<p><strong>Prisen for at deltage med en stand er som f\u00f8lger:<\/strong><\/p>\n<p>Udstillingspris per m2: DKK 2.000,-<br \/> Administrationsgebyr: DKK 1.600,-<\/p>\n<p>Minimum standst\u00f8rrelse: 1,5 x 1,5 = 2,25 m2.<\/p>\n<p><strong>Priseksempel:<\/strong><br \/> 2,25 m2 x 2.000 = 4.500 + 1.600 = DKK 6.100,- for den mindste standst\u00f8rrelse.<\/p>\n<p>Prisen inkluderer udstilling i kaffepause-omr\u00e5det, stol og bord p\u00e5 standen samt adgang til m\u00f8det for to pr. stand inkl. forplejning. Evt. deltagelse ved middag er ikke inkluderet. Al ekstra personale, som \u00f8nsker forplejning, skal betale herfor.<\/p>\n<p><a href=\"#\">Klik her for at bestille en stand<\/a><\/p>\n<p>[\/et_pb_accordion_item][\/et_pb_accordion][\/et_pb_column][et_pb_column type=&#8221;2_5&#8243; _builder_version=&#8221;4.16&#8243; background_enable_image=&#8221;off&#8221; custom_padding=&#8221;|||&#8221; global_colors_info=&#8221;{}&#8221; custom_padding__hover=&#8221;|||&#8221;][et_pb_image src=&#8221;https:\/\/conex.dk\/wp-content\/uploads\/2019\/12\/auh_v_sort.jpg&#8221; _builder_version=&#8221;4.16&#8243; global_colors_info=&#8221;{}&#8221;][\/et_pb_image][et_pb_image src=&#8221;https:\/\/conex.dk\/wp-content\/uploads\/2019\/12\/midt_logo_logotype_2.jpg&#8221; _builder_version=&#8221;4.16&#8243; global_colors_info=&#8221;{}&#8221;][\/et_pb_image][et_pb_image src=&#8221;https:\/\/conex.dk\/wp-content\/uploads\/2019\/11\/udstillingsadministration.jpg&#8221; _builder_version=&#8221;4.16&#8243; global_colors_info=&#8221;{}&#8221;][\/et_pb_image][et_pb_image src=&#8221;https:\/\/conex.dk\/wp-content\/uploads\/2019\/11\/sundhedsektor-samarbejde.jpg&#8221; _builder_version=&#8221;4.16&#8243; global_colors_info=&#8221;{}&#8221;][\/et_pb_image][\/et_pb_column][\/et_pb_row][\/et_pb_section][et_pb_section fb_built=&#8221;1&#8243; _builder_version=&#8221;4.16&#8243; custom_padding=&#8221;0px||0px||true|false&#8221; global_colors_info=&#8221;{}&#8221;][et_pb_row _builder_version=&#8221;4.16&#8243; custom_padding=&#8221;||0px||false|false&#8221; global_colors_info=&#8221;{}&#8221;][et_pb_column type=&#8221;4_4&#8243; _builder_version=&#8221;4.16&#8243; global_colors_info=&#8221;{}&#8221;][et_pb_text _builder_version=&#8221;4.16&#8243; text_font=&#8221;Poppins|700||on|||||&#8221; text_text_color=&#8221;#000000&#8243; text_font_size=&#8221;30px&#8221; text_line_height=&#8221;1.2em&#8221; header_2_font=&#8221;|700||on|||||&#8221; header_2_text_align=&#8221;center&#8221; header_2_font_size=&#8221;30px&#8221; header_2_line_height=&#8221;1.2em&#8221; custom_padding=&#8221;|||&#8221; text_font_size_tablet=&#8221;&#8221; text_font_size_phone=&#8221;25px&#8221; text_font_size_last_edited=&#8221;on|desktop&#8221; text_line_height_phone=&#8221;1.5em&#8221; text_line_height_last_edited=&#8221;off|phone&#8221; global_colors_info=&#8221;{}&#8221;]<\/p>\n<h2>Udstillere<\/h2>\n<p>[\/et_pb_text][\/et_pb_column][\/et_pb_row][\/et_pb_section][et_pb_section fb_built=&#8221;1&#8243; _builder_version=&#8221;4.16&#8243; custom_padding=&#8221;0|0px|0|0px|true|false&#8221; global_colors_info=&#8221;{}&#8221;][et_pb_row column_structure=&#8221;1_3,1_3,1_3&#8243; use_custom_gutter=&#8221;on&#8221; gutter_width=&#8221;1&#8243; module_class=&#8221; et_pb_row_fullwidth&#8221; _builder_version=&#8221;4.16&#8243; width=&#8221;100%&#8221; width_tablet=&#8221;100%&#8221; width_phone=&#8221;&#8221; width_last_edited=&#8221;on|desktop&#8221; max_width=&#8221;100%&#8221; max_width_tablet=&#8221;100%&#8221; max_width_phone=&#8221;&#8221; max_width_last_edited=&#8221;on|desktop&#8221; custom_padding=&#8221;0|0px|0|0px|true|false&#8221; make_fullwidth=&#8221;on&#8221; global_colors_info=&#8221;{}&#8221;][et_pb_column type=&#8221;1_3&#8243; _builder_version=&#8221;4.16&#8243; custom_padding=&#8221;|||&#8221; global_colors_info=&#8221;{}&#8221; custom_padding__hover=&#8221;|||&#8221;][et_pb_blurb image=&#8221;https:\/\/conex.dk\/wp-content\/uploads\/2019\/12\/Dam.png&#8221; _builder_version=&#8221;4.16&#8243; custom_padding=&#8221;70px|71px|49px|71px|false|true&#8221; animation=&#8221;off&#8221; border_style_all=&#8221;none&#8221; border_width_top=&#8221;1px&#8221; border_color_top=&#8221;#d8d8d8&#8243; border_width_right=&#8221;1px&#8221; border_color_right=&#8221;#d8d8d8&#8243; border_width_bottom=&#8221;1px&#8221; border_color_bottom=&#8221;#d8d8d8&#8243; global_colors_info=&#8221;{}&#8221;][\/et_pb_blurb][\/et_pb_column][et_pb_column type=&#8221;1_3&#8243; _builder_version=&#8221;4.16&#8243; custom_padding=&#8221;|||&#8221; global_colors_info=&#8221;{}&#8221; custom_padding__hover=&#8221;|||&#8221;][et_pb_blurb image=&#8221;https:\/\/conex.dk\/wp-content\/uploads\/2019\/12\/Siemens-nyt-1024&#215;240.png&#8221; _builder_version=&#8221;4.16&#8243; custom_padding=&#8221;83px|71px|49px|71px|false|true&#8221; animation=&#8221;off&#8221; border_style_all=&#8221;none&#8221; border_width_top=&#8221;1px&#8221; border_color_top=&#8221;#d8d8d8&#8243; border_width_right=&#8221;1px&#8221; border_color_right=&#8221;#d8d8d8&#8243; border_width_bottom=&#8221;1px&#8221; border_color_bottom=&#8221;#d8d8d8&#8243; global_colors_info=&#8221;{}&#8221;][\/et_pb_blurb][\/et_pb_column][et_pb_column type=&#8221;1_3&#8243; _builder_version=&#8221;4.16&#8243; custom_padding=&#8221;|||&#8221; global_colors_info=&#8221;{}&#8221; custom_padding__hover=&#8221;|||&#8221;][et_pb_blurb image=&#8221;https:\/\/conex.dk\/wp-content\/uploads\/2019\/12\/Beredskabspsykologi-1024&#215;413.jpg&#8221; _builder_version=&#8221;4.16&#8243; custom_padding=&#8221;50px|71px|49px|71px|false|true&#8221; animation=&#8221;off&#8221; border_style_all=&#8221;none&#8221; border_width_top=&#8221;1px&#8221; border_color_top=&#8221;#d8d8d8&#8243; border_width_right=&#8221;1px&#8221; border_color_right=&#8221;#d8d8d8&#8243; border_width_bottom=&#8221;1px&#8221; border_color_bottom=&#8221;#d8d8d8&#8243; global_colors_info=&#8221;{}&#8221;][\/et_pb_blurb][\/et_pb_column][\/et_pb_row][et_pb_row column_structure=&#8221;1_3,1_3,1_3&#8243; use_custom_gutter=&#8221;on&#8221; gutter_width=&#8221;1&#8243; module_class=&#8221; et_pb_row_fullwidth&#8221; _builder_version=&#8221;4.16&#8243; width=&#8221;100%&#8221; width_tablet=&#8221;100%&#8221; width_phone=&#8221;&#8221; width_last_edited=&#8221;on|desktop&#8221; max_width=&#8221;100%&#8221; max_width_tablet=&#8221;100%&#8221; max_width_phone=&#8221;&#8221; max_width_last_edited=&#8221;on|desktop&#8221; custom_padding=&#8221;0|0px|0|0px|true|false&#8221; make_fullwidth=&#8221;on&#8221; global_colors_info=&#8221;{}&#8221;][et_pb_column type=&#8221;1_3&#8243; _builder_version=&#8221;4.16&#8243; custom_padding=&#8221;|||&#8221; global_colors_info=&#8221;{}&#8221; custom_padding__hover=&#8221;|||&#8221;][et_pb_blurb image=&#8221;https:\/\/conex.dk\/wp-content\/uploads\/2019\/12\/ge_healthcare_logo-1024&#215;640-1024&#215;640.png&#8221; _builder_version=&#8221;4.16&#8243; custom_padding=&#8221;|70px||70px|false|true&#8221; animation=&#8221;off&#8221; border_style_all=&#8221;none&#8221; border_width_top=&#8221;1px&#8221; border_color_top=&#8221;#d8d8d8&#8243; border_width_right=&#8221;1px&#8221; border_color_right=&#8221;#d8d8d8&#8243; border_width_bottom=&#8221;1px&#8221; border_color_bottom=&#8221;#d8d8d8&#8243; global_colors_info=&#8221;{}&#8221;][\/et_pb_blurb][\/et_pb_column][et_pb_column type=&#8221;1_3&#8243; _builder_version=&#8221;4.16&#8243; custom_padding=&#8221;|||&#8221; global_colors_info=&#8221;{}&#8221; custom_padding__hover=&#8221;|||&#8221;][et_pb_blurb image=&#8221;https:\/\/conex.dk\/wp-content\/uploads\/2019\/12\/UlykkesLinjen_Logo.jpg&#8221; _builder_version=&#8221;4.16&#8243; custom_padding=&#8221;70px|71px|49px|71px|false|true&#8221; animation=&#8221;off&#8221; border_style_all=&#8221;none&#8221; border_width_top=&#8221;1px&#8221; border_color_top=&#8221;#d8d8d8&#8243; border_width_right=&#8221;1px&#8221; border_color_right=&#8221;#d8d8d8&#8243; border_width_bottom=&#8221;1px&#8221; border_color_bottom=&#8221;#d8d8d8&#8243; global_colors_info=&#8221;{}&#8221;][\/et_pb_blurb][\/et_pb_column][et_pb_column type=&#8221;1_3&#8243; _builder_version=&#8221;4.16&#8243; custom_padding=&#8221;|||&#8221; global_colors_info=&#8221;{}&#8221; custom_padding__hover=&#8221;|||&#8221;][et_pb_blurb image=&#8221;https:\/\/conex.dk\/wp-content\/uploads\/2019\/12\/intersurgical.png&#8221; _builder_version=&#8221;4.16&#8243; custom_padding=&#8221;22px|70px||70px|false|true&#8221; animation=&#8221;off&#8221; border_style_all=&#8221;none&#8221; border_width_top=&#8221;1px&#8221; border_color_top=&#8221;#d8d8d8&#8243; border_width_right=&#8221;1px&#8221; border_color_right=&#8221;#d8d8d8&#8243; border_width_bottom=&#8221;1px&#8221; border_color_bottom=&#8221;#d8d8d8&#8243; global_colors_info=&#8221;{}&#8221;][\/et_pb_blurb][\/et_pb_column][\/et_pb_row][et_pb_row column_structure=&#8221;1_3,1_3,1_3&#8243; use_custom_gutter=&#8221;on&#8221; gutter_width=&#8221;1&#8243; module_class=&#8221; et_pb_row_fullwidth&#8221; _builder_version=&#8221;4.16&#8243; width=&#8221;100%&#8221; width_tablet=&#8221;100%&#8221; width_phone=&#8221;&#8221; width_last_edited=&#8221;on|desktop&#8221; max_width=&#8221;100%&#8221; max_width_tablet=&#8221;100%&#8221; max_width_phone=&#8221;&#8221; max_width_last_edited=&#8221;on|desktop&#8221; custom_padding=&#8221;0|0px|0|0px|true|false&#8221; make_fullwidth=&#8221;on&#8221; global_colors_info=&#8221;{}&#8221;][et_pb_column type=&#8221;1_3&#8243; _builder_version=&#8221;4.16&#8243; custom_padding=&#8221;|||&#8221; global_colors_info=&#8221;{}&#8221; custom_padding__hover=&#8221;|||&#8221;][et_pb_blurb image=&#8221;https:\/\/conex.dk\/wp-content\/uploads\/2019\/12\/logo-medela-open-graph.png&#8221; _builder_version=&#8221;4.16&#8243; custom_padding=&#8221;70px|71px|49px|71px|false|true&#8221; animation=&#8221;off&#8221; border_style_all=&#8221;none&#8221; border_width_top=&#8221;1px&#8221; border_color_top=&#8221;#d8d8d8&#8243; border_width_right=&#8221;1px&#8221; border_color_right=&#8221;#d8d8d8&#8243; border_width_bottom=&#8221;1px&#8221; border_color_bottom=&#8221;#d8d8d8&#8243; global_colors_info=&#8221;{}&#8221;][\/et_pb_blurb][\/et_pb_column][et_pb_column type=&#8221;1_3&#8243; _builder_version=&#8221;4.16&#8243; custom_padding=&#8221;|||&#8221; global_colors_info=&#8221;{}&#8221; custom_padding__hover=&#8221;|||&#8221;][et_pb_blurb image=&#8221;https:\/\/conex.dk\/wp-content\/uploads\/2019\/12\/BD-Logo_Press.jpg&#8221; _builder_version=&#8221;4.16&#8243; custom_padding=&#8221;70px|71px|0px|71px|false|true&#8221; animation=&#8221;off&#8221; border_style_all=&#8221;none&#8221; border_width_top=&#8221;1px&#8221; border_color_top=&#8221;#d8d8d8&#8243; border_width_right=&#8221;1px&#8221; border_color_right=&#8221;#d8d8d8&#8243; border_width_bottom=&#8221;1px&#8221; border_color_bottom=&#8221;#d8d8d8&#8243; global_colors_info=&#8221;{}&#8221;][\/et_pb_blurb][\/et_pb_column][et_pb_column type=&#8221;1_3&#8243; _builder_version=&#8221;4.16&#8243; custom_padding=&#8221;|||&#8221; global_colors_info=&#8221;{}&#8221; custom_padding__hover=&#8221;|||&#8221;][et_pb_blurb image=&#8221;https:\/\/conex.dk\/wp-content\/uploads\/2019\/12\/MMC_Logo_name_green_250x250px_web.png&#8221; _builder_version=&#8221;4.27.4&#8243; custom_padding=&#8221;70px|71px|0px|71px|false|true&#8221; animation=&#8221;off&#8221; hover_enabled=&#8221;0&#8243; border_style_all=&#8221;none&#8221; border_width_top=&#8221;1px&#8221; border_color_top=&#8221;#d8d8d8&#8243; border_width_right=&#8221;1px&#8221; border_color_right=&#8221;#d8d8d8&#8243; border_width_bottom=&#8221;1px&#8221; border_color_bottom=&#8221;#d8d8d8&#8243; global_colors_info=&#8221;{}&#8221; sticky_enabled=&#8221;0&#8243; alt=&#8221;MyMedCards logo&#8221; title_text=&#8221;MyMedCards logo&#8221;][\/et_pb_blurb][\/et_pb_column][\/et_pb_row][et_pb_row column_structure=&#8221;1_4,1_4,1_4,1_4&#8243; use_custom_gutter=&#8221;on&#8221; gutter_width=&#8221;1&#8243; module_class=&#8221; et_pb_row_fullwidth&#8221; _builder_version=&#8221;4.16&#8243; width=&#8221;100%&#8221; width_tablet=&#8221;100%&#8221; width_phone=&#8221;&#8221; width_last_edited=&#8221;on|desktop&#8221; max_width=&#8221;100%&#8221; max_width_tablet=&#8221;100%&#8221; max_width_phone=&#8221;&#8221; max_width_last_edited=&#8221;on|desktop&#8221; custom_padding=&#8221;0|0px|0|0px|true|false&#8221; make_fullwidth=&#8221;on&#8221; global_colors_info=&#8221;{}&#8221;][et_pb_column type=&#8221;1_4&#8243; _builder_version=&#8221;4.16&#8243; custom_padding=&#8221;|||&#8221; global_colors_info=&#8221;{}&#8221; custom_padding__hover=&#8221;|||&#8221;][et_pb_blurb image=&#8221;https:\/\/conex.dk\/wp-content\/uploads\/2019\/12\/Mequ.png&#8221; _builder_version=&#8221;4.16&#8243; custom_padding=&#8221;70px|71px|49px|71px|false|true&#8221; animation=&#8221;off&#8221; border_style_all=&#8221;none&#8221; border_width_top=&#8221;1px&#8221; border_color_top=&#8221;#d8d8d8&#8243; border_width_right=&#8221;1px&#8221; border_color_right=&#8221;#d8d8d8&#8243; border_width_bottom=&#8221;1px&#8221; border_color_bottom=&#8221;#d8d8d8&#8243; global_colors_info=&#8221;{}&#8221;][\/et_pb_blurb][\/et_pb_column][et_pb_column type=&#8221;1_4&#8243; _builder_version=&#8221;4.16&#8243; custom_padding=&#8221;|||&#8221; global_colors_info=&#8221;{}&#8221; custom_padding__hover=&#8221;|||&#8221;][et_pb_blurb image=&#8221;https:\/\/conex.dk\/wp-content\/uploads\/2019\/12\/secma.jpeg&#8221; _builder_version=&#8221;4.16&#8243; custom_padding=&#8221;70px|71px|49px|71px|false|true&#8221; animation=&#8221;off&#8221; border_style_all=&#8221;none&#8221; border_width_top=&#8221;1px&#8221; border_color_top=&#8221;#d8d8d8&#8243; border_width_right=&#8221;1px&#8221; border_color_right=&#8221;#d8d8d8&#8243; border_width_bottom=&#8221;1px&#8221; border_color_bottom=&#8221;#d8d8d8&#8243; global_colors_info=&#8221;{}&#8221;][\/et_pb_blurb][\/et_pb_column][et_pb_column type=&#8221;1_4&#8243; _builder_version=&#8221;4.16&#8243; custom_padding=&#8221;|||&#8221; global_colors_info=&#8221;{}&#8221; custom_padding__hover=&#8221;|||&#8221;][et_pb_blurb image=&#8221;https:\/\/conex.dk\/wp-content\/uploads\/2019\/12\/stryker-1024&#215;247.jpeg&#8221; _builder_version=&#8221;4.16&#8243; custom_padding=&#8221;70px|70px|70px|70px|true|true&#8221; animation=&#8221;off&#8221; border_style_all=&#8221;none&#8221; border_width_top=&#8221;1px&#8221; border_color_top=&#8221;#d8d8d8&#8243; border_width_right=&#8221;1px&#8221; border_color_right=&#8221;#d8d8d8&#8243; border_width_bottom=&#8221;1px&#8221; border_color_bottom=&#8221;#d8d8d8&#8243; global_colors_info=&#8221;{}&#8221;][\/et_pb_blurb][\/et_pb_column][et_pb_column type=&#8221;1_4&#8243; _builder_version=&#8221;4.16&#8243; custom_padding=&#8221;|||&#8221; global_colors_info=&#8221;{}&#8221; custom_padding__hover=&#8221;|||&#8221;][et_pb_blurb image=&#8221;https:\/\/conex.dk\/wp-content\/uploads\/2019\/12\/a_sig_vert_2c_bk_jpg.jpg&#8221; _builder_version=&#8221;4.16&#8243; custom_padding=&#8221;1px|70px|1px|70px|true|true&#8221; animation=&#8221;off&#8221; border_style_all=&#8221;none&#8221; border_width_top=&#8221;1px&#8221; border_color_top=&#8221;#d8d8d8&#8243; border_width_right=&#8221;1px&#8221; border_color_right=&#8221;#d8d8d8&#8243; border_width_bottom=&#8221;1px&#8221; border_color_bottom=&#8221;#d8d8d8&#8243; global_colors_info=&#8221;{}&#8221;][\/et_pb_blurb][\/et_pb_column][\/et_pb_row][\/et_pb_section]<\/p>\n","protected":false},"excerpt":{"rendered":"<p>Traumekonference25.-26. November 2019P\u00e5 vegne af\u00a0landets 4 st\u00f8rste Traumecentre fra Rigshospitalet, Odense, Aalborg og \u00c5rhus, udbyder vi nu muligheden for at deltage som udstiller ved efter\u00e5rskurset. Der er tale om 2 dage. L\u00e6s mere om selskabet herProgram Traumekonference 2019 Men f\u00f8lgende er p\u00e5 plads: Herbert Schoechl, an\u00e6stesiolog p\u00e5 traume center i Salzburg. \u201comkring permissiv hypotension\u201d Trine Lauridsen\u00a0 overl\u00e6ge p\u00e5 Mave-Tarm kirurgisk afdeling, AUH \u201d b\u00e6kken og abdominalpakning\u201d Opl\u00e6g ved OUH, omkring ulykken p\u00e5 Storeb\u00e6lt. Christian Fenger-Eriksen overl\u00e6ge og speciall\u00e6ge an\u00e6stesi. AUH Antal deltagere Der forventes ca. 300 deltagere fra hele Danmark. Udstillingsomr\u00e5de Udstillingen afholdes separat fra det faglige program. Skejby Kantine v.2 Sponsorat af andetDet er muligt at sponsorere keyhangers, tasker eller andet. Bare skriv til jnt@conex.dk hvis det har interesse. Bem\u00e6rk at tilmelding efter 1-11-19 ikke garanterer logo i program.Aarhus Universitetshospital Palle Juul-Jensens Boulevard 166, Indgang J3 Kontakt venligst Jan Nordkvist p\u00e5\u00a0jnt@conex.dk, hvis I \u00f8nsker at deltage som udstillere. Vi h\u00e5ber at se jer p\u00e5 Trumekenference 2019.Medtronic Ulykkespatientforeningen Laerdal Secma J.B. Care Physio Control Vikarl\u00e6ger.dk Sobi MedidynePrisen for at deltage med en stand er som f\u00f8lger: Udstillingspris per m2: DKK 2.000,- Administrationsgebyr: DKK 1.600,- Minimum standst\u00f8rrelse: 1,5 x 1,5 = 2,25 m2. Priseksempel: 2,25 m2 x 2.000 = 4.500 + [&hellip;]<\/p>\n","protected":false},"author":1,"featured_media":0,"parent":0,"menu_order":0,"comment_status":"closed","ping_status":"closed","template":"","meta":{"_acf_changed":false,"xn-wppe-expiration":[],"xn-wppe-expiration-action":[],"xn-wppe-expiration-prefix":[],"_et_pb_use_builder":"on","_et_pb_old_content":"","_et_gb_content_width":"","footnotes":""},"class_list":["post-50274","page","type-page","status-publish","hentry"],"acf":[],"_links":{"self":[{"href":"https:\/\/conex.dk\/en\/wp-json\/wp\/v2\/pages\/50274","targetHints":{"allow":["GET"]}}],"collection":[{"href":"https:\/\/conex.dk\/en\/wp-json\/wp\/v2\/pages"}],"about":[{"href":"https:\/\/conex.dk\/en\/wp-json\/wp\/v2\/types\/page"}],"author":[{"embeddable":true,"href":"https:\/\/conex.dk\/en\/wp-json\/wp\/v2\/users\/1"}],"replies":[{"embeddable":true,"href":"https:\/\/conex.dk\/en\/wp-json\/wp\/v2\/comments?post=50274"}],"version-history":[{"count":6,"href":"https:\/\/conex.dk\/en\/wp-json\/wp\/v2\/pages\/50274\/revisions"}],"predecessor-version":[{"id":63011,"href":"https:\/\/conex.dk\/en\/wp-json\/wp\/v2\/pages\/50274\/revisions\/63011"}],"wp:attachment":[{"href":"https:\/\/conex.dk\/en\/wp-json\/wp\/v2\/media?parent=50274"}],"curies":[{"name":"wp","href":"https:\/\/api.w.org\/{rel}","templated":true}]}}