{"id":50260,"date":"2019-12-03T20:18:30","date_gmt":"2019-12-03T19:18:30","guid":{"rendered":"https:\/\/www.conex.webgain.dk\/?page_id=50260"},"modified":"2025-02-25T14:07:55","modified_gmt":"2025-02-25T13:07:55","slug":"persondatapolitik","status":"publish","type":"page","link":"https:\/\/conex.dk\/en\/persondatapolitik\/","title":{"rendered":"Privacy Policy"},"content":{"rendered":"<p>[et_pb_section fb_built=&#8221;1&#8243; _builder_version=&#8221;4.16&#8243; background_color=&#8221;rgba(0,0,0,0.25)&#8221; background_image=&#8221;https:\/\/conex.dk\/wp-content\/uploads\/2019\/12\/persondatapolitik.jpg&#8221; background_blend=&#8221;overlay&#8221; custom_padding=&#8221;80px|0px|80px|0px|true|false&#8221; global_colors_info=&#8221;{}&#8221;][et_pb_row _builder_version=&#8221;4.16&#8243; custom_padding=&#8221;|0px||0px|false|false&#8221; global_colors_info=&#8221;{}&#8221;][et_pb_column type=&#8221;4_4&#8243; _builder_version=&#8221;4.16&#8243; custom_padding=&#8221;|||&#8221; global_colors_info=&#8221;{}&#8221; custom_padding__hover=&#8221;|||&#8221;][et_pb_text _builder_version=&#8221;4.16&#8243; text_font=&#8221;Poppins|700|||||||&#8221; text_text_color=&#8221;#ffffff&#8221; text_font_size=&#8221;30px&#8221; header_font=&#8221;Poppins|700||on|||||&#8221; header_text_color=&#8221;#ffffff&#8221; header_font_size=&#8221;50px&#8221; header_line_height=&#8221;1.3em&#8221; text_orientation=&#8221;center&#8221; text_font_size_tablet=&#8221;&#8221; text_font_size_phone=&#8221;20px&#8221; text_font_size_last_edited=&#8221;on|desktop&#8221; global_colors_info=&#8221;{}&#8221;]<\/p>\n<h1>Persondatapolitik<\/h1>\n<p>[\/et_pb_text][\/et_pb_column][\/et_pb_row][\/et_pb_section][et_pb_section fb_built=&#8221;1&#8243; _builder_version=&#8221;4.27.4&#8243; background_enable_color=&#8221;off&#8221; custom_padding=&#8221;40px|0px|40px|0px|true|false&#8221; global_colors_info=&#8221;{}&#8221;][et_pb_row _builder_version=&#8221;4.16&#8243; global_colors_info=&#8221;{}&#8221;][et_pb_column type=&#8221;4_4&#8243; _builder_version=&#8221;4.16&#8243; global_colors_info=&#8221;{}&#8221;][et_pb_text _builder_version=&#8221;4.16&#8243; custom_margin=&#8221;||-3px|||&#8221; global_colors_info=&#8221;{}&#8221;]<\/p>\n<h2>Persondata GDPR<\/h2>\n<p><strong>Fortegnelse \u2013 Dataansvarlig \u2013 ConEx<\/strong><\/p>\n<p>Fortegnelse over behandlingsaktiviteter.<\/p>\n<p>[\/et_pb_text][et_pb_text _builder_version=&#8221;4.27.4&#8243; hover_enabled=&#8221;0&#8243; global_colors_info=&#8221;{}&#8221; sticky_enabled=&#8221;0&#8243; custom_padding=&#8221;2vw||||false|false&#8221;]<\/p>\n<h3>Dataansvarlig<\/h3>\n<p><strong>Virksomhedens navn, CVR-nr. og kontaktoplysninger:<\/strong><\/p>\n<p><strong>Con.Ex ApS<\/strong><br \/>CVR-nr. 38 35 01 29<br \/>Millingvej 20<br \/>3450 Aller\u00f8d<br \/>Tlf. 30965264<br \/>Mail: <a href=\"mailto:info@conex.dk\">info@conex.dk<\/a><\/p>\n<p><strong>De f\u00e6lles dataansvarlige samt deres kontaktoplysninger:<\/strong><\/p>\n<p>Ingen<\/p>\n<h3>Form\u00e5l<\/h3>\n<p>Vi indhenter oplysninger om navn og e-mail, n\u00e5r man skriver til os via vores hjemmeside. Dette er n\u00f8dvendigt for at kunne besvare henvendelsen.<\/p>\n<p>Ved booking af en stand til arrangementer indhentes oplysninger om \u00f8nsket standst\u00f8rrelse, deltagere, telefonnummer, e-mail samt fakturaoplysninger (navn, CVR-nr., adresse m.v.). Disse oplysninger er n\u00f8dvendige for at lave en kontrakt og kontakte udstilleren ved behov.<\/p>\n<h3>Kategorier af registrerede og personoplysninger<\/h3>\n<p><strong>Kategori af registrerede personer:<\/strong><\/p>\n<ul>\n<li>Udstillere<\/li>\n<li>Tidligere udstillere<\/li>\n<\/ul>\n<p><strong>Oplysninger, som behandles om de registrerede personer:<\/strong><\/p>\n<ul>\n<li>Identifikationsoplysninger: <strong>Ja<\/strong><\/li>\n<li>Race eller etnisk oprindelse: <strong>Nej<\/strong><\/li>\n<li>Politisk, religi\u00f8s eller filosofisk overbevisning: <strong>Nej<\/strong><\/li>\n<li>Fagforeningsm\u00e6ssigt tilh\u00f8rsforhold: <strong>Nej<\/strong><\/li>\n<li>Helbredsoplysninger: <strong>Nej<\/strong><\/li>\n<li>Biometrisk data med henblik p\u00e5 identifikation: <strong>Nej<\/strong><\/li>\n<li>Seksuelle forhold: <strong>Nej<\/strong><\/li>\n<li>Strafbare forhold: <strong>Nej<\/strong><\/li>\n<\/ul>\n<h3>Modtagerne af personoplysningerne<\/h3>\n<p><strong>Kategorier af modtagere:<\/strong> Ingen<\/p>\n<h3>Tredjelande og internationale organisationer<\/h3>\n<p><strong>Overf\u00f8relse af personoplysninger:<\/strong> Nej<\/p>\n<h3>Sletning<\/h3>\n<p>Oplysninger p\u00e5 eksisterende udstillere slettes ikke f\u00f8rend udstillingen er afholdt.<\/p>\n<p>Oplysninger p\u00e5 tidligere udstillere slettes, n\u00e5r de ikke l\u00e6ngere er n\u00f8dvendige, dog senest l\u00f8bende kalender\u00e5r + 5 \u00e5r efter sidste kontakt.<\/p>\n<h3>Tekniske og organisatoriske sikkerhedsforanstaltninger<\/h3>\n<p>Behandling af personoplysninger i forbindelse med HR-arbejde sker i overensstemmelse med interne retningslinjer, herunder autorisation, adgangsstyring og logning.<\/p>\n<p>Personoplysninger opbevares pseudonymiseret og krypteret samt transmitteres krypteret.<\/p>\n<p>Fysisk materiale opbevares afl\u00e5st.<\/p>\n<p>[\/et_pb_text][et_pb_text _builder_version=&#8221;4.16&#8243; global_colors_info=&#8221;{}&#8221;]<\/p>\n<h2>Privatlivspolitik<\/h2>\n<ol>\n<li>Dataansvarlig<\/li>\n<\/ol>\n<p>Nedenst\u00e5ende selskab er ansvarlig for behandling af dine personoplysninger:<\/p>\n<p>Con.Ex IVS<br \/> CVR-nr. 38 35 01 29<br \/> Millingvej 20<br \/> 3450 Aller\u00f8d<\/p>\n<p>Vi kan kontaktes p\u00e5 nedenst\u00e5ende nummer og mailadresse, hvis du m\u00e5tte have sp\u00f8rgsm\u00e5l til vores behandling af dine personoplysninger eller m\u00e5tte \u00f8nske at g\u00f8re brug af dine rettigheder i henhold til punkt 5 nedenfor:<\/p>\n<p>Telefon: 30965264<\/p>\n<p>Mailadresse: info@conex.dk<\/p>\n<ol start=\"2\">\n<li>Form\u00e5let med og grundlaget for behandling af dine personoplysninger<\/li>\n<\/ol>\n<p>Con.Ex IVS behandler alene dine personoplysninger, hvis vi har et gyldigt behandlingsgrundlag.<\/p>\n<p>Form\u00e5let med behandling af dine personoplysninger er, at vi kan behandle din anmodning om en stand p\u00e5 \u00e9n af vores udstillinger eller besvare dine sp\u00f8rgsm\u00e5l via vores mail eller kontaktformular.<\/p>\n<p>Vi indhenter alene de oplysninger, som er n\u00f8dvendige for at kunne behandle din henvendelse.<\/p>\n<p>Grundlaget for vores behandling af dine oplysninger sker med henvisning til opfyldelse af en kontrakt eller som f\u00f8lge af vores legitime interesse.<\/p>\n<p><u>Nyhedsbreve<\/u><\/p>\n<p>Du kan tilmelde dig vores nyhedsbrev ved at krydse feltet \u201dJeg tilmelder mig hermed nyhedsbreve\u201d af i din udstillingskontrakt med os, eller ved at rette skriftlig henvendelse til os.<\/p>\n<p>Vi tilmelder dig ikke til vores nyhedsbrev, medmindre du selv har givet et udtrykkeligt samtykke til, at du \u00f8nsker at v\u00e6re tilmeldt.<\/p>\n<p>Grundlaget for vores behandling af personoplysninger ved fremsendelse af nyhedsbreve sker derfor p\u00e5 baggrund af dit udtrykkelige samtykke.<\/p>\n<p>Dit samtykke kan til enhver tid tilbagekaldes ved at rette henvendelse til os, eller ved at trykke \u201dafmeld nyhedsbrev\u201d i hvert enkelt nyhedsbrev.<\/p>\n<ol start=\"3\">\n<li>Opbevaringsperiode \u2013 sletning af personoplysninger<\/li>\n<\/ol>\n<p>Vi opbevarer alene dine personoplysninger, s\u00e5 l\u00e6nge vi har et grundlag herfor.<\/p>\n<p>Som udgangspunkt vil vi slette oplysninger p\u00e5 tidligere udstillere, n\u00e5r vi ikke l\u00e6ngere har brug for disse, dog senest l\u00f8bende \u00e5r plus 5 \u00e5r efter en udstiller sidst har v\u00e6ret i kontakt med os.<\/p>\n<p>Vi sletter de personoplysninger, vi bruger i forbindelse med udsendelse af nyhedsbreve, n\u00e5r du tr\u00e6kker dit samtykke tilbage, medmindre vi har et andet behandlingsgrundlag for opbevaring af oplysningerne.<\/p>\n<ol start=\"4\">\n<li>Sikkerhed<\/li>\n<\/ol>\n<p>Hos Con.Ex IVS passer vi godt p\u00e5 dine personoplysninger, og vi har derfor implementeret passende tekniske og organisatoriske foranstaltninger, for at sikre et passende sikkerhedsniveau.<\/p>\n<ol start=\"5\">\n<li>Dine rettigheder, som registret<\/li>\n<\/ol>\n<p>Som registreret, har du ret til at f\u00e5 oplyst, hvilke personoplysninger vi hos Con.Ex IVS har registreret om dig.<\/p>\n<p>Som registreret har du blandt andet ret til at f\u00e5 oplysning omkring:<\/p>\n<ul>\n<li>Hvilke personoplysninger vi behandler p\u00e5 dig<\/li>\n<li>Hvad vores form\u00e5l er med behandlingen af dine personoplysninger<\/li>\n<li>Hvem vi eventuelt videregiver dine personoplysninger til<\/li>\n<li>Hvor l\u00e6nge vi opbevarer dine personoplysninger eller hvilke kriterier vi l\u00e6gger v\u00e6gt p\u00e5, n\u00e5r vi skal tage stilling til, hvor l\u00e6nge dine personoplysninger opbevares<\/li>\n<\/ul>\n<p>Derudover har du som registreret ret til at:<\/p>\n<ul>\n<li>F\u00e5 rettet forkerte\/ufuldst\u00e6ndige oplysninger (ret til berigtigelse)<\/li>\n<li>F\u00e5 dine personoplysninger slettes (retten til at blive glemt)<\/li>\n<li>Anmode om, at vi begr\u00e6nser behandlingen af dine personoplysninger<\/li>\n<li>F\u00e5 indsigt i de oplysninger, som vi har registreret om dig (Indsigtsret)<\/li>\n<li>F\u00e5 dine personoplysninger flyttet (dataportabilitet)<\/li>\n<\/ul>\n<p>Hvis du \u00f8nsker at g\u00f8re brug af ovenst\u00e5ende rettigheder, er du meget velkommen til at kontakte os p\u00e5 de kontaktoplysninger, som er anf\u00f8rt under punkt 1.<\/p>\n<p><u>Klage<\/u><\/p>\n<p>Hvis du \u00f8nsker at klage over vores behandling af dine personoplysninger, er du meget velkommen til at kontakte os. Vi tager alle henvendelser seri\u00f8st, og g\u00e5r meget op i, at vores brugere\/udstillere har tillid til os, og vores behandling af deres personoplysninger.<\/p>\n<p>Du har ogs\u00e5 mulighed for at klage direkte til Datatilsynet. Du kan p\u00e5 Datatilsynets hjemmeside l\u00e6se mere om, hvordan du kan klage direkte til dem.<\/p>\n<p>Datatilsynet<br \/>Telefon: (+45) 3319 3200<br \/>E-mail: <a href=\"mailto:dt@datatilsynet.dk\">dt@datatilsynet.dk<\/a><br \/>Hjemmeside: <a href=\"http:\/\/www.datatilsynet.dk\" target=\"_blank\" rel=\"noopener\">www.datatilsynet.dk<\/a>\u00a0<\/p>\n<p>&nbsp;<\/p>\n<p>[\/et_pb_text][\/et_pb_column][\/et_pb_row][\/et_pb_section]<\/p>\n","protected":false},"excerpt":{"rendered":"<p>PersondatapolitikPersondata GDPR Fortegnelse \u2013 Dataansvarlig \u2013 ConEx Fortegnelse over behandlingsaktiviteter.Dataansvarlig Virksomhedens navn, CVR-nr. og kontaktoplysninger: Con.Ex ApSCVR-nr. 38 35 01 29Millingvej 203450 Aller\u00f8dTlf. 30965264Mail: info@conex.dk De f\u00e6lles dataansvarlige samt deres kontaktoplysninger: Ingen Form\u00e5l Vi indhenter oplysninger om navn og e-mail, n\u00e5r man skriver til os via vores hjemmeside. Dette er n\u00f8dvendigt for at kunne besvare henvendelsen. Ved booking af en stand til arrangementer indhentes oplysninger om \u00f8nsket standst\u00f8rrelse, deltagere, telefonnummer, e-mail samt fakturaoplysninger (navn, CVR-nr., adresse m.v.). Disse oplysninger er n\u00f8dvendige for at lave en kontrakt og kontakte udstilleren ved behov. Kategorier af registrerede og personoplysninger Kategori af registrerede personer: Udstillere Tidligere udstillere Oplysninger, som behandles om de registrerede personer: Identifikationsoplysninger: Ja Race eller etnisk oprindelse: Nej Politisk, religi\u00f8s eller filosofisk overbevisning: Nej Fagforeningsm\u00e6ssigt tilh\u00f8rsforhold: Nej Helbredsoplysninger: Nej Biometrisk data med henblik p\u00e5 identifikation: Nej Seksuelle forhold: Nej Strafbare forhold: Nej Modtagerne af personoplysningerne Kategorier af modtagere: Ingen Tredjelande og internationale organisationer Overf\u00f8relse af personoplysninger: Nej Sletning Oplysninger p\u00e5 eksisterende udstillere slettes ikke f\u00f8rend udstillingen er afholdt. Oplysninger p\u00e5 tidligere udstillere slettes, n\u00e5r de ikke l\u00e6ngere er n\u00f8dvendige, dog senest l\u00f8bende kalender\u00e5r + 5 \u00e5r efter sidste kontakt. Tekniske og organisatoriske sikkerhedsforanstaltninger Behandling af personoplysninger i forbindelse med HR-arbejde sker [&hellip;]<\/p>\n","protected":false},"author":1,"featured_media":0,"parent":0,"menu_order":0,"comment_status":"closed","ping_status":"closed","template":"","meta":{"_acf_changed":false,"xn-wppe-expiration":[],"xn-wppe-expiration-action":[],"xn-wppe-expiration-prefix":[],"_et_pb_use_builder":"on","_et_pb_old_content":"","_et_gb_content_width":"","footnotes":""},"class_list":["post-50260","page","type-page","status-publish","hentry"],"acf":[],"_links":{"self":[{"href":"https:\/\/conex.dk\/en\/wp-json\/wp\/v2\/pages\/50260","targetHints":{"allow":["GET"]}}],"collection":[{"href":"https:\/\/conex.dk\/en\/wp-json\/wp\/v2\/pages"}],"about":[{"href":"https:\/\/conex.dk\/en\/wp-json\/wp\/v2\/types\/page"}],"author":[{"embeddable":true,"href":"https:\/\/conex.dk\/en\/wp-json\/wp\/v2\/users\/1"}],"replies":[{"embeddable":true,"href":"https:\/\/conex.dk\/en\/wp-json\/wp\/v2\/comments?post=50260"}],"version-history":[{"count":8,"href":"https:\/\/conex.dk\/en\/wp-json\/wp\/v2\/pages\/50260\/revisions"}],"predecessor-version":[{"id":62973,"href":"https:\/\/conex.dk\/en\/wp-json\/wp\/v2\/pages\/50260\/revisions\/62973"}],"wp:attachment":[{"href":"https:\/\/conex.dk\/en\/wp-json\/wp\/v2\/media?parent=50260"}],"curies":[{"name":"wp","href":"https:\/\/api.w.org\/{rel}","templated":true}]}}