{"id":50255,"date":"2019-12-03T20:15:15","date_gmt":"2019-12-03T19:15:15","guid":{"rendered":"https:\/\/www.conex.webgain.dk\/?page_id=50255"},"modified":"2025-02-25T12:47:45","modified_gmt":"2025-02-25T11:47:45","slug":"vilkaar-spf-eller-ls","status":"publish","type":"page","link":"https:\/\/conex.dk\/en\/vilkaar-spf-eller-ls\/","title":{"rendered":"Terms for nursing or medical societies"},"content":{"rendered":"<p>[et_pb_section fb_built=&#8221;1&#8243; _builder_version=&#8221;4.16&#8243; background_color=&#8221;rgba(0,0,0,0.25)&#8221; background_image=&#8221;https:\/\/conex.dk\/wp-content\/uploads\/2019\/12\/vilkaar-for-udstillere.jpg&#8221; background_blend=&#8221;overlay&#8221; custom_padding=&#8221;80px|0px|80px|0px|true|false&#8221; global_colors_info=&#8221;{}&#8221;][et_pb_row _builder_version=&#8221;4.16&#8243; custom_padding=&#8221;|0px||0px|false|false&#8221; global_colors_info=&#8221;{}&#8221;][et_pb_column type=&#8221;4_4&#8243; _builder_version=&#8221;4.16&#8243; custom_padding=&#8221;|||&#8221; global_colors_info=&#8221;{}&#8221; custom_padding__hover=&#8221;|||&#8221;][et_pb_text _builder_version=&#8221;4.16&#8243; text_font=&#8221;Poppins|700|||||||&#8221; text_text_color=&#8221;#ffffff&#8221; text_font_size=&#8221;30px&#8221; header_font=&#8221;Poppins|700||on|||||&#8221; header_text_color=&#8221;#ffffff&#8221; header_font_size=&#8221;50px&#8221; header_line_height=&#8221;1.3em&#8221; text_orientation=&#8221;center&#8221; text_font_size_tablet=&#8221;&#8221; text_font_size_phone=&#8221;20px&#8221; text_font_size_last_edited=&#8221;on|desktop&#8221; global_colors_info=&#8221;{}&#8221;]<\/p>\n<h1>Vilk\u00e5r for sygeplejefaglig- eller l\u00e6gevidenskabelige selskaber<\/h1>\n<p>[\/et_pb_text][\/et_pb_column][\/et_pb_row][\/et_pb_section][et_pb_section fb_built=&#8221;1&#8243; _builder_version=&#8221;4.27.4&#8243; custom_padding=&#8221;40px|0px|40px|0px|true|false&#8221; hover_enabled=&#8221;0&#8243; global_colors_info=&#8221;{}&#8221; background_enable_color=&#8221;off&#8221; sticky_enabled=&#8221;0&#8243;][et_pb_row _builder_version=&#8221;4.16&#8243; global_colors_info=&#8221;{}&#8221;][et_pb_column type=&#8221;4_4&#8243; _builder_version=&#8221;4.16&#8243; global_colors_info=&#8221;{}&#8221;][et_pb_text _builder_version=&#8221;4.17.4&#8243; global_colors_info=&#8221;{}&#8221;]<\/p>\n<p>Dette er et uddrag af de vigtigste punkter. Kontakt os for yderligere information p\u00e5<span>\u00a0<\/span><a href=\"mailto:info@conex.dk\">info@conex.dk<\/a><\/p>\n<p><strong>Kontrakt mellem parterne<\/strong><br \/>Der indg\u00e5es f\u00f8lgende aftale om udstilling i forbindelse med et givent arrangement.<\/p>\n<p><strong>Opgavebeskrivelse for Con.Ex<\/strong><br \/>Dette punkt kan variere, men som udgangspunkt vil Con.Ex v\u00e6re behj\u00e6lpelig med udstillingen. Det er Con.Ex\u2019s ansvar at varetage kontakten til udstillerne og afholdelsesstedet i t\u00e6t samarbejde med arrang\u00f8ren. Con.Ex st\u00e5r for udstillernes tilmelding, er \u00f8konomisk bindeled og s\u00f8rger for standfordelingen.<\/p>\n<p>Con.Ex s\u00f8ger at overholde g\u00e6ldende love og regler, herunder<span>\u00a0<\/span><a href=\"http:\/\/www.enli.dk\/regler\/\" target=\"_blank\" rel=\"noopener noreferrer\">L\u00e6gemiddelindustriens kodeks vedr\u00f8rende reklame mv. for l\u00e6gemidler rettet mod sundhedspersoner<\/a><span>\u00a0<\/span>og<span>\u00a0<\/span><a href=\"https:\/\/www.efpia.eu\/relationships-code\/the-efpia-code\" target=\"_blank\" rel=\"noopener noreferrer\">EFPIA Code on the Promotion of Prescription-Only Medicines to, and Interactions with, Healthcare Professionals<\/a>. Det er Con.Exs\u2019 ansvar at informere udstillere herom.<\/p>\n<p>Efter endt arrangement sender Con.Ex en opg\u00f8relse over opn\u00e5et sponsorst\u00f8tte og afregner med arrang\u00f8ren.<\/p>\n<p><strong>Opgavebeskrivelse for arrang\u00f8ren af arrangementet<\/strong><br \/>Dette punkt varierer normalt ikke meget, da det er vigtigt, at arrang\u00f8ren fra gang til gang kender arbejdsforventningerne.<\/p>\n<p>Arrang\u00f8ren har ansvaret for, at udstillingen er adskilt fra det faglige arrangement. Det er arrang\u00f8rens ansvar at opn\u00e5 aftalt deltagerantal samt at kunne fremvise en deltagerliste. Arrang\u00f8ren skal g\u00f8re plads til mindst 2 x 45 minutters bes\u00f8g p\u00e5 udstillingen, gerne i forbindelse med servering af kaffe og te. Frokostpausen skal helst foreg\u00e5 i udstillingsomr\u00e5det. Arrang\u00f8ren og Con.Ex har ansvaret for, at deltagerne kender til vigtigheden af at bes\u00f8ge udstillingen.<\/p>\n<p>Efter endt arrangement skal arrang\u00f8ren kunne dokumentere, at sponsorbel\u00f8bet kun er anvendt til det faglige program.<\/p>\n<p><strong>Honorering<\/strong><br \/>Con.Ex honoreres normalt med en lille procentdel af indt\u00e6gterne for standudlejningen. Det aftales pr. gang hvad kvadratmeterprisen skal v\u00e6re.<\/p>\n<p>Con.Ex\u2019s ydelser koster s\u00e5ledes intet, f\u00f8r der reelt er tale om opn\u00e5et sponsorat.<\/p>\n<p><strong>Kontraktindg\u00e5else<\/strong><br \/>N\u00e5r kontrakten er underskrevet, tr\u00e6der den i kraft og afsluttes ved arrangementets afslutning, og n\u00e5r \u00f8konomiske mellemv\u00e6render er afsluttet.<\/p>\n<p>Kontakt<span>\u00a0<\/span><a href=\"mailto:info@conex.dk\" target=\"_blank\" rel=\"noopener noreferrer\">info@conex.dk<\/a><span>\u00a0<\/span>for et mere udf\u00f8rligt kontraktudkast.<\/p>\n<p>Copyright: Con.Ex 2022.<\/p>\n<p>[\/et_pb_text][\/et_pb_column][\/et_pb_row][\/et_pb_section]<\/p>\n","protected":false},"excerpt":{"rendered":"<p>Vilk\u00e5r for sygeplejefaglig- eller l\u00e6gevidenskabelige selskaberDette er et uddrag af de vigtigste punkter. Kontakt os for yderligere information p\u00e5\u00a0info@conex.dk Kontrakt mellem parterneDer indg\u00e5es f\u00f8lgende aftale om udstilling i forbindelse med et givent arrangement. Opgavebeskrivelse for Con.ExDette punkt kan variere, men som udgangspunkt vil Con.Ex v\u00e6re behj\u00e6lpelig med udstillingen. Det er Con.Ex\u2019s ansvar at varetage kontakten til udstillerne og afholdelsesstedet i t\u00e6t samarbejde med arrang\u00f8ren. Con.Ex st\u00e5r for udstillernes tilmelding, er \u00f8konomisk bindeled og s\u00f8rger for standfordelingen. Con.Ex s\u00f8ger at overholde g\u00e6ldende love og regler, herunder\u00a0L\u00e6gemiddelindustriens kodeks vedr\u00f8rende reklame mv. for l\u00e6gemidler rettet mod sundhedspersoner\u00a0og\u00a0EFPIA Code on the Promotion of Prescription-Only Medicines to, and Interactions with, Healthcare Professionals. Det er Con.Exs\u2019 ansvar at informere udstillere herom. Efter endt arrangement sender Con.Ex en opg\u00f8relse over opn\u00e5et sponsorst\u00f8tte og afregner med arrang\u00f8ren. Opgavebeskrivelse for arrang\u00f8ren af arrangementetDette punkt varierer normalt ikke meget, da det er vigtigt, at arrang\u00f8ren fra gang til gang kender arbejdsforventningerne. Arrang\u00f8ren har ansvaret for, at udstillingen er adskilt fra det faglige arrangement. Det er arrang\u00f8rens ansvar at opn\u00e5 aftalt deltagerantal samt at kunne fremvise en deltagerliste. Arrang\u00f8ren skal g\u00f8re plads til mindst 2 x 45 minutters bes\u00f8g p\u00e5 udstillingen, gerne i forbindelse med servering af kaffe og te. Frokostpausen [&hellip;]<\/p>\n","protected":false},"author":1,"featured_media":0,"parent":0,"menu_order":0,"comment_status":"closed","ping_status":"closed","template":"","meta":{"_acf_changed":false,"xn-wppe-expiration":[],"xn-wppe-expiration-action":[],"xn-wppe-expiration-prefix":[],"_et_pb_use_builder":"on","_et_pb_old_content":"","_et_gb_content_width":"","footnotes":""},"class_list":["post-50255","page","type-page","status-publish","hentry"],"acf":[],"_links":{"self":[{"href":"https:\/\/conex.dk\/en\/wp-json\/wp\/v2\/pages\/50255","targetHints":{"allow":["GET"]}}],"collection":[{"href":"https:\/\/conex.dk\/en\/wp-json\/wp\/v2\/pages"}],"about":[{"href":"https:\/\/conex.dk\/en\/wp-json\/wp\/v2\/types\/page"}],"author":[{"embeddable":true,"href":"https:\/\/conex.dk\/en\/wp-json\/wp\/v2\/users\/1"}],"replies":[{"embeddable":true,"href":"https:\/\/conex.dk\/en\/wp-json\/wp\/v2\/comments?post=50255"}],"version-history":[{"count":6,"href":"https:\/\/conex.dk\/en\/wp-json\/wp\/v2\/pages\/50255\/revisions"}],"predecessor-version":[{"id":62962,"href":"https:\/\/conex.dk\/en\/wp-json\/wp\/v2\/pages\/50255\/revisions\/62962"}],"wp:attachment":[{"href":"https:\/\/conex.dk\/en\/wp-json\/wp\/v2\/media?parent=50255"}],"curies":[{"name":"wp","href":"https:\/\/api.w.org\/{rel}","templated":true}]}}