{"id":50249,"date":"2019-12-03T20:12:31","date_gmt":"2019-12-03T19:12:31","guid":{"rendered":"https:\/\/www.conex.webgain.dk\/?page_id=50249"},"modified":"2026-02-25T10:57:02","modified_gmt":"2026-02-25T09:57:02","slug":"vilkaar-udstillere","status":"publish","type":"page","link":"https:\/\/conex.dk\/en\/vilkaar-udstillere\/","title":{"rendered":"Terms and Conditions for exhibitors"},"content":{"rendered":"<p>[et_pb_section fb_built=&#8221;1&#8243; _builder_version=&#8221;4.16&#8243; background_color=&#8221;rgba(0,0,0,0.25)&#8221; background_image=&#8221;https:\/\/conex.dk\/wp-content\/uploads\/2019\/12\/vilkaar-for-udstillere.jpg&#8221; background_blend=&#8221;overlay&#8221; custom_padding=&#8221;80px|0px|80px|0px|true|false&#8221; global_colors_info=&#8221;{}&#8221;][et_pb_row _builder_version=&#8221;4.16&#8243; custom_padding=&#8221;|0px||0px|false|false&#8221; global_colors_info=&#8221;{}&#8221;][et_pb_column type=&#8221;4_4&#8243; _builder_version=&#8221;4.16&#8243; custom_padding=&#8221;|||&#8221; global_colors_info=&#8221;{}&#8221; custom_padding__hover=&#8221;|||&#8221;][et_pb_text _builder_version=&#8221;4.16&#8243; text_font=&#8221;Poppins|700|||||||&#8221; text_text_color=&#8221;#ffffff&#8221; text_font_size=&#8221;30px&#8221; header_font=&#8221;Poppins|700||on|||||&#8221; header_text_color=&#8221;#ffffff&#8221; header_font_size=&#8221;50px&#8221; header_line_height=&#8221;1.3em&#8221; text_orientation=&#8221;center&#8221; text_font_size_tablet=&#8221;&#8221; text_font_size_phone=&#8221;20px&#8221; text_font_size_last_edited=&#8221;on|desktop&#8221; global_colors_info=&#8221;{}&#8221;]<\/p>\n<h1>Vilk\u00e5r for udstillere<\/h1>\n<p>[\/et_pb_text][\/et_pb_column][\/et_pb_row][\/et_pb_section][et_pb_section fb_built=&#8221;1&#8243; _builder_version=&#8221;4.27.4&#8243; background_enable_color=&#8221;off&#8221; custom_padding=&#8221;40px|0px|40px|0px|true|false&#8221; global_colors_info=&#8221;{}&#8221;][et_pb_row _builder_version=&#8221;4.16&#8243; global_colors_info=&#8221;{}&#8221;][et_pb_column type=&#8221;4_4&#8243; _builder_version=&#8221;4.16&#8243; global_colors_info=&#8221;{}&#8221;][et_pb_text _builder_version=&#8221;4.17.4&#8243; global_colors_info=&#8221;{}&#8221;]<\/p>\n<p><strong>Udstillere<\/strong><br \/>Virksomheder og produkter p\u00e5 udstillingerne skal v\u00e6re godkendt af Con.Ex. En godkendt virksomhed kan udstille produkter, udstyr og tjenester, der skal overholde dansk lovgivning, og<span>\u00a0<\/span><a href=\"http:\/\/enli.dk\/media\/32461\/Reklamekodeks.pdf\" target=\"_blank\" rel=\"noopener noreferrer\">L\u00e6gemiddelindustriens kodeks vedr\u00f8rende reklame mv. for l\u00e6gemidler rettet mod sundhedspersoner<\/a>, hvis den udstillende virksomhed er medlem af Lif eller reguleret af Etisk N\u00e6vn for L\u00e6gemiddelindustrien (ENLI). Virksomheder, der reguleres af ENLI, skal give meddelelse til ENLI om udstillingen. Virksomheder der er underlagt\u00a0<span>Medicoindustrien skal f\u00f8lge Medtech Europes Code of Ethical Business Practice som er de <a href=\"https:\/\/medicoindustrien.dk\/content\/etiske-retningslinjer\" target=\"_blank\" rel=\"noopener\">etiske retningslinjer for Medicoindustrien<\/a>.\u00a0<\/span>Con.Ex udbyder udstillingsmulighed, selv om et program ikke er specifikt sundhedsplejefagligt, uddannelsesm\u00e6ssigt eller endeligt.<\/p>\n<p>Det er udstillerens ansvar at overholde de ovenn\u00e6vnte regler og forskrifter. Con.Ex forbeholder sig retten til at n\u00e6gte udlejning af stande eller at opsige en kontrakt, hvis en virksomhed ikke overholder reglerne.<\/p>\n<p><strong>Udstillers egen kontrakt og g\u00e6ldende vilk\u00e5r<br \/><\/strong><em><\/em>Uanset indholdet af virksomhedens interne kontrakt eller vilk\u00e5r, er den kontrakt, der udstedes af Con.Ex i forbindelse med k\u00f8b af udstillingsstand eller indg\u00e5else af sponsorat, g\u00e6ldende og bindende. Hvis virksomheden fremsender en egen kontrakt, er denne ikke gyldig uden, at Con.Ex-kontrakten indg\u00e5r som bilag eller hvis den er underskrevet af udstilleren. Eventuelle modstridende bestemmelser i virksomhedens interne kontrakt anses for ugyldige i forhold til Con.Ex-kontrakten.<\/p>\n<p><strong>Standfordeling og omkostninger<\/strong><br \/>Con.Ex fordeler standplacering og forbeholder sig retten til at \u00e6ndre den oprindelige standplacering. Con.Ex underretter udstillerens kontaktperson herom.<\/p>\n<p>Standomkostninger er skitseret p\u00e5<span>\u00a0<\/span><a href=\"https:\/\/conex.dk\/\" target=\"_blank\" rel=\"noopener noreferrer\">www.conex.dk<\/a><span>\u00a0<\/span>for hvert arrangement.<\/p>\n<p>Udstillingsstanden vil altid blive placeret i n\u00e6rheden af det lokale, hvor det videnskabelige program pr\u00e6senteres. Con.Ex vil bestr\u00e6be sig p\u00e5 at placere standene separat, hvor kun sundhedspersonale har adgang. Udstillinger m\u00e5 kun omfatte fremme af receptpligtig medicin, forudsat at standen er adskilt fra offentligheden, som det kr\u00e6ves af dansk lovgivning og regler.<\/p>\n<p><strong>\u00d8konomi<\/strong><br \/>Con.Ex overholder momsreglerne. Fakturaen vil blive sendt fra Con.Ex:<\/p>\n<p>Adresse:<br \/>Millingvej 20<br \/>3450 Aller\u00f8d<br \/>Mail: info@conex.dk<br \/>CVR: 38350129<br \/>Bankonto: 8117-1043727<br \/><span style=\"font-size: 16px;\">IBAN: DK0581170001043727<br \/><\/span>SWIFT: NYKBDKKK<br \/>Bank: Nykredit<br \/>Bank adresse:\u00a0<span>K\u00f8benhavnsvej 45-47, 4000 Roskilde<\/span><span><\/span><\/p>\n<p><strong>\u00c6ndringer eller aflysninger<\/strong><br \/><em>Aflysninger af Con.Ex<\/em><br \/>Con.Ex kan aflyse arrangementet p\u00e5 grund af uforudsete h\u00e6ndelser (f.eks. officielle foranstaltninger, arbejdskonflikt, force majeure osv.) og kun beholde udstillerens administrationsgebyr. Alle resterende gebyrer skal tilbagebetales. I tilf\u00e6lde af aflysning af Con.Ex eller arrang\u00f8rerne, kan intet hotel eller flyselskabs udgifter godtg\u00f8res af Con.Ex.<\/p>\n<p><em>Aflysninger af udstillere<\/em><br \/>Udstillerne m\u00e5 aflyse deres stand til hver en tid ved skriftlig meddelelse til Con.Ex. Con.Ex refunderer standlejen efter aftale med arrang\u00f8ren af arrangementet og udstilleren. Administrationsgebyret vil blive tilbageholdt til d\u00e6kning af administrative omkostninger. Udstillere er ansvarlige for at annullere enhver anden reservation (fx hotel eller fly). Con.Ex m\u00e5 videres\u00e6lge en stand, der er annulleret af udstiller.<\/p>\n<p><strong>Standplads og aktiviteter<\/strong><br \/>Enhver standplads, som ikke er besat ved arrangementets start, vil blive betragtet som en udeblivelse, og den plads vil blive mistet af udstilleren. Med mindre en forsinkelse er blevet anmeldt, vil den mistede stand kunne videres\u00e6lges eller anvendes af Con.Ex uden forpligtelse til nogen som helst tilbagebetaling. Detm er den udstillende virksomheds ansvar at underrette relevant personale i tide om udstillingens omfang.<\/p>\n<p>Udstilleren m\u00e5 ikke dele eller fremleje til anden virksomhed, med mindre andet er aftalt med Con.Ex.<\/p>\n<p><strong>Udstillerens ret til at fremvise og distribuere reklamemateriale og interagere med de bes\u00f8gende k\u00f8bt standplads<\/strong><br \/>Aktiviteter p\u00e5 og drift af standen skal udf\u00f8res p\u00e5 en s\u00e5dan m\u00e5de, at arrangementet eller de omkringliggende stande ikke generes. Udstilleren skal f\u00f8re sine aktiviteter p\u00e5 den k\u00f8bte stand, ikke udenfor, uden forudg\u00e5ende aftale med Con.Ex. Con.Ex er bemyndiget til at udelukke udstilleren fra begivenheden uden tilbagebetaling af omkostninger.<\/p>\n<p><strong>Brandsikkerhed<\/strong><br \/>Udstillere er ansvarlige for viden om og overholdelse af alle brand- og sikkerhedskrav og skal f\u00f8lge de retningslinjer, der er givet af en repr\u00e6sentant fra m\u00f8destedet.<\/p>\n<p><strong>Ansvar<\/strong><br \/>Con.Ex er kun ansvarlig for skader eller grov uagtsomhed, tab af liv, legemsbeskadigelse og p\u00e5virkning af helbredet for\u00e5rsaget p\u00e5 arrangementets m\u00f8dested, p\u00e5 dets medarbejdere og agenter.<\/p>\n<p>Ovenn\u00e6vnte ansvarsbegr\u00e6nsninger er ogs\u00e5 gyldige for det personlige ansvar for medarbejdere og repr\u00e6sentanter af Con.Ex.<\/p>\n<p><strong>Forsikring<\/strong><br \/>Udstillere opfordres udtrykkeligt til at g\u00f8re brug af egne forsikringer. Con.Ex b\u00e6rer ingen forsikringsrisiko p\u00e5 vegne af udstillere. Con.Ex antager, at udstillere er tilstr\u00e6kkeligt forsikret.<\/p>\n<p>Endvidere opfordres udstillere til at indg\u00e5 forsikringer for f\u00f8lsomme eller v\u00e6rdifulde genstande. Con.Ex p\u00e5tager sig ikke ansvar for udstilleres ejendomme. Con.Ex hj\u00e6lper gerne med at h\u00e5ndtere udstillerens materialer, men det er den udstillende virksomheds ansvar og dennes forsikring der d\u00e6kker.<\/p>\n<p><strong>Bes\u00f8gende og personale<\/strong><br \/>Hvis der ikke er truffet anden aftale, vil adgang kun v\u00e6re tilg\u00e6ngelig for registrerede bes\u00f8gende og personale p\u00e5 mindst 18 \u00e5r.<\/p>\n<p>Con.Ex er ikke ansvarlig for en bes\u00f8gendes skader, som han eller hun m\u00e5tte have lidt p\u00e5 grund af en udstiller, ej heller skader han eller hun for\u00e5rsager p\u00e5 udstillers udstyr.<\/p>\n<p><strong>\u00c6ndring af vilk\u00e5r<\/strong><br \/>Con.Ex forbeholder sig retten til at \u00e6ndre disse vilk\u00e5r til hver en tid. Alle \u00e6ndringer er bindende for udstiller. Eventuelle sp\u00f8rgsm\u00e5l, der ikke specifikt er omfattet heri, kan stilles til<span>\u00a0<\/span><a href=\"mailto:info@conex.dk\" target=\"_blank\" rel=\"noopener noreferrer\">info@conex.dk<\/a>.<\/p>\n<p>Copyright: Con.Ex 2022.<\/p>\n<p>[\/et_pb_text][\/et_pb_column][\/et_pb_row][\/et_pb_section]<\/p>\n","protected":false},"excerpt":{"rendered":"<p>Vilk\u00e5r for udstillereUdstillereVirksomheder og produkter p\u00e5 udstillingerne skal v\u00e6re godkendt af Con.Ex. En godkendt virksomhed kan udstille produkter, udstyr og tjenester, der skal overholde dansk lovgivning, og\u00a0L\u00e6gemiddelindustriens kodeks vedr\u00f8rende reklame mv. for l\u00e6gemidler rettet mod sundhedspersoner, hvis den udstillende virksomhed er medlem af Lif eller reguleret af Etisk N\u00e6vn for L\u00e6gemiddelindustrien (ENLI). Virksomheder, der reguleres af ENLI, skal give meddelelse til ENLI om udstillingen. Virksomheder der er underlagt\u00a0Medicoindustrien skal f\u00f8lge Medtech Europes Code of Ethical Business Practice som er de etiske retningslinjer for Medicoindustrien.\u00a0Con.Ex udbyder udstillingsmulighed, selv om et program ikke er specifikt sundhedsplejefagligt, uddannelsesm\u00e6ssigt eller endeligt. Det er udstillerens ansvar at overholde de ovenn\u00e6vnte regler og forskrifter. Con.Ex forbeholder sig retten til at n\u00e6gte udlejning af stande eller at opsige en kontrakt, hvis en virksomhed ikke overholder reglerne. Udstillers egen kontrakt og g\u00e6ldende vilk\u00e5rUanset indholdet af virksomhedens interne kontrakt eller vilk\u00e5r, er den kontrakt, der udstedes af Con.Ex i forbindelse med k\u00f8b af udstillingsstand eller indg\u00e5else af sponsorat, g\u00e6ldende og bindende. Hvis virksomheden fremsender en egen kontrakt, er denne ikke gyldig uden, at Con.Ex-kontrakten indg\u00e5r som bilag eller hvis den er underskrevet af udstilleren. Eventuelle modstridende bestemmelser i virksomhedens interne kontrakt anses for ugyldige i forhold til Con.Ex-kontrakten. Standfordeling [&hellip;]<\/p>\n","protected":false},"author":1,"featured_media":0,"parent":0,"menu_order":0,"comment_status":"closed","ping_status":"closed","template":"","meta":{"_acf_changed":false,"xn-wppe-expiration":[],"xn-wppe-expiration-action":[],"xn-wppe-expiration-prefix":[],"_et_pb_use_builder":"on","_et_pb_old_content":"","_et_gb_content_width":"","footnotes":""},"class_list":["post-50249","page","type-page","status-publish","hentry"],"acf":[],"_links":{"self":[{"href":"https:\/\/conex.dk\/en\/wp-json\/wp\/v2\/pages\/50249","targetHints":{"allow":["GET"]}}],"collection":[{"href":"https:\/\/conex.dk\/en\/wp-json\/wp\/v2\/pages"}],"about":[{"href":"https:\/\/conex.dk\/en\/wp-json\/wp\/v2\/types\/page"}],"author":[{"embeddable":true,"href":"https:\/\/conex.dk\/en\/wp-json\/wp\/v2\/users\/1"}],"replies":[{"embeddable":true,"href":"https:\/\/conex.dk\/en\/wp-json\/wp\/v2\/comments?post=50249"}],"version-history":[{"count":8,"href":"https:\/\/conex.dk\/en\/wp-json\/wp\/v2\/pages\/50249\/revisions"}],"predecessor-version":[{"id":65324,"href":"https:\/\/conex.dk\/en\/wp-json\/wp\/v2\/pages\/50249\/revisions\/65324"}],"wp:attachment":[{"href":"https:\/\/conex.dk\/en\/wp-json\/wp\/v2\/media?parent=50249"}],"curies":[{"name":"wp","href":"https:\/\/api.w.org\/{rel}","templated":true}]}}