{"id":50,"date":"2019-11-27T23:07:36","date_gmt":"2019-11-27T22:07:36","guid":{"rendered":"https:\/\/www.conex.webgain.dk\/?page_id=50"},"modified":"2026-03-28T17:40:10","modified_gmt":"2026-03-28T16:40:10","slug":"forside","status":"publish","type":"page","link":"https:\/\/conex.dk\/en\/","title":{"rendered":"Home"},"content":{"rendered":"<p>[et_pb_section fb_built=&#8221;1&#8243; _builder_version=&#8221;4.17.4&#8243; background_color=&#8221;rgba(28,46,251,0.25)&#8221; background_image=&#8221;https:\/\/conex.dk\/wp-content\/uploads\/2019\/12\/udstilling-1.jpg&#8221; background_blend=&#8221;overlay&#8221; custom_padding=&#8221;0px||0||false|false&#8221; bottom_divider_height=&#8221;66px&#8221; global_colors_info=&#8221;{}&#8221;][et_pb_row _builder_version=&#8221;4.16&#8243; custom_padding=&#8221;100px|0px|100px|0px|true|false&#8221; global_colors_info=&#8221;{}&#8221;][et_pb_column type=&#8221;4_4&#8243; _builder_version=&#8221;4.16&#8243; custom_padding=&#8221;|||&#8221; global_colors_info=&#8221;{}&#8221; custom_padding__hover=&#8221;|||&#8221;][et_pb_text _builder_version=&#8221;4.16&#8243; text_font=&#8221;Nunito||||||||&#8221; text_font_size=&#8221;15px&#8221; header_font=&#8221;Poppins|600||on|||||&#8221; header_text_align=&#8221;left&#8221; header_text_color=&#8221;#ffffff&#8221; header_font_size=&#8221;14px&#8221; header_letter_spacing=&#8221;3px&#8221; header_line_height=&#8221;1.3em&#8221; header_3_font=&#8221;Poppins|600||on|||||&#8221; header_3_text_align=&#8221;left&#8221; header_3_text_color=&#8221;#ffffff&#8221; header_3_font_size=&#8221;14px&#8221; header_3_letter_spacing=&#8221;3px&#8221; header_3_line_height=&#8221;1.3em&#8221; custom_padding=&#8221;0px|||&#8221; header_font_size_tablet=&#8221;&#8221; header_font_size_phone=&#8221;14px&#8221; header_font_size_last_edited=&#8221;on|phone&#8221; header_3_font_size_tablet=&#8221;&#8221; header_3_font_size_phone=&#8221;14px&#8221; header_3_font_size_last_edited=&#8221;on|phone&#8221; header_3_text_shadow_style=&#8221;preset3&#8243; global_colors_info=&#8221;{}&#8221;]<\/p>\n<h3>ConEx tilbyder<\/h3>\n<p>[\/et_pb_text][et_pb_text _builder_version=&#8221;4.27.4&#8243; text_font=&#8221;Nunito||||||||&#8221; text_font_size=&#8221;15px&#8221; header_font=&#8221;Poppins|700||on|||||&#8221; header_text_align=&#8221;left&#8221; header_text_color=&#8221;#ffffff&#8221; header_font_size=&#8221;50px&#8221; header_line_height=&#8221;1.3em&#8221; max_width=&#8221;72%&#8221; max_width_tablet=&#8221;&#8221; max_width_phone=&#8221;&#8221; max_width_last_edited=&#8221;on|phone&#8221; custom_margin=&#8221;-26px|||&#8221; custom_padding=&#8221;1px|||&#8221; header_font_size_tablet=&#8221;&#8221; header_font_size_phone=&#8221;30px&#8221; header_font_size_last_edited=&#8221;on|phone&#8221; header_line_height_tablet=&#8221;&#8221; header_line_height_phone=&#8221;1.5em&#8221; header_line_height_last_edited=&#8221;on|phone&#8221; header_text_shadow_style=&#8221;preset5&#8243; global_colors_info=&#8221;{}&#8221;]<\/p>\n<h1>Konferencer, m\u00f8der<br \/>og udstillinger<\/h1>\n<p>[\/et_pb_text][et_pb_button button_url=&#8221;\/ydelser\/&#8221; button_text=&#8221;Se hvad vi kan g\u00f8re for dig&#8221; button_alignment=&#8221;left&#8221; _builder_version=&#8221;4.16&#8243; custom_button=&#8221;on&#8221; button_text_size=&#8221;14px&#8221; button_text_color=&#8221;#000000&#8243; button_bg_color=&#8221;#ffffff&#8221; button_border_width=&#8221;1px&#8221; button_border_color=&#8221;#ffffff&#8221; button_border_radius=&#8221;0px&#8221; button_letter_spacing=&#8221;1px&#8221; button_font=&#8221;Poppins|||on|||||&#8221; button_use_icon=&#8221;off&#8221; custom_margin=&#8221;-13px||&#8221; custom_padding=&#8221;17px|30px|17px|30px|true|true&#8221; global_colors_info=&#8221;{}&#8221; button_bg_color__hover_enabled=&#8221;on&#8221; button_bg_color__hover=&#8221;#bfbfbf&#8221; button_letter_spacing__hover_enabled=&#8221;on&#8221; button_letter_spacing__hover=&#8221;2px&#8221; button_border_color__hover_enabled=&#8221;on&#8221; button_border_color__hover=&#8221;#bfbfbf&#8221; button_text_color__hover_enabled=&#8221;on&#8221; button_text_color__hover=&#8221;#474747&#8243;][\/et_pb_button][\/et_pb_column][\/et_pb_row][et_pb_row column_structure=&#8221;1_3,1_3,1_3&#8243; use_custom_gutter=&#8221;on&#8221; gutter_width=&#8221;1&#8243; make_equal=&#8221;on&#8221; module_class=&#8221; et_pb_row_fullwidth&#8221; _builder_version=&#8221;4.16&#8243; background_color=&#8221;rgba(28,46,251,0.5)&#8221; width=&#8221;100%&#8221; width_tablet=&#8221;100%&#8221; width_phone=&#8221;&#8221; width_last_edited=&#8221;on|desktop&#8221; max_width=&#8221;100%&#8221; max_width_tablet=&#8221;100%&#8221; max_width_phone=&#8221;&#8221; max_width_last_edited=&#8221;on|desktop&#8221; custom_padding=&#8221;0px|0px|0|0px|false|false&#8221; border_width_top=&#8221;1px&#8221; border_color_top=&#8221;rgba(255,255,255,0.14)&#8221; make_fullwidth=&#8221;on&#8221; global_colors_info=&#8221;{}&#8221;][et_pb_column type=&#8221;1_3&#8243; _builder_version=&#8221;4.16&#8243; custom_padding=&#8221;|||&#8221; global_colors_info=&#8221;{}&#8221; custom_padding__hover=&#8221;|||&#8221;][et_pb_blurb title=&#8221;Prisvindende koncept&#8221; url=&#8221;\/conex-vinder-global-hospitality-awards-2019\/&#8221; use_icon=&#8221;on&#8221; font_icon=&#8221;&#xe031;||divi||400&#8243; icon_color=&#8221;#ffffff&#8221; icon_placement=&#8221;left&#8221; image_icon_width=&#8221;60px&#8221; content_max_width=&#8221;100%&#8221; image_icon_width_tablet=&#8221;60px&#8221; image_icon_width_phone=&#8221;60px&#8221; image_icon_width_last_edited=&#8221;on|phone&#8221; _builder_version=&#8221;4.27.5&#8243; header_font=&#8221;Poppins|600|||||||&#8221; header_text_color=&#8221;#ffffff&#8221; header_font_size=&#8221;14px&#8221; header_letter_spacing=&#8221;2px&#8221; header_line_height=&#8221;1.2em&#8221; body_font=&#8221;Poppins|700||on|||||&#8221; body_text_color=&#8221;#ffffff&#8221; body_font_size=&#8221;18px&#8221; body_line_height=&#8221;1.4em&#8221; custom_padding=&#8221;60px||50px|60px|false|false&#8221; custom_padding_tablet=&#8221;&#8221; custom_padding_phone=&#8221;60px|30px|50px|30px|false|true&#8221; custom_padding_last_edited=&#8221;on|phone&#8221; animation=&#8221;off&#8221; body_font_size_tablet=&#8221;&#8221; body_font_size_phone=&#8221;22px&#8221; body_font_size_last_edited=&#8221;on|desktop&#8221; border_width_right_image=&#8221;14px&#8221; border_color_right_image=&#8221;rgba(0,0,0,0)&#8221; icon_font_size=&#8221;60px&#8221; image_max_width_tablet=&#8221;&#8221; image_max_width_phone=&#8221;60px&#8221; image_max_width_last_edited=&#8221;on|phone&#8221; global_colors_info=&#8221;{}&#8221;]<\/p>\n<p>Gennemtestet koncept med flere \u00e5rs erfaring<\/p>\n<p>[\/et_pb_blurb][\/et_pb_column][et_pb_column type=&#8221;1_3&#8243; _builder_version=&#8221;4.16&#8243; custom_padding=&#8221;|||&#8221; global_colors_info=&#8221;{}&#8221; custom_padding__hover=&#8221;|||&#8221;][et_pb_blurb title=&#8221;Specialiserede l\u00f8sninger&#8221; url=&#8221;\/ydelser\/&#8221; use_icon=&#8221;on&#8221; font_icon=&#8221;&#x66;||divi||400&#8243; icon_color=&#8221;#ffffff&#8221; icon_placement=&#8221;left&#8221; image_icon_width=&#8221;60px&#8221; content_max_width=&#8221;100%&#8221; image_icon_width_tablet=&#8221;60px&#8221; image_icon_width_phone=&#8221;60px&#8221; image_icon_width_last_edited=&#8221;on|phone&#8221; _builder_version=&#8221;4.16&#8243; header_font=&#8221;Poppins|600|||||||&#8221; header_text_color=&#8221;#ffffff&#8221; header_font_size=&#8221;14px&#8221; header_letter_spacing=&#8221;2px&#8221; header_line_height=&#8221;1.2em&#8221; body_font=&#8221;Poppins|700||on|||||&#8221; body_text_color=&#8221;#ffffff&#8221; body_font_size=&#8221;18px&#8221; body_line_height=&#8221;1.4em&#8221; custom_padding=&#8221;60px||50px|60px|false|false&#8221; custom_padding_tablet=&#8221;&#8221; custom_padding_phone=&#8221;60px|30px|50px|30px|false|true&#8221; custom_padding_last_edited=&#8221;on|phone&#8221; animation=&#8221;off&#8221; link_option_url=&#8221;\/ydelser\/&#8221; body_font_size_tablet=&#8221;&#8221; body_font_size_phone=&#8221;22px&#8221; body_font_size_last_edited=&#8221;on|desktop&#8221; border_width_right_image=&#8221;14px&#8221; border_color_right_image=&#8221;rgba(0,0,0,0)&#8221; icon_font_size=&#8221;60px&#8221; image_max_width_tablet=&#8221;&#8221; image_max_width_phone=&#8221;60px&#8221; image_max_width_last_edited=&#8221;on|phone&#8221; global_colors_info=&#8221;{}&#8221;]<\/p>\n<p><span style=\"color: #ffffff;\"><a href=\"\/ydelser\/\" style=\"color: #ffffff;\">til sundhedssektoren<\/a><\/span><\/p>\n<p>[\/et_pb_blurb][\/et_pb_column][et_pb_column type=&#8221;1_3&#8243; _builder_version=&#8221;4.16&#8243; custom_padding=&#8221;|||&#8221; global_colors_info=&#8221;{}&#8221; custom_padding__hover=&#8221;|||&#8221;][et_pb_blurb title=&#8221;Mere end&#8221; url=&#8221;\/afholdte-arrangementer\/&#8221; use_icon=&#8221;on&#8221; font_icon=&#8221;&#xe025;||divi||400&#8243; icon_color=&#8221;#ffffff&#8221; icon_placement=&#8221;left&#8221; image_icon_width=&#8221;60px&#8221; content_max_width=&#8221;100%&#8221; image_icon_width_tablet=&#8221;60px&#8221; image_icon_width_phone=&#8221;60px&#8221; image_icon_width_last_edited=&#8221;on|phone&#8221; _builder_version=&#8221;4.17.4&#8243; header_font=&#8221;Poppins|600|||||||&#8221; header_text_color=&#8221;#ffffff&#8221; header_font_size=&#8221;14px&#8221; header_letter_spacing=&#8221;2px&#8221; header_line_height=&#8221;1.2em&#8221; body_font=&#8221;Poppins|700||on|||||&#8221; body_text_color=&#8221;#ffffff&#8221; body_font_size=&#8221;18px&#8221; body_line_height=&#8221;1.4em&#8221; custom_padding=&#8221;60px||50px|60px|false|false&#8221; custom_padding_tablet=&#8221;&#8221; custom_padding_phone=&#8221;60px|30px|50px|30px|false|true&#8221; custom_padding_last_edited=&#8221;on|phone&#8221; animation=&#8221;off&#8221; link_option_url=&#8221;\/afholdte-arrangementer\/&#8221; body_font_size_tablet=&#8221;&#8221; body_font_size_phone=&#8221;22px&#8221; body_font_size_last_edited=&#8221;on|desktop&#8221; border_width_right=&#8221;1px&#8221; border_color_right=&#8221;rgba(255,255,255,0.14)&#8221; border_width_left=&#8221;1px&#8221; border_color_left=&#8221;rgba(255,255,255,0.14)&#8221; border_width_right_image=&#8221;14px&#8221; border_color_right_image=&#8221;rgba(0,0,0,0)&#8221; icon_font_size=&#8221;60px&#8221; image_max_width_tablet=&#8221;&#8221; image_max_width_phone=&#8221;60px&#8221; image_max_width_last_edited=&#8221;on|phone&#8221; global_colors_info=&#8221;{}&#8221;]<\/p>\n<p><span style=\"color: #ffffff;\"><a href=\"\/afholdte-arrangementer\/\" style=\"color: #ffffff;\">150 afholdte arrangementer<\/a><\/span><\/p>\n<p>[\/et_pb_blurb][\/et_pb_column][\/et_pb_row][\/et_pb_section][et_pb_section fb_built=&#8221;1&#8243; _builder_version=&#8221;4.16&#8243; custom_padding=&#8221;80px||80px||true|&#8221; bottom_divider_style=&#8221;arrow3&#8243; bottom_divider_color=&#8221;#6E7A92&#8243; global_colors_info=&#8221;{}&#8221;][et_pb_row column_structure=&#8221;1_2,1_2&#8243; use_custom_gutter=&#8221;on&#8221; gutter_width=&#8221;2&#8243; make_equal=&#8221;on&#8221; _builder_version=&#8221;4.16&#8243; width_tablet=&#8221;90%&#8221; width_phone=&#8221;90%&#8221; width_last_edited=&#8221;off|tablet&#8221; max_width_tablet=&#8221;90%&#8221; max_width_phone=&#8221;90%&#8221; max_width_last_edited=&#8221;off|phone&#8221; custom_margin=&#8221;||36px&#8221; global_colors_info=&#8221;{}&#8221;][et_pb_column type=&#8221;1_2&#8243; _builder_version=&#8221;4.16&#8243; global_colors_info=&#8221;{}&#8221;][et_pb_text _builder_version=&#8221;4.16&#8243; text_font=&#8221;Poppins|600||on|||||&#8221; text_text_color=&#8221;#000000&#8243; text_letter_spacing=&#8221;2px&#8221; text_line_height=&#8221;1.3em&#8221; global_colors_info=&#8221;{}&#8221;]<\/p>\n<p>Hvad kan vi g\u00f8re for dig?<\/p>\n<p>[\/et_pb_text][et_pb_text _builder_version=&#8221;4.16&#8243; header_2_font=&#8221;Poppins|300|||||||&#8221; header_2_text_color=&#8221;#000000&#8243; header_2_font_size=&#8221;30px&#8221; header_2_line_height=&#8221;1.4em&#8221; max_width=&#8221;90%&#8221; custom_margin_tablet=&#8221;-16px||7px&#8221; custom_margin_phone=&#8221;-13px||6px&#8221; custom_margin_last_edited=&#8221;on|desktop&#8221; header_2_font_size_tablet=&#8221;&#8221; header_2_font_size_phone=&#8221;25px&#8221; header_2_font_size_last_edited=&#8221;on|desktop&#8221; global_colors_info=&#8221;{}&#8221;]<\/p>\n<h2>ConEx er din specialist i <strong>udstillingsadministration<\/strong><\/h2>\n<p>[\/et_pb_text][et_pb_text _builder_version=&#8221;4.16&#8243; text_font=&#8221;Poppins||||||||&#8221; text_text_color=&#8221;#000000&#8243; text_font_size=&#8221;18px&#8221; text_line_height=&#8221;1.8em&#8221; max_width=&#8221;90%&#8221; max_width_tablet=&#8221;100%&#8221; max_width_phone=&#8221;&#8221; max_width_last_edited=&#8221;on|desktop&#8221; global_colors_info=&#8221;{}&#8221;]<\/p>\n<p>ConEx har en grundig udstillingsadministration planlagt til din konference, st\u00f8ttet af et fremragende team \u2013 fra salg til gennemf\u00f8relsen p\u00e5 stedet, kan du v\u00e6re sikker p\u00e5, at ConEx vil tilbyde dit arrangement den bedste service.<\/p>\n<p>[\/et_pb_text][et_pb_text _builder_version=&#8221;4.16&#8243; text_font=&#8221;|300|||||||&#8221; text_text_color=&#8221;#000000&#8243; text_line_height=&#8221;1.8em&#8221; max_width=&#8221;90%&#8221; max_width_tablet=&#8221;100%&#8221; max_width_phone=&#8221;&#8221; max_width_last_edited=&#8221;on|tablet&#8221; custom_padding=&#8221;12px|30px||&#8221; custom_padding_tablet=&#8221;0px|0px||&#8221; custom_padding_phone=&#8221;0px|0px||&#8221; custom_padding_last_edited=&#8221;on|desktop&#8221; global_colors_info=&#8221;{}&#8221;]<\/p>\n<p><strong>SPONSORSHIP &amp; UDSTILLINGS SALG<\/strong><\/p>\n<p>Vores salgsteam starter processen for din udstillingsadministration med grundig unders\u00f8gelse af potentielle sponsorer. Vi analyserer potentielle sponsorindt\u00e6gter og priser, hvilket g\u00f8r dine sponsorer og udstillende virksomheder til en ligev\u00e6rdig partner.<\/p>\n<p><strong>PLANL\u00c6GNING OG GENNEMF\u00d8RELSE P\u00c5 STEDET<\/strong><\/p>\n<p>At s\u00f8rge for at din udstilling l\u00f8ber planm\u00e6ssigt og find plads i din dagligdag for at udforske alle de bedste sponsor- og udstillingsmuligheder, er tidskr\u00e6vende og kompleks \u2013 medmindre du lader os hj\u00e6lpe dig!<\/p>\n<ul><\/ul>\n<p>[\/et_pb_text][et_pb_button button_url=&#8221;\/ydelser\/&#8221; button_text=&#8221;L\u00e6s mere om hvad vi kan g\u00f8re for dig&#8221; button_alignment=&#8221;left&#8221; _builder_version=&#8221;4.16&#8243; custom_button=&#8221;on&#8221; button_text_size=&#8221;14px&#8221; button_text_color=&#8221;#ffffff&#8221; button_bg_color=&#8221;#383838&#8243; button_border_width=&#8221;1px&#8221; button_border_color=&#8221;#383838&#8243; button_border_radius=&#8221;0px&#8221; button_letter_spacing=&#8221;1px&#8221; button_font=&#8221;Poppins|||on|||||&#8221; button_use_icon=&#8221;off&#8221; custom_margin=&#8221;-7px||&#8221; custom_padding=&#8221;17px|30px|17px|30px|true|true&#8221; global_colors_info=&#8221;{}&#8221; button_bg_color__hover_enabled=&#8221;on&#8221; button_bg_color__hover=&#8221;#bfbfbf&#8221; button_letter_spacing__hover_enabled=&#8221;on&#8221; button_letter_spacing__hover=&#8221;2px&#8221; button_border_color__hover_enabled=&#8221;on&#8221; button_border_color__hover=&#8221;#bfbfbf&#8221; button_text_color__hover_enabled=&#8221;on&#8221; button_text_color__hover=&#8221;#000000&#8243;][\/et_pb_button][\/et_pb_column][et_pb_column type=&#8221;1_2&#8243; disabled_on=&#8221;on|on|off&#8221; _builder_version=&#8221;4.16&#8243; global_colors_info=&#8221;{}&#8221;][et_pb_image src=&#8221;https:\/\/conex.dk\/wp-content\/uploads\/2019\/11\/udstilling-kvadrat.jpg&#8221; disabled_on=&#8221;on|on|off&#8221; _builder_version=&#8221;4.27.5&#8243; global_colors_info=&#8221;{}&#8221;][\/et_pb_image][et_pb_image src=&#8221;https:\/\/conex.dk\/wp-content\/uploads\/2019\/11\/udstillingsadministration-kvadratisk.jpg&#8221; _builder_version=&#8221;4.16&#8243; max_width=&#8221;400px&#8221; max_width_tablet=&#8221;70%&#8221; max_width_phone=&#8221;100%&#8221; max_width_last_edited=&#8221;on|desktop&#8221; custom_margin=&#8221;-303px|||-50px&#8221; custom_margin_tablet=&#8221;|||0px&#8221; custom_margin_phone=&#8221;-227px|||0px&#8221; custom_margin_last_edited=&#8221;on|phone&#8221; border_width_top=&#8221;14px&#8221; border_color_top=&#8221;#ffffff&#8221; border_width_right=&#8221;14px&#8221; border_color_right=&#8221;#ffffff&#8221; global_colors_info=&#8221;{}&#8221;][\/et_pb_image][et_pb_number_counter title=&#8221;\u00e5rs erfaring&#8221; number=&#8221;18&#8243; percent_sign=&#8221;off&#8221; _builder_version=&#8221;4.27.5&#8243; title_font=&#8221;Roboto|300|||||||&#8221; title_text_color=&#8221;#ffffff&#8221; title_font_size=&#8221;15px&#8221; title_line_height=&#8221;1.3em&#8221; number_font=&#8221;Poppins|300|||||||&#8221; number_text_color=&#8221;#ffffff&#8221; number_font_size=&#8221;50px&#8221; number_line_height=&#8221;2.3em&#8221; background_color=&#8221;#383838&#8243; max_width=&#8221;180px&#8221; custom_margin=&#8221;-250px|||305px&#8221; custom_margin_tablet=&#8221;|||50%&#8221; custom_margin_phone=&#8221;-80px|||0px|false|false&#8221; custom_margin_last_edited=&#8221;on|desktop&#8221; custom_padding=&#8221;10px||34px||false|false&#8221; module_alignment_tablet=&#8221;&#8221; module_alignment_phone=&#8221;center&#8221; module_alignment_last_edited=&#8221;on|phone&#8221; global_colors_info=&#8221;{}&#8221;][\/et_pb_number_counter][\/et_pb_column][\/et_pb_row][\/et_pb_section][et_pb_section fb_built=&#8221;1&#8243; _builder_version=&#8221;4.16&#8243; custom_padding=&#8221;80px|0px|80px|0px|true|false&#8221; global_colors_info=&#8221;{}&#8221;][et_pb_row _builder_version=&#8221;4.16&#8243; custom_padding=&#8221;|0px||0px|false|false&#8221; global_colors_info=&#8221;{}&#8221;][et_pb_column type=&#8221;4_4&#8243; _builder_version=&#8221;4.16&#8243; custom_padding=&#8221;|||&#8221; global_colors_info=&#8221;{}&#8221; custom_padding__hover=&#8221;|||&#8221;][et_pb_text _builder_version=&#8221;4.16&#8243; text_font=&#8221;Poppins|700|||||||&#8221; text_text_color=&#8221;#000000&#8243; text_font_size=&#8221;30px&#8221; text_orientation=&#8221;center&#8221; text_font_size_tablet=&#8221;&#8221; text_font_size_phone=&#8221;20px&#8221; text_font_size_last_edited=&#8221;on|desktop&#8221; global_colors_info=&#8221;{}&#8221;]<\/p>\n<p>Kommende arrangementer<\/p>\n<p>[\/et_pb_text][\/et_pb_column][\/et_pb_row][et_pb_row _builder_version=&#8221;4.16&#8243; global_colors_info=&#8221;{}&#8221;][et_pb_column type=&#8221;4_4&#8243; _builder_version=&#8221;4.16&#8243; global_colors_info=&#8221;{}&#8221;][et_pb_button button_url=&#8221;\/kommende-arrangementer\/&#8221; button_text=&#8221;Se alle kommende arrangementer&#8221; button_alignment=&#8221;center&#8221; _builder_version=&#8221;4.16&#8243; custom_button=&#8221;on&#8221; button_text_size=&#8221;14px&#8221; button_text_color=&#8221;#ffffff&#8221; button_bg_color=&#8221;#383838&#8243; button_border_width=&#8221;1px&#8221; button_border_color=&#8221;#383838&#8243; button_border_radius=&#8221;0px&#8221; button_letter_spacing=&#8221;1px&#8221; button_font=&#8221;Poppins|||on|||||&#8221; button_use_icon=&#8221;off&#8221; custom_margin=&#8221;-7px||&#8221; custom_padding=&#8221;17px|30px|17px|30px|true|true&#8221; global_colors_info=&#8221;{}&#8221; button_text_color__hover=&#8221;#000000&#8243; button_text_color__hover_enabled=&#8221;on&#8221; button_bg_color__hover=&#8221;#bfbfbf&#8221; button_bg_color__hover_enabled=&#8221;on&#8221; button_border_color__hover=&#8221;#bfbfbf&#8221; button_border_color__hover_enabled=&#8221;on&#8221; button_letter_spacing__hover=&#8221;2px&#8221; button_letter_spacing__hover_enabled=&#8221;on&#8221;][\/et_pb_button][\/et_pb_column][\/et_pb_row][\/et_pb_section][et_pb_section fb_built=&#8221;1&#8243; _builder_version=&#8221;4.16&#8243; background_color=&#8221;#ffffff&#8221; custom_padding=&#8221;0px||0px||true&#8221; global_colors_info=&#8221;{}&#8221;][et_pb_row column_structure=&#8221;1_2,1_2&#8243; use_custom_gutter=&#8221;on&#8221; gutter_width=&#8221;1&#8243; make_equal=&#8221;on&#8221; padding_top_bottom_link_1=&#8221;true&#8221; padding_top_bottom_link_2=&#8221;true&#8221; padding_left_right_link_1=&#8221;true&#8221; padding_left_right_link_2=&#8221;true&#8221; module_class=&#8221; et_pb_row_fullwidth&#8221; _builder_version=&#8221;4.16&#8243; width=&#8221;100%&#8221; width_tablet=&#8221;100%&#8221; width_phone=&#8221;&#8221; width_last_edited=&#8221;on|desktop&#8221; max_width=&#8221;100%&#8221; max_width_tablet=&#8221;100%&#8221; max_width_phone=&#8221;&#8221; max_width_last_edited=&#8221;on|desktop&#8221; custom_padding=&#8221;0px||0px|&#8221; make_fullwidth=&#8221;on&#8221; global_colors_info=&#8221;{}&#8221;][et_pb_column type=&#8221;1_2&#8243; _builder_version=&#8221;4.16&#8243; background_color=&#8221;rgba(28,46,251,0.25)&#8221; background_image=&#8221;https:\/\/conex.dk\/wp-content\/uploads\/2019\/11\/kontakt-os.jpg&#8221; background_blend=&#8221;overlay&#8221; custom_padding=&#8221;|||&#8221; global_colors_info=&#8221;{}&#8221; custom_padding__hover=&#8221;|||&#8221;][et_pb_divider show_divider=&#8221;off&#8221; disabled_on=&#8221;off|off|on&#8221; _builder_version=&#8221;4.17.4&#8243; custom_padding=&#8221;22%||22%||true&#8221; global_colors_info=&#8221;{}&#8221;][\/et_pb_divider][\/et_pb_column][et_pb_column type=&#8221;1_2&#8243; _builder_version=&#8221;4.16&#8243; background_color=&#8221;#ededed&#8221; custom_padding=&#8221;7%|7%|7%|7%&#8221; global_colors_info=&#8221;{}&#8221; custom_padding__hover=&#8221;|||&#8221;][et_pb_text _builder_version=&#8221;4.17.4&#8243; header_font=&#8221;||||||||&#8221; header_2_font=&#8221;Poppins|600||on|||||&#8221; header_2_text_color=&#8221;#000000&#8243; header_2_font_size=&#8221;14px&#8221; header_2_letter_spacing=&#8221;2px&#8221; header_2_line_height=&#8221;1.3em&#8221; header_3_font=&#8221;Poppins|600||on|||||&#8221; header_3_text_color=&#8221;#000000&#8243; header_3_font_size=&#8221;14px&#8221; header_3_letter_spacing=&#8221;2px&#8221; header_3_line_height=&#8221;1.3em&#8221; custom_padding=&#8221;|||&#8221; global_colors_info=&#8221;{}&#8221;]<\/p>\n<h3>Vil du h\u00f8re mere?<\/h3>\n<p>[\/et_pb_text][et_pb_text _builder_version=&#8221;4.17.4&#8243; header_font=&#8221;Poppins|700||on|||||&#8221; header_text_color=&#8221;#000000&#8243; header_line_height=&#8221;1.4em&#8221; header_2_font=&#8221;Poppins|700||on|||||&#8221; header_2_text_color=&#8221;#000000&#8243; header_2_line_height=&#8221;1.4em&#8221; custom_margin=&#8221;|||&#8221; custom_padding=&#8221;|||&#8221; header_font_size_tablet=&#8221;&#8221; header_font_size_phone=&#8221;25px&#8221; header_font_size_last_edited=&#8221;on|tablet&#8221; header_2_font_size_tablet=&#8221;&#8221; header_2_font_size_phone=&#8221;25px&#8221; header_2_font_size_last_edited=&#8221;on|tablet&#8221; global_colors_info=&#8221;{}&#8221;]<\/p>\n<h2>Kontakt os<\/h2>\n<p>[\/et_pb_text][et_pb_divider color=&#8221;#000000&#8243; divider_weight=&#8221;3px&#8221; _builder_version=&#8221;4.16&#8243; max_width=&#8221;100px&#8221; module_alignment=&#8221;left&#8221; custom_margin=&#8221;|||&#8221; custom_padding=&#8221;7px||0px&#8221; global_colors_info=&#8221;{}&#8221;][\/et_pb_divider][et_pb_text _builder_version=&#8221;4.17.4&#8243; text_font=&#8221;|300|||||||&#8221; text_text_color=&#8221;#000000&#8243; text_line_height=&#8221;1.8em&#8221; header_font=&#8221;Merriweather|700|||||||&#8221; header_text_color=&#8221;#443846&#8243; header_font_size=&#8221;43px&#8221; header_2_font=&#8221;||||||||&#8221; header_2_font_size=&#8221;15px&#8221; custom_margin=&#8221;|||&#8221; custom_padding=&#8221;||34px|&#8221; global_colors_info=&#8221;{}&#8221;]<\/p>\n<p>Vi st\u00e5r klar til at planl\u00e6gge og eksekvere udstillingsadministrationen til din n\u00e6ste konference. Tag kontakt til os i dag for at h\u00f8re mere om hvad vi kan g\u00f8re for dig og din organisation.<\/p>\n<p>[\/et_pb_text][et_pb_button button_url=&#8221;\/kontakt\/&#8221; button_text=&#8221;Kontakt os i dag&#8221; button_alignment=&#8221;left&#8221; _builder_version=&#8221;4.16&#8243; custom_button=&#8221;on&#8221; button_text_size=&#8221;14px&#8221; button_text_color=&#8221;#ffffff&#8221; button_bg_color=&#8221;#383838&#8243; button_border_width=&#8221;1px&#8221; button_border_color=&#8221;#383838&#8243; button_border_radius=&#8221;0px&#8221; button_letter_spacing=&#8221;1px&#8221; button_font=&#8221;Poppins|||on|||||&#8221; button_use_icon=&#8221;off&#8221; custom_margin=&#8221;-7px||&#8221; custom_padding=&#8221;17px|30px|17px|30px|true|true&#8221; global_colors_info=&#8221;{}&#8221; button_bg_color__hover_enabled=&#8221;on&#8221; button_bg_color__hover=&#8221;#bfbfbf&#8221; button_letter_spacing__hover_enabled=&#8221;on&#8221; button_letter_spacing__hover=&#8221;2px&#8221; button_border_color__hover_enabled=&#8221;on&#8221; button_border_color__hover=&#8221;#bfbfbf&#8221; button_text_color__hover_enabled=&#8221;on&#8221; button_text_color__hover=&#8221;#000000&#8243;][\/et_pb_button][\/et_pb_column][\/et_pb_row][\/et_pb_section]<\/p>\n","protected":false},"excerpt":{"rendered":"<p>ConEx tilbyderKonferencer, m\u00f8derog udstillingerGennemtestet koncept med flere \u00e5rs erfaringtil sundhedssektoren150 afholdte arrangementerHvad kan vi g\u00f8re for dig?ConEx er din specialist i udstillingsadministrationConEx har en grundig udstillingsadministration planlagt til din konference, st\u00f8ttet af et fremragende team \u2013 fra salg til gennemf\u00f8relsen p\u00e5 stedet, kan du v\u00e6re sikker p\u00e5, at ConEx vil tilbyde dit arrangement den bedste service.SPONSORSHIP &amp; UDSTILLINGS SALG Vores salgsteam starter processen for din udstillingsadministration med grundig unders\u00f8gelse af potentielle sponsorer. Vi analyserer potentielle sponsorindt\u00e6gter og priser, hvilket g\u00f8r dine sponsorer og udstillende virksomheder til en ligev\u00e6rdig partner. PLANL\u00c6GNING OG GENNEMF\u00d8RELSE P\u00c5 STEDET At s\u00f8rge for at din udstilling l\u00f8ber planm\u00e6ssigt og find plads i din dagligdag for at udforske alle de bedste sponsor- og udstillingsmuligheder, er tidskr\u00e6vende og kompleks \u2013 medmindre du lader os hj\u00e6lpe dig! Kommende arrangementerVil du h\u00f8re mere?Kontakt osVi st\u00e5r klar til at planl\u00e6gge og eksekvere udstillingsadministrationen til din n\u00e6ste konference. Tag kontakt til os i dag for at h\u00f8re mere om hvad vi kan g\u00f8re for dig og din organisation.<\/p>","protected":false},"author":1,"featured_media":0,"parent":0,"menu_order":0,"comment_status":"closed","ping_status":"closed","template":"","meta":{"_acf_changed":false,"xn-wppe-expiration":[],"xn-wppe-expiration-action":[],"xn-wppe-expiration-prefix":[],"_et_pb_use_builder":"on","_et_pb_old_content":"","_et_gb_content_width":"","footnotes":""},"class_list":["post-50","page","type-page","status-publish","hentry"],"acf":[],"_links":{"self":[{"href":"https:\/\/conex.dk\/en\/wp-json\/wp\/v2\/pages\/50","targetHints":{"allow":["GET"]}}],"collection":[{"href":"https:\/\/conex.dk\/en\/wp-json\/wp\/v2\/pages"}],"about":[{"href":"https:\/\/conex.dk\/en\/wp-json\/wp\/v2\/types\/page"}],"author":[{"embeddable":true,"href":"https:\/\/conex.dk\/en\/wp-json\/wp\/v2\/users\/1"}],"replies":[{"embeddable":true,"href":"https:\/\/conex.dk\/en\/wp-json\/wp\/v2\/comments?post=50"}],"version-history":[{"count":36,"href":"https:\/\/conex.dk\/en\/wp-json\/wp\/v2\/pages\/50\/revisions"}],"predecessor-version":[{"id":65297,"href":"https:\/\/conex.dk\/en\/wp-json\/wp\/v2\/pages\/50\/revisions\/65297"}],"wp:attachment":[{"href":"https:\/\/conex.dk\/en\/wp-json\/wp\/v2\/media?parent=50"}],"curies":[{"name":"wp","href":"https:\/\/api.w.org\/{rel}","templated":true}]}}