{"id":49482,"date":"2019-11-28T20:05:55","date_gmt":"2019-11-28T19:05:55","guid":{"rendered":"https:\/\/www.conex.webgain.dk\/?page_id=49482"},"modified":"2025-02-27T13:53:21","modified_gmt":"2025-02-27T12:53:21","slug":"conex-vinder-global-hospitality-awards-2019","status":"publish","type":"page","link":"https:\/\/conex.dk\/en\/conex-vinder-global-hospitality-awards-2019\/","title":{"rendered":"ConEx wins Global Hospitality Awards 2019"},"content":{"rendered":"<p>[et_pb_section fb_built=&#8221;1&#8243; _builder_version=&#8221;4.16&#8243; background_color=&#8221;rgba(0,0,0,0.25)&#8221; background_image=&#8221;https:\/\/conex.dk\/wp-content\/uploads\/2019\/11\/ConEx-konferenceservice.jpg&#8221; background_blend=&#8221;overlay&#8221; custom_padding=&#8221;80px|0px|80px|0px|true|false&#8221; global_colors_info=&#8221;{}&#8221;][et_pb_row _builder_version=&#8221;4.16&#8243; custom_padding=&#8221;|0px||0px|false|false&#8221; global_colors_info=&#8221;{}&#8221;][et_pb_column type=&#8221;4_4&#8243; _builder_version=&#8221;4.16&#8243; custom_padding=&#8221;|||&#8221; global_colors_info=&#8221;{}&#8221; custom_padding__hover=&#8221;|||&#8221;][et_pb_text _builder_version=&#8221;4.16&#8243; text_font=&#8221;Poppins|700|||||||&#8221; text_text_color=&#8221;#ffffff&#8221; text_font_size=&#8221;30px&#8221; header_font=&#8221;Poppins|700||on|||||&#8221; header_text_color=&#8221;#ffffff&#8221; header_font_size=&#8221;50px&#8221; header_line_height=&#8221;1.3em&#8221; text_orientation=&#8221;center&#8221; text_font_size_tablet=&#8221;&#8221; text_font_size_phone=&#8221;20px&#8221; text_font_size_last_edited=&#8221;on|desktop&#8221; global_colors_info=&#8221;{}&#8221;]<\/p>\n<h1>ConEx vinder Global Hospitality Awards 2019<\/h1>\n<p>[\/et_pb_text][et_pb_text _builder_version=&#8221;4.16&#8243; text_font=&#8221;Roboto|300|||||||&#8221; text_text_color=&#8221;#ffffff&#8221; text_font_size=&#8221;20px&#8221; text_line_height=&#8221;1.8em&#8221; text_orientation=&#8221;center&#8221; max_width=&#8221;80%&#8221; max_width_tablet=&#8221;80%&#8221; max_width_phone=&#8221;90%&#8221; max_width_last_edited=&#8221;on|desktop&#8221; module_alignment=&#8221;center&#8221; custom_margin=&#8221;-13px||&#8221; custom_padding=&#8221;0px||&#8221; global_colors_info=&#8221;{}&#8221;]<\/p>\n<p>LUXLife Magazine s\u00e6tter hvert \u00e5r fokus p\u00e5 g\u00e6stfrihed og servicefaget. I den forbindelse k\u00e5res der en r\u00e6kke vindere af Global Hospitality Awards priserne. ConEx vandt i 2019 denne pris.<\/p>\n<p>[\/et_pb_text][\/et_pb_column][\/et_pb_row][\/et_pb_section][et_pb_section fb_built=&#8221;1&#8243; _builder_version=&#8221;4.16&#8243; background_color=&#8221;#ededed&#8221; custom_padding=&#8221;40px|0px|40px|0px|true|false&#8221; global_colors_info=&#8221;{}&#8221;][et_pb_row _builder_version=&#8221;4.16&#8243; global_colors_info=&#8221;{}&#8221;][et_pb_column type=&#8221;4_4&#8243; _builder_version=&#8221;4.16&#8243; global_colors_info=&#8221;{}&#8221;][et_pb_image src=&#8221;https:\/\/conex.dk\/wp-content\/uploads\/2019\/11\/luxlife-hospitality-award.png&#8221; align=&#8221;center&#8221; _builder_version=&#8221;4.16&#8243; global_colors_info=&#8221;{}&#8221;][\/et_pb_image][\/et_pb_column][\/et_pb_row][\/et_pb_section][et_pb_section fb_built=&#8221;1&#8243; _builder_version=&#8221;4.27.4&#8243; _module_preset=&#8221;default&#8221; global_colors_info=&#8221;{}&#8221;][et_pb_row column_structure=&#8221;2_5,3_5&#8243; _builder_version=&#8221;4.27.4&#8243; _module_preset=&#8221;default&#8221; global_colors_info=&#8221;{}&#8221;][et_pb_column type=&#8221;2_5&#8243; _builder_version=&#8221;4.27.4&#8243; _module_preset=&#8221;default&#8221; global_colors_info=&#8221;{}&#8221;][et_pb_text _builder_version=&#8221;4.27.4&#8243; _module_preset=&#8221;default&#8221; hover_enabled=&#8221;0&#8243; global_colors_info=&#8221;{}&#8221; sticky_enabled=&#8221;0&#8243;]<\/p>\n<p><strong>LUX 2019 Global Hospitality Awards<\/strong><\/p>\n<h1 class=\"ql-block\" data-block-id=\"block-a14081a7-26ab-4be7-982e-7883a1a5c49a\"><strong><\/strong><\/h1>\n<h1 class=\"ql-block\" data-block-id=\"block-a14081a7-26ab-4be7-982e-7883a1a5c49a\"><strong><br \/><\/strong>ConEx:<\/h1>\n<h1 class=\"ql-block\" data-block-id=\"block-b03c89c5-f618-4506-a8e5-a93d32b85914\">Best Exhibition Management Service 2019<\/h1>\n<p>[\/et_pb_text][\/et_pb_column][et_pb_column type=&#8221;3_5&#8243; _builder_version=&#8221;4.27.4&#8243; _module_preset=&#8221;default&#8221; global_colors_info=&#8221;{}&#8221;][et_pb_image src=&#8221;https:\/\/conex.dk\/wp-content\/uploads\/2025\/02\/Global-Hospitality-Awards-2019.png&#8221; title_text=&#8221;Global Hospitality Awards 2019&#8243; _builder_version=&#8221;4.27.4&#8243; _module_preset=&#8221;default&#8221; hover_enabled=&#8221;0&#8243; global_colors_info=&#8221;{}&#8221; align=&#8221;right&#8221; sticky_enabled=&#8221;0&#8243;][\/et_pb_image][\/et_pb_column][\/et_pb_row][et_pb_row column_structure=&#8221;2_5,3_5&#8243; _builder_version=&#8221;4.27.4&#8243; _module_preset=&#8221;default&#8221; global_colors_info=&#8221;{}&#8221;][et_pb_column type=&#8221;2_5&#8243; _builder_version=&#8221;4.27.4&#8243; _module_preset=&#8221;default&#8221; global_colors_info=&#8221;{}&#8221;][et_pb_text _builder_version=&#8221;4.27.4&#8243; _module_preset=&#8221;default&#8221; hover_enabled=&#8221;0&#8243; global_colors_info=&#8221;{}&#8221; text_font_size=&#8221;20px&#8221; text_font=&#8221;||||||||&#8221; sticky_enabled=&#8221;0&#8243; custom_margin=&#8221;50px||||false|false&#8221; text_orientation=&#8221;justified&#8221;]<\/p>\n<p>From its base in Copenhagen ConEx plans, manages and hosts exhibitions for delegates across the healthcare industry. In celebration of the firm&#8217;s win in this year&#8217;s Hospitality Awards we offer an overview of how it works to ensure every guest makes the most out of its unique events.<\/p>\n<p>[\/et_pb_text][\/et_pb_column][et_pb_column type=&#8221;3_5&#8243; _builder_version=&#8221;4.27.4&#8243; _module_preset=&#8221;default&#8221; global_colors_info=&#8221;{}&#8221;][et_pb_image src=&#8221;https:\/\/conex.dk\/wp-content\/uploads\/2025\/02\/Global-Hospitality-Awards-2019-2.png&#8221; title_text=&#8221;Global Hospitality Awards 2019 (2)&#8221; _builder_version=&#8221;4.27.4&#8243; _module_preset=&#8221;default&#8221; hover_enabled=&#8221;0&#8243; global_colors_info=&#8221;{}&#8221; align=&#8221;right&#8221; sticky_enabled=&#8221;0&#8243;][\/et_pb_image][\/et_pb_column][\/et_pb_row][et_pb_row column_structure=&#8221;1_3,1_3,1_3&#8243; _builder_version=&#8221;4.27.4&#8243; _module_preset=&#8221;default&#8221; global_colors_info=&#8221;{}&#8221;][et_pb_column type=&#8221;1_3&#8243; _builder_version=&#8221;4.27.4&#8243; _module_preset=&#8221;default&#8221; global_colors_info=&#8221;{}&#8221;][et_pb_text _builder_version=&#8221;4.27.4&#8243; _module_preset=&#8221;default&#8221; hover_enabled=&#8221;0&#8243; global_colors_info=&#8221;{}&#8221; text_orientation=&#8221;justified&#8221; sticky_enabled=&#8221;0&#8243;]<\/p>\n<p>Through the organisation of innovative events, ConEx aims to establish equal contact between healthcare professionals and the healthcare industry.<\/p>\n<p>To achieve this, the firm\u2019s team understand that it is of paramount importance to ensure all parties enjoy the best possible conditions in connection with meetings, symposia, congresses and the like organized, and as such these are all driven by and for healthcare professionals specifically. Every aspect of each and every one of ConEx\u2019s events is designed with healthcare professionals in mind.<\/p>\n<p>[\/et_pb_text][et_pb_image src=&#8221;https:\/\/conex.dk\/wp-content\/uploads\/2025\/02\/Jan-Nordkvist.png&#8221; title_text=&#8221;Jan Nordkvist&#8221; _builder_version=&#8221;4.27.4&#8243; _module_preset=&#8221;default&#8221; custom_padding=&#8221;||28px|||&#8221; global_colors_info=&#8221;{}&#8221;][\/et_pb_image][\/et_pb_column][et_pb_column type=&#8221;1_3&#8243; _builder_version=&#8221;4.27.4&#8243; _module_preset=&#8221;default&#8221; global_colors_info=&#8221;{}&#8221;][et_pb_text _builder_version=&#8221;4.27.4&#8243; _module_preset=&#8221;default&#8221; hover_enabled=&#8221;0&#8243; global_colors_info=&#8221;{}&#8221; sticky_enabled=&#8221;0&#8243; text_orientation=&#8221;justified&#8221;]<\/p>\n<p>As part of this focus on crafting invaluable networking events for some of the healthcare market\u2019s brightest and best, ConEx negotiates and finalizes agreements with healthcare professionals and the event venue with regard to economic and practical conditions for the exhibitors. The firm\u2019s team assists and participates in the event planning, acting as the liaison throughout the duration of the project.<\/p>\n<p>Working throughout the process to ensure excellence for guests, ConEx ensures that the exhibition area is prepared and marked off according to the exhibition stand sketch. This will be taken care of the night prior to the event to give all parties sufficient time to get ready.<\/p>\n<p>The firm also has a strong hand in the planning of the events themselves, ensuring that exhibition hours are outlined in the professional program and encourages event organizers to emphasize the importance of visiting the exhibiting companies to the participants. This is to make certain that the collaboration between developers\/importers and the healthcare professionals will benefit everyone.<\/p>\n<div class=\"ql-block\" data-block-id=\"block-465d25c8-c558-405f-b23a-6e00039c1f91\"><strong><img loading=\"lazy\" decoding=\"async\" src=\"https:\/\/conex.dk\/wp-content\/uploads\/2019\/11\/ConEx-logo-300x59.png\" width=\"199\" height=\"39\" alt=\"ConEx logo\" class=\"wp-image-36 alignnone size-medium\" title=\"\"><\/strong><\/div>\n<div class=\"ql-block\" data-block-id=\"block-8e794cd6-06b2-447e-b66f-5b124e2e3b70\"><strong>Name:<\/strong> Jan Nordkvist<\/div>\n<div class=\"ql-block\" data-block-id=\"block-f4ace2dd-b42a-4919-82f8-03511abffd83\"><strong>Address:<\/strong> Milingvej 20, 3450 Aller\u00f8d<\/div>\n<div class=\"ql-block\" data-block-id=\"block-1302cac9-d13c-41af-b8ce-edc8fe5cfb42\"><strong>Telephone Number:<\/strong> +45 30965264<\/div>\n<div class=\"ql-block\" data-block-id=\"block-cd9700a3-81f9-4382-b4f5-ef2d9c11ae6c\"><strong>Web Address:<\/strong> <a class=\"ql-link\" href=\"http:\/\/www.conex.dk\/home\" rel=\"noopener noreferrer\" target=\"_blank\">www.conex.dk\/home<\/a><\/div>\n<p>[\/et_pb_text][\/et_pb_column][et_pb_column type=&#8221;1_3&#8243; _builder_version=&#8221;4.27.4&#8243; _module_preset=&#8221;default&#8221; global_colors_info=&#8221;{}&#8221;][et_pb_text _builder_version=&#8221;4.27.4&#8243; _module_preset=&#8221;default&#8221; hover_enabled=&#8221;0&#8243; global_colors_info=&#8221;{}&#8221; text_orientation=&#8221;justified&#8221; sticky_enabled=&#8221;0&#8243;]<\/p>\n<p>Thanks to its expertise in planning and organising these unique events, over the years the firm has gained a strong network of industry experts and companies, which it draws on to ensure every event is always filled with the most relevant minds, revolutionaries and pioneers in the healthcare space. ConEx maintains and constantly expands catalogue approx. 300 companies with an interest in exhibition activities within the field of healthcare. Once a cooperation agreement has been entered into with a group\/society of healthcare professionals, invitations will be sent out to all relevant companies in the catalogue, and they will have the chance to take part in one of ConEx\u2019s exciting events.<\/p>\n<p>As a small, niche company, ConEx is able to combine this extensive experience and vast network of contacts with a personal, supportive service to ensure that every event is perfectly coordinated, and every guest feels completely supported and welcomed from the moment they arrive.<\/p>\n<div class=\"ql-block\" data-block-id=\"block-35a34d73-6655-4b15-a235-7006a4dfd48f\">Seeking to build upon its current success, moving forward ConEx will be expanding, with more events set to be hosted across and outside of Europe over the coming years. The team are excited for the challenges that they and the wider healthcare market faces going forward, as they offer invigorating opportunities for greater collaboration and more diversity within the healthcare events space.<\/div>\n<div class=\"ql-block\" data-block-id=\"block-0eeafd74-c244-4df5-bc74-38420c70897c\"><strong><a class=\"ql-link\" href=\"http:\/\/www.lux-review.com\/\" rel=\"noopener noreferrer\" target=\"_blank\">www.lux-review.com<\/a><\/strong><\/div>\n<p>[\/et_pb_text][\/et_pb_column][\/et_pb_row][\/et_pb_section]<\/p>\n","protected":false},"excerpt":{"rendered":"<p>ConEx vinder Global Hospitality Awards 2019LUXLife Magazine s\u00e6tter hvert \u00e5r fokus p\u00e5 g\u00e6stfrihed og servicefaget. I den forbindelse k\u00e5res der en r\u00e6kke vindere af Global Hospitality Awards priserne. ConEx vandt i 2019 denne pris.LUX 2019 Global Hospitality Awards ConEx: Best Exhibition Management Service 2019From its base in Copenhagen ConEx plans, manages and hosts exhibitions for delegates across the healthcare industry. In celebration of the firm&#8217;s win in this year&#8217;s Hospitality Awards we offer an overview of how it works to ensure every guest makes the most out of its unique events.Through the organisation of innovative events, ConEx aims to establish equal contact between healthcare professionals and the healthcare industry. To achieve this, the firm\u2019s team understand that it is of paramount importance to ensure all parties enjoy the best possible conditions in connection with meetings, symposia, congresses and the like organized, and as such these are all driven by and for healthcare professionals specifically. Every aspect of each and every one of ConEx\u2019s events is designed with healthcare professionals in mind.As part of this focus on crafting invaluable networking events for some of the healthcare market\u2019s brightest and best, ConEx negotiates and finalizes agreements with healthcare professionals and the event [&hellip;]<\/p>\n","protected":false},"author":1,"featured_media":0,"parent":0,"menu_order":0,"comment_status":"closed","ping_status":"closed","template":"","meta":{"_acf_changed":false,"xn-wppe-expiration":[],"xn-wppe-expiration-action":[],"xn-wppe-expiration-prefix":[],"_et_pb_use_builder":"on","_et_pb_old_content":"","_et_gb_content_width":"","footnotes":""},"class_list":["post-49482","page","type-page","status-publish","hentry"],"acf":[],"_links":{"self":[{"href":"https:\/\/conex.dk\/en\/wp-json\/wp\/v2\/pages\/49482","targetHints":{"allow":["GET"]}}],"collection":[{"href":"https:\/\/conex.dk\/en\/wp-json\/wp\/v2\/pages"}],"about":[{"href":"https:\/\/conex.dk\/en\/wp-json\/wp\/v2\/types\/page"}],"author":[{"embeddable":true,"href":"https:\/\/conex.dk\/en\/wp-json\/wp\/v2\/users\/1"}],"replies":[{"embeddable":true,"href":"https:\/\/conex.dk\/en\/wp-json\/wp\/v2\/comments?post=49482"}],"version-history":[{"count":7,"href":"https:\/\/conex.dk\/en\/wp-json\/wp\/v2\/pages\/49482\/revisions"}],"predecessor-version":[{"id":62991,"href":"https:\/\/conex.dk\/en\/wp-json\/wp\/v2\/pages\/49482\/revisions\/62991"}],"wp:attachment":[{"href":"https:\/\/conex.dk\/en\/wp-json\/wp\/v2\/media?parent=49482"}],"curies":[{"name":"wp","href":"https:\/\/api.w.org\/{rel}","templated":true}]}}