{"id":49458,"date":"2019-11-28T19:32:38","date_gmt":"2019-11-28T18:32:38","guid":{"rendered":"https:\/\/www.conex.webgain.dk\/?page_id=49458"},"modified":"2024-12-18T10:32:20","modified_gmt":"2024-12-18T09:32:20","slug":"ydelser","status":"publish","type":"page","link":"https:\/\/conex.dk\/en\/ydelser\/","title":{"rendered":"Services"},"content":{"rendered":"<p>[et_pb_section fb_built=&#8221;1&#8243; _builder_version=&#8221;4.0.6&#8243; background_color=&#8221;rgba(28,46,251,0.25)&#8221; background_image=&#8221;http:\/\/conex.dk\/wp-content\/uploads\/2019\/11\/ydelser-udstillingsadministration.jpg&#8221; background_blend=&#8221;overlay&#8221; custom_padding=&#8221;120px||120px||true|false&#8221; bottom_divider_height=&#8221;66px&#8221;][et_pb_row _builder_version=&#8221;3.25&#8243;][et_pb_column type=&#8221;4_4&#8243; _builder_version=&#8221;3.25&#8243; custom_padding=&#8221;|||&#8221; custom_padding__hover=&#8221;|||&#8221;][et_pb_text _builder_version=&#8221;4.0.6&#8243; text_font=&#8221;Nunito||||||||&#8221; text_font_size=&#8221;15px&#8221; header_font=&#8221;Poppins|600||on|||||&#8221; header_text_align=&#8221;left&#8221; header_text_color=&#8221;#ffffff&#8221; header_font_size=&#8221;14px&#8221; header_letter_spacing=&#8221;2px&#8221; header_line_height=&#8221;1.3em&#8221; header_3_font=&#8221;Poppins|600||on|||||&#8221; header_3_text_align=&#8221;left&#8221; header_3_text_color=&#8221;#ffffff&#8221; header_3_font_size=&#8221;14px&#8221; header_3_letter_spacing=&#8221;2px&#8221; header_3_line_height=&#8221;1.3em&#8221; header_font_size_tablet=&#8221;&#8221; header_font_size_phone=&#8221;14px&#8221; header_font_size_last_edited=&#8221;on|phone&#8221; header_3_font_size_tablet=&#8221;&#8221; header_3_font_size_phone=&#8221;14px&#8221; header_3_font_size_last_edited=&#8221;on|phone&#8221;]<\/p>\n<h3>Ydelser indenfor<\/h3>\n<p>[\/et_pb_text][et_pb_text _builder_version=&#8221;4.0.6&#8243; text_font=&#8221;Nunito||||||||&#8221; text_font_size=&#8221;15px&#8221; header_font=&#8221;Poppins|700||on|||||&#8221; header_text_align=&#8221;left&#8221; header_text_color=&#8221;#ffffff&#8221; header_font_size=&#8221;40px&#8221; header_line_height=&#8221;1.3em&#8221; custom_margin=&#8221;-28px|||&#8221; header_font_size_tablet=&#8221;&#8221; header_font_size_phone=&#8221;25px&#8221; header_font_size_last_edited=&#8221;on|phone&#8221;]<\/p>\n<h1>udstillingsadministration<\/h1>\n<p>[\/et_pb_text][et_pb_button button_url=&#8221;\/kontakt\/&#8221; button_text=&#8221;Kontakt os for mere information&#8221; button_alignment=&#8221;left&#8221; _builder_version=&#8221;4.0.6&#8243; custom_button=&#8221;on&#8221; button_text_size=&#8221;14px&#8221; button_text_color=&#8221;#000000&#8243; button_bg_color=&#8221;#ffffff&#8221; button_border_width=&#8221;1px&#8221; button_border_color=&#8221;#ffffff&#8221; button_border_radius=&#8221;0px&#8221; button_letter_spacing=&#8221;1px&#8221; button_font=&#8221;Poppins|||on|||||&#8221; button_use_icon=&#8221;off&#8221; custom_margin=&#8221;||&#8221; custom_padding=&#8221;17px|30px|17px|30px|true|true&#8221; button_bg_color__hover_enabled=&#8221;on&#8221; button_bg_color__hover=&#8221;#bfbfbf&#8221; button_letter_spacing__hover_enabled=&#8221;on&#8221; button_letter_spacing__hover=&#8221;2px&#8221; button_border_color__hover_enabled=&#8221;on&#8221; button_border_color__hover=&#8221;#bfbfbf&#8221; button_text_color__hover_enabled=&#8221;on&#8221; button_text_color__hover=&#8221;#474747&#8243;][\/et_pb_button][\/et_pb_column][\/et_pb_row][\/et_pb_section][et_pb_section fb_built=&#8221;1&#8243; _builder_version=&#8221;4.0.6&#8243; background_enable_color=&#8221;off&#8221; custom_padding=&#8221;40px|0px|40px|0px|true|false&#8221;][et_pb_row column_structure=&#8221;1_2,1_2&#8243; use_custom_gutter=&#8221;on&#8221; make_equal=&#8221;on&#8221; padding_top_bottom_link_1=&#8221;false&#8221; _builder_version=&#8221;4.0.6&#8243;][et_pb_column type=&#8221;1_2&#8243; _builder_version=&#8221;3.25&#8243; custom_padding=&#8221;12px||35px|&#8221; custom_padding_tablet=&#8221;&#8221; custom_padding_phone=&#8221;0px||0px&#8221; custom_padding_last_edited=&#8221;on|desktop&#8221; custom_padding__hover=&#8221;|||&#8221;][et_pb_text _builder_version=&#8221;4.0.6&#8243; text_font=&#8221;Poppins|700||on|||||&#8221; text_text_color=&#8221;#000000&#8243; text_font_size=&#8221;30px&#8221; text_line_height=&#8221;1.2em&#8221; header_2_font=&#8221;|700||on|||||&#8221; header_2_font_size=&#8221;30px&#8221; header_2_line_height=&#8221;1.2em&#8221; custom_padding=&#8221;|||&#8221; text_font_size_tablet=&#8221;&#8221; text_font_size_phone=&#8221;25px&#8221; text_font_size_last_edited=&#8221;on|desktop&#8221; text_line_height_phone=&#8221;1.5em&#8221; text_line_height_last_edited=&#8221;off|phone&#8221;]<\/p>\n<h2>Vi g\u00f8r det let at holde konferencer<\/h2>\n<p>[\/et_pb_text][et_pb_text _builder_version=&#8221;4.0.6&#8243; text_font=&#8221;|300|||||||&#8221; text_text_color=&#8221;#000000&#8243; text_line_height=&#8221;1.8em&#8221; custom_margin=&#8221;-19px|||&#8221;]<\/p>\n<p>ConEx har en grundig udstillingsadministration planlagt til din konference, st\u00f8ttet af et fremragende team \u2013 fra salg til gennemf\u00f8relsen p\u00e5 stedet, kan du v\u00e6re sikker p\u00e5, at ConEx vil tilbyde dit arrangement den bedste service.<\/p>\n<p>[\/et_pb_text][et_pb_blurb title=&#8221;Sponsorship og udstillingssalg&#8221; use_icon=&#8221;on&#8221; font_icon=&#8221;%%253%%&#8221; icon_color=&#8221;#1C2EFB&#8221; icon_placement=&#8221;left&#8221; use_icon_font_size=&#8221;on&#8221; icon_font_size=&#8221;50px&#8221; _builder_version=&#8221;4.0.6&#8243; header_font=&#8221;|600|||||||&#8221; header_text_color=&#8221;#000000&#8243; header_font_size=&#8221;20px&#8221; header_line_height=&#8221;1.3em&#8221; body_font=&#8221;|300|||||||&#8221; body_text_color=&#8221;#000000&#8243; body_font_size=&#8221;15px&#8221; body_line_height=&#8221;1.8em&#8221; custom_padding=&#8221;|47px||&#8221; animation=&#8221;off&#8221; border_width_top_image=&#8221;5px&#8221; border_color_top_image=&#8221;rgba(0,0,0,0)&#8221; border_width_right_image=&#8221;9px&#8221; border_color_right_image=&#8221;rgba(0,0,0,0)&#8221;]<\/p>\n<p><span>Vores salgsteam starter processen for din udstillingsadministration med grundig unders\u00f8gelse af potentielle sponsorer. Vi analyserer potentielle sponsorindt\u00e6gter og priser, hvilket g\u00f8r dine sponsorer og udstillende virksomheder til en ligev\u00e6rdig partner.<\/span><\/p>\n<p>[\/et_pb_blurb][et_pb_blurb title=&#8221;Planl\u00e6gning og gennemf\u00f8relse p\u00e5 stedet&#8221; use_icon=&#8221;on&#8221; font_icon=&#8221;%%276%%&#8221; icon_color=&#8221;#1C2EFB&#8221; icon_placement=&#8221;left&#8221; use_icon_font_size=&#8221;on&#8221; icon_font_size=&#8221;50px&#8221; _builder_version=&#8221;4.0.6&#8243; header_font=&#8221;|600|||||||&#8221; header_text_color=&#8221;#000000&#8243; header_font_size=&#8221;20px&#8221; header_line_height=&#8221;1.3em&#8221; body_font=&#8221;|300|||||||&#8221; body_text_color=&#8221;#000000&#8243; body_font_size=&#8221;15px&#8221; body_line_height=&#8221;1.8em&#8221; custom_padding=&#8221;|47px||&#8221; animation=&#8221;off&#8221; border_width_top_image=&#8221;5px&#8221; border_color_top_image=&#8221;rgba(0,0,0,0)&#8221; border_width_right_image=&#8221;9px&#8221; border_color_right_image=&#8221;rgba(0,0,0,0)&#8221;]<\/p>\n<p>At s\u00f8rge for at din udstilling l\u00f8ber planm\u00e6ssigt og find plads i din dagligdag for at udforske alle de bedste sponsor- og udstillingsmuligheder, er tidskr\u00e6vende og kompleks \u2013 medmindre du lader os hj\u00e6lpe dig!<\/p>\n<p>[\/et_pb_blurb][et_pb_blurb title=&#8221;Alt indenfor udstillingsadministration&#8221; use_icon=&#8221;on&#8221; font_icon=&#8221;%%260%%&#8221; icon_color=&#8221;#1C2EFB&#8221; icon_placement=&#8221;left&#8221; use_icon_font_size=&#8221;on&#8221; icon_font_size=&#8221;50px&#8221; _builder_version=&#8221;4.0.6&#8243; header_font=&#8221;|600|||||||&#8221; header_text_color=&#8221;#000000&#8243; header_font_size=&#8221;20px&#8221; header_line_height=&#8221;1.3em&#8221; body_font=&#8221;|300|||||||&#8221; body_text_color=&#8221;#000000&#8243; body_font_size=&#8221;15px&#8221; body_line_height=&#8221;1.8em&#8221; custom_padding=&#8221;|47px||&#8221; animation=&#8221;off&#8221; border_width_top_image=&#8221;5px&#8221; border_color_top_image=&#8221;rgba(0,0,0,0)&#8221; border_width_right_image=&#8221;9px&#8221; border_color_right_image=&#8221;rgba(0,0,0,0)&#8221;]<\/p>\n<ul>\n<li>Udvikling af din udstiller og sponsor databaser<\/li>\n<li>Producerer pakker for at tiltr\u00e6kke de bedste sponsorer<\/li>\n<li>Aftaleindg\u00e5else med dine sponsorer<\/li>\n<li>Kontakten med dine sponsorer og udstillere<\/li>\n<li>Hj\u00e6lper dine sponsorer til at opn\u00e5 deres investerings afkast<\/li>\n<li>Produktion af din stand plan og udstillingsguider<\/li>\n<li>Markedsf\u00f8re din udstilling p\u00e5 alle relevante fora<\/li>\n<li>Tilbyder dig fuld udstillingsadministration p\u00e5 stedet<\/li>\n<li>Gennemf\u00f8re risikovurderinger og h\u00e5ndtering af sundhed og sikkerhed<\/li>\n<\/ul>\n<p>[\/et_pb_blurb][\/et_pb_column][et_pb_column type=&#8221;1_2&#8243; _builder_version=&#8221;4.0.6&#8243; background_image=&#8221;http:\/\/conex.dk\/wp-content\/uploads\/2019\/11\/udstillingsadministration.jpg&#8221; custom_padding=&#8221;|||&#8221; custom_padding__hover=&#8221;|||&#8221;][et_pb_divider show_divider=&#8221;off&#8221; disabled_on=&#8221;off|off|on&#8221; _builder_version=&#8221;3.23.3&#8243; custom_padding=&#8221;32%||32%||true&#8221;][\/et_pb_divider][\/et_pb_column][\/et_pb_row][\/et_pb_section][et_pb_section fb_built=&#8221;1&#8243; _builder_version=&#8221;3.23.3&#8243; custom_padding=&#8221;0px|0px|0px|0px|true|false&#8221;][et_pb_row _builder_version=&#8221;3.25&#8243; custom_padding=&#8221;|0px||0px|false|false&#8221;][et_pb_column type=&#8221;4_4&#8243; _builder_version=&#8221;3.25&#8243; custom_padding=&#8221;|||&#8221; custom_padding__hover=&#8221;|||&#8221;][et_pb_text _builder_version=&#8221;4.0.6&#8243; text_font=&#8221;Poppins|700|||||||&#8221; text_text_color=&#8221;#000000&#8243; text_font_size=&#8221;30px&#8221; header_2_font=&#8221;|700|||||||&#8221; header_2_font_size=&#8221;30px&#8221; text_orientation=&#8221;center&#8221; text_font_size_tablet=&#8221;&#8221; text_font_size_phone=&#8221;20px&#8221; text_font_size_last_edited=&#8221;on|desktop&#8221;]<\/p>\n<h2>Vores fokus<\/h2>\n<p>[\/et_pb_text][\/et_pb_column][\/et_pb_row][et_pb_row column_structure=&#8221;1_3,1_3,1_3&#8243; use_custom_gutter=&#8221;on&#8221; gutter_width=&#8221;2&#8243; _builder_version=&#8221;3.25&#8243; custom_padding=&#8221;||50px|||&#8221;][et_pb_column type=&#8221;1_3&#8243; _builder_version=&#8221;3.25&#8243; custom_padding=&#8221;|||&#8221; custom_padding__hover=&#8221;|||&#8221;][et_pb_blurb title=&#8221;M\u00e5l&#8221; image=&#8221;http:\/\/conex.dk\/wp-content\/uploads\/2019\/11\/sundhedsektor-samarbejde-kvadratisk.jpg&#8221; image_max_width=&#8221;200px&#8221; content_max_width=&#8221;100%&#8221; _builder_version=&#8221;4.0.6&#8243; header_font=&#8221;Poppins|600||on|||||&#8221; header_text_align=&#8221;center&#8221; header_text_color=&#8221;#000000&#8243; header_font_size=&#8221;20px&#8221; header_line_height=&#8221;1.5em&#8221; body_font=&#8221;Roboto|300|||||||&#8221; body_text_align=&#8221;center&#8221; body_text_color=&#8221;#000000&#8243; body_font_size=&#8221;15px&#8221; body_line_height=&#8221;1.8em&#8221; custom_padding=&#8221;|13px||13px||true&#8221; animation=&#8221;off&#8221; border_radii_image=&#8221;on|1000px|1000px|1000px|1000px&#8221;]<\/p>\n<p>Sundhedspersonerne og Sundhedsvirksomhederne indg\u00e5r samarbejde som gavner det danske sundhedsv\u00e6sen.<\/p>\n<p>[\/et_pb_blurb][\/et_pb_column][et_pb_column type=&#8221;1_3&#8243; _builder_version=&#8221;3.25&#8243; custom_padding=&#8221;|||&#8221; custom_padding__hover=&#8221;|||&#8221;][et_pb_blurb title=&#8221;Vision&#8221; image=&#8221;http:\/\/conex.dk\/wp-content\/uploads\/2019\/11\/ligev\u00e6rdigt-samarbejde-kvadratisk.jpg&#8221; image_max_width=&#8221;200px&#8221; content_max_width=&#8221;100%&#8221; _builder_version=&#8221;4.0.6&#8243; header_font=&#8221;Poppins|600||on|||||&#8221; header_text_align=&#8221;center&#8221; header_text_color=&#8221;#000000&#8243; header_font_size=&#8221;20px&#8221; header_line_height=&#8221;1.5em&#8221; body_font=&#8221;Roboto|300|||||||&#8221; body_text_align=&#8221;center&#8221; body_text_color=&#8221;#000000&#8243; body_font_size=&#8221;15px&#8221; body_line_height=&#8221;1.8em&#8221; custom_padding=&#8221;|13px||13px||true&#8221; animation=&#8221;off&#8221; border_radii_image=&#8221;on|1000px|1000px|1000px|1000px&#8221;]<\/p>\n<p>Det ligev\u00e6rdige samarbejde mellem sundhedsv\u00e6senets parter.<\/p>\n<p>[\/et_pb_blurb][\/et_pb_column][et_pb_column type=&#8221;1_3&#8243; _builder_version=&#8221;3.25&#8243; custom_padding=&#8221;|||&#8221; custom_padding__hover=&#8221;|||&#8221;][et_pb_blurb title=&#8221;V\u00e6rdim\u00e5l&#8221; image=&#8221;http:\/\/conex.dk\/wp-content\/uploads\/2019\/11\/gavner-patienten.jpg&#8221; image_max_width=&#8221;200px&#8221; content_max_width=&#8221;100%&#8221; _builder_version=&#8221;4.0.6&#8243; header_font=&#8221;Poppins|600||on|||||&#8221; header_text_align=&#8221;center&#8221; header_text_color=&#8221;#000000&#8243; header_font_size=&#8221;20px&#8221; header_line_height=&#8221;1.5em&#8221; body_font=&#8221;Roboto|300|||||||&#8221; body_text_align=&#8221;center&#8221; body_text_color=&#8221;#000000&#8243; body_font_size=&#8221;15px&#8221; body_line_height=&#8221;1.8em&#8221; custom_padding=&#8221;|13px||13px||true&#8221; animation=&#8221;off&#8221; border_radii_image=&#8221;on|1000px|1000px|1000px|1000px&#8221;]<\/p>\n<p>En sundhedsperson og en sundhedsvirksomhed indg\u00e5r et v\u00e6rdifuldt samarbejde som gavner patienten.<\/p>\n<p>[\/et_pb_blurb][\/et_pb_column][\/et_pb_row][\/et_pb_section][et_pb_section fb_built=&#8221;1&#8243; _builder_version=&#8221;3.22.3&#8243; background_color=&#8221;#ffffff&#8221; custom_padding=&#8221;0px||0px||true&#8221; global_module=&#8221;50220&#8243;][et_pb_row column_structure=&#8221;1_2,1_2&#8243; use_custom_gutter=&#8221;on&#8221; gutter_width=&#8221;1&#8243; make_equal=&#8221;on&#8221; padding_top_bottom_link_1=&#8221;true&#8221; padding_top_bottom_link_2=&#8221;true&#8221; padding_left_right_link_1=&#8221;true&#8221; padding_left_right_link_2=&#8221;true&#8221; module_class=&#8221; et_pb_row_fullwidth&#8221; _builder_version=&#8221;4.0.6&#8243; width=&#8221;100%&#8221; width_tablet=&#8221;100%&#8221; width_phone=&#8221;&#8221; width_last_edited=&#8221;on|desktop&#8221; max_width=&#8221;100%&#8221; max_width_tablet=&#8221;100%&#8221; max_width_phone=&#8221;&#8221; max_width_last_edited=&#8221;on|desktop&#8221; custom_padding=&#8221;0px||0px|&#8221; make_fullwidth=&#8221;on&#8221;][et_pb_column type=&#8221;1_2&#8243; _builder_version=&#8221;4.0.6&#8243; background_color=&#8221;rgba(28,46,251,0.25)&#8221; background_image=&#8221;http:\/\/conex.dk\/wp-content\/uploads\/2019\/11\/kontakt-os.jpg&#8221; background_blend=&#8221;overlay&#8221; custom_padding=&#8221;|||&#8221; custom_padding__hover=&#8221;|||&#8221;][et_pb_divider show_divider=&#8221;off&#8221; disabled_on=&#8221;off|off|on&#8221; _builder_version=&#8221;3.23.3&#8243; custom_padding=&#8221;22%||22%||true&#8221;][\/et_pb_divider][\/et_pb_column][et_pb_column type=&#8221;1_2&#8243; _builder_version=&#8221;3.25&#8243; background_color=&#8221;#ededed&#8221; custom_padding=&#8221;7%|7%|7%|7%&#8221; custom_padding__hover=&#8221;|||&#8221;][et_pb_text _builder_version=&#8221;4.0.6&#8243; header_font=&#8221;||||||||&#8221; header_2_font=&#8221;Poppins|600||on|||||&#8221; header_2_text_color=&#8221;#000000&#8243; header_2_font_size=&#8221;14px&#8221; header_2_letter_spacing=&#8221;2px&#8221; header_2_line_height=&#8221;1.3em&#8221; header_3_font=&#8221;Poppins|600||on|||||&#8221; header_3_text_color=&#8221;#000000&#8243; header_3_font_size=&#8221;14px&#8221; header_3_letter_spacing=&#8221;2px&#8221; header_3_line_height=&#8221;1.3em&#8221; custom_padding=&#8221;|||&#8221;]<\/p>\n<h3>Vil du h\u00f8re mere?<\/h3>\n<p>[\/et_pb_text][et_pb_text _builder_version=&#8221;4.0.6&#8243; header_font=&#8221;Poppins|700||on|||||&#8221; header_text_color=&#8221;#000000&#8243; header_line_height=&#8221;1.4em&#8221; header_2_font=&#8221;Poppins|700||on|||||&#8221; header_2_text_color=&#8221;#000000&#8243; header_2_line_height=&#8221;1.4em&#8221; custom_margin=&#8221;|||&#8221; custom_padding=&#8221;|||&#8221; header_font_size_tablet=&#8221;&#8221; header_font_size_phone=&#8221;25px&#8221; header_font_size_last_edited=&#8221;on|tablet&#8221; header_2_font_size_tablet=&#8221;&#8221; header_2_font_size_phone=&#8221;25px&#8221; header_2_font_size_last_edited=&#8221;on|tablet&#8221;]<\/p>\n<h2>Kontakt os<\/h2>\n<p>[\/et_pb_text][et_pb_divider color=&#8221;#000000&#8243; divider_weight=&#8221;3px&#8221; _builder_version=&#8221;3.23.3&#8243; max_width=&#8221;100px&#8221; module_alignment=&#8221;left&#8221; custom_margin=&#8221;|||&#8221; custom_padding=&#8221;7px||0px&#8221;][\/et_pb_divider][et_pb_text _builder_version=&#8221;4.0.6&#8243; text_font=&#8221;Roboto|300|||||||&#8221; text_text_color=&#8221;#000000&#8243; text_line_height=&#8221;1.8em&#8221; header_font=&#8221;Merriweather|700|||||||&#8221; header_text_color=&#8221;#443846&#8243; header_font_size=&#8221;43px&#8221; header_2_font=&#8221;||||||||&#8221; header_2_font_size=&#8221;15px&#8221; custom_margin=&#8221;|||&#8221; custom_padding=&#8221;||34px|&#8221;]<\/p>\n<p>Vi st\u00e5r klar til at planl\u00e6gge og eksekvere udstillingsadministrationen til din n\u00e6ste konference. Tag kontakt til os i dag for at h\u00f8re mere om hvad vi kan g\u00f8re for dig og din organisation.<\/p>\n<p>[\/et_pb_text][et_pb_button button_url=&#8221;\/kontakt\/&#8221; button_text=&#8221;Kontakt os i dag&#8221; button_alignment=&#8221;left&#8221; _builder_version=&#8221;4.0.6&#8243; custom_button=&#8221;on&#8221; button_text_size=&#8221;14px&#8221; button_text_color=&#8221;#ffffff&#8221; button_bg_color=&#8221;#383838&#8243; button_border_width=&#8221;1px&#8221; button_border_color=&#8221;#383838&#8243; button_border_radius=&#8221;0px&#8221; button_letter_spacing=&#8221;1px&#8221; button_font=&#8221;Poppins|||on|||||&#8221; button_use_icon=&#8221;off&#8221; custom_margin=&#8221;-7px||&#8221; custom_padding=&#8221;17px|30px|17px|30px|true|true&#8221; button_bg_color__hover_enabled=&#8221;on&#8221; button_bg_color__hover=&#8221;#bfbfbf&#8221; button_letter_spacing__hover_enabled=&#8221;on&#8221; button_letter_spacing__hover=&#8221;2px&#8221; button_border_color__hover_enabled=&#8221;on&#8221; button_border_color__hover=&#8221;#bfbfbf&#8221; button_text_color__hover_enabled=&#8221;on&#8221; button_text_color__hover=&#8221;#000000&#8243;][\/et_pb_button][\/et_pb_column][\/et_pb_row][\/et_pb_section]<\/p>\n","protected":false},"excerpt":{"rendered":"<p>Ydelser indenforudstillingsadministrationVi g\u00f8r det let at holde konferencerConEx har en grundig udstillingsadministration planlagt til din konference, st\u00f8ttet af et fremragende team \u2013 fra salg til gennemf\u00f8relsen p\u00e5 stedet, kan du v\u00e6re sikker p\u00e5, at ConEx vil tilbyde dit arrangement den bedste service.Vores salgsteam starter processen for din udstillingsadministration med grundig unders\u00f8gelse af potentielle sponsorer. Vi analyserer potentielle sponsorindt\u00e6gter og priser, hvilket g\u00f8r dine sponsorer og udstillende virksomheder til en ligev\u00e6rdig partner.At s\u00f8rge for at din udstilling l\u00f8ber planm\u00e6ssigt og find plads i din dagligdag for at udforske alle de bedste sponsor- og udstillingsmuligheder, er tidskr\u00e6vende og kompleks \u2013 medmindre du lader os hj\u00e6lpe dig! Udvikling af din udstiller og sponsor databaser Producerer pakker for at tiltr\u00e6kke de bedste sponsorer Aftaleindg\u00e5else med dine sponsorer Kontakten med dine sponsorer og udstillere Hj\u00e6lper dine sponsorer til at opn\u00e5 deres investerings afkast Produktion af din stand plan og udstillingsguider Markedsf\u00f8re din udstilling p\u00e5 alle relevante fora Tilbyder dig fuld udstillingsadministration p\u00e5 stedet Gennemf\u00f8re risikovurderinger og h\u00e5ndtering af sundhed og sikkerhed Vores fokusSundhedspersonerne og Sundhedsvirksomhederne indg\u00e5r samarbejde som gavner det danske sundhedsv\u00e6sen.Det ligev\u00e6rdige samarbejde mellem sundhedsv\u00e6senets parter.En sundhedsperson og en sundhedsvirksomhed indg\u00e5r et v\u00e6rdifuldt samarbejde som gavner patienten.Vil du h\u00f8re mere?Kontakt osVi st\u00e5r klar til [&hellip;]<\/p>\n","protected":false},"author":1,"featured_media":0,"parent":0,"menu_order":0,"comment_status":"closed","ping_status":"closed","template":"","meta":{"_acf_changed":false,"xn-wppe-expiration":[],"xn-wppe-expiration-action":[],"xn-wppe-expiration-prefix":[],"_et_pb_use_builder":"on","_et_pb_old_content":"<!-- wp:divi\/placeholder \/-->","_et_gb_content_width":"","footnotes":""},"class_list":["post-49458","page","type-page","status-publish","hentry"],"acf":[],"_links":{"self":[{"href":"https:\/\/conex.dk\/en\/wp-json\/wp\/v2\/pages\/49458","targetHints":{"allow":["GET"]}}],"collection":[{"href":"https:\/\/conex.dk\/en\/wp-json\/wp\/v2\/pages"}],"about":[{"href":"https:\/\/conex.dk\/en\/wp-json\/wp\/v2\/types\/page"}],"author":[{"embeddable":true,"href":"https:\/\/conex.dk\/en\/wp-json\/wp\/v2\/users\/1"}],"replies":[{"embeddable":true,"href":"https:\/\/conex.dk\/en\/wp-json\/wp\/v2\/comments?post=49458"}],"version-history":[{"count":9,"href":"https:\/\/conex.dk\/en\/wp-json\/wp\/v2\/pages\/49458\/revisions"}],"predecessor-version":[{"id":62598,"href":"https:\/\/conex.dk\/en\/wp-json\/wp\/v2\/pages\/49458\/revisions\/62598"}],"wp:attachment":[{"href":"https:\/\/conex.dk\/en\/wp-json\/wp\/v2\/media?parent=49458"}],"curies":[{"name":"wp","href":"https:\/\/api.w.org\/{rel}","templated":true}]}}